{"id":133776,"date":"2024-02-26T11:01:32","date_gmt":"2024-02-26T09:01:32","guid":{"rendered":"https:\/\/totalblue.ro\/?post_type=product&#038;p=133776"},"modified":"2025-08-20T09:21:45","modified_gmt":"2025-08-20T06:21:45","slug":"sacla-sos-bio-rosii-uscate-si-rucola-190-g","status":"publish","type":"product","link":"https:\/\/totalblue.ro\/it\/produs\/sacla-sos-bio-rosii-uscate-si-rucola-190-g\/","title":{"rendered":"Sacchetto di salsa biologica Pomodori secchi e rucola, 190 g"},"content":{"rendered":"<p>Vegetariano<br \/>\nOrganic<br \/>\nSenza glutine<br \/>\nIngrediente:<br \/>\nIngrediente: rosii* 69% (rosii taiate cubulete*, suc de rosii*, rosii dublu concentrat*), ulei de floarea soarelui, rosii uscate* 5%, Parmigiano Reggiano DOP (LAPTE*), ceapa*, rucola* 2%, TELINA*, porumb amidon, trestie de zahar*, sare, regulator de aciditate: acid lactic, oregano uscat*, pudra de chili*, piper negru*. *Ingrediente din agricultura ecologica certificata.<br \/>\nValori nutrizionali \/ 100 g:<br \/>\nEnergie: 779 kJ\/ 188 kcal<br \/>\nGrasimi: 16 g din care acizi grasi saturati: 2.3 g<br \/>\nCarbohidrati 7.6 g sau care zaharuri 4.7 g<br \/>\nProteine: 3.2 g<br \/>\nSare: 1 g<br \/>\nSacl\u00e0 unisce passione, tradizione e i migliori ingredienti per portare in tavola i migliori prodotti italiani. I prodotti italiani Sacl\u00e0 sono preparati sulla base di ricette originali italiane e convincono per il loro sapore e la loro qualit\u00e0. Che si tratti di pesto, salse, antipasti, oli d'oliva, qualit\u00e0 biologica o ricette vegane: Sacl\u00e0 offre una vasta gamma di prelibatezze italiane e porta il piacere italiano nella vostra cucina!<br \/>\nSosul bio cu rosii uscate si rucola este combinatia perfecta cu pastele proaspete si impresioneaza prin ingredientele sale, care provin din agricultura ecologica controlata.<br \/>\nSe amesteca doua linguri de sos de persoana in pastele fierbinti, scurse. Serviti imediat!<br \/>\nSfatul nostru: intindeti putin sos pe paine ciabatta calda si acoperiti-o cu sunca sau branza.<br \/>\n<a href=\"https:\/\/totalblue.ro\/wp-content\/uploads\/2021\/02\/bio01.jpg\"><img loading=\"lazy\" decoding=\"async\" class=\"alignnone wp-image-27484\" src=\"https:\/\/totalblue.ro\/wp-content\/uploads\/2021\/02\/bio01.jpg\" alt=\"\" width=\"64\" height=\"64\" \/><\/a> <a href=\"https:\/\/totalblue.ro\/wp-content\/uploads\/2021\/02\/bio-badge.png\"><img loading=\"lazy\" decoding=\"async\" class=\"alignnone wp-image-27470\" src=\"https:\/\/totalblue.ro\/wp-content\/uploads\/2021\/02\/bio-badge.png\" alt=\"\" width=\"63\" height=\"63\" \/><\/a><\/p>","protected":false},"excerpt":{"rendered":"<p>Vegetarian Organic Fara gluten Ingrediente: Ingrediente: rosii* 69% (rosii taiate cubulete*, suc de rosii*, rosii dublu concentrat*), ulei de floarea soarelui, rosii uscate* 5%, Parmigiano Reggiano DOP (LAPTE*), ceapa*, rucola* 2%, TELINA*, porumb amidon, trestie de zahar*, sare, regulator de aciditate: acid lactic, oregano uscat*, pudra de chili*, piper negru*. *Ingrediente din agricultura ecologica certificata. [&#8230;]\n","protected":false},"featured_media":133783,"comment_status":"open","ping_status":"closed","template":"","meta":{"_acf_changed":false,"_seopress_robots_primary_cat":"none","_seopress_titles_title":"","_seopress_titles_desc":"","_seopress_robots_index":""},"product_brand":[12251],"product_cat":[1555,21858,1451,21410,3380,22076,21826,1950,18062,22064],"giftcard-category":[],"class_list":{"0":"post-133776","1":"product","2":"type-product","3":"status-publish","4":"has-post-thumbnail","6":"product_brand-sacla","7":"product_cat-bacanie","8":"product_cat-bio","9":"product_cat-condimente-produse-instant","10":"product_cat-condimente-sosuri-produse-italia","11":"product_cat-condimente-sosuri-produse-germania","12":"product_cat-fara-gluten","13":"product_cat-produse-bio-dietetice","14":"product_cat-produse-germania","15":"product_cat-produse-italia","16":"product_cat-vegetarian","18":"first","19":"outofstock","20":"taxable","21":"shipping-taxable","22":"purchasable","23":"product-type-simple"},"acf":[],"_links":{"self":[{"href":"https:\/\/totalblue.ro\/it\/wp-json\/wp\/v2\/product\/133776","targetHints":{"allow":["GET"]}}],"collection":[{"href":"https:\/\/totalblue.ro\/it\/wp-json\/wp\/v2\/product"}],"about":[{"href":"https:\/\/totalblue.ro\/it\/wp-json\/wp\/v2\/types\/product"}],"replies":[{"embeddable":true,"href":"https:\/\/totalblue.ro\/it\/wp-json\/wp\/v2\/comments?post=133776"}],"wp:featuredmedia":[{"embeddable":true,"href":"https:\/\/totalblue.ro\/it\/wp-json\/wp\/v2\/media\/133783"}],"wp:attachment":[{"href":"https:\/\/totalblue.ro\/it\/wp-json\/wp\/v2\/media?parent=133776"}],"wp:term":[{"taxonomy":"product_brand","embeddable":true,"href":"https:\/\/totalblue.ro\/it\/wp-json\/wp\/v2\/product_brand?post=133776"},{"taxonomy":"product_cat","embeddable":true,"href":"https:\/\/totalblue.ro\/it\/wp-json\/wp\/v2\/product_cat?post=133776"},{"taxonomy":"giftcard-category","embeddable":true,"href":"https:\/\/totalblue.ro\/it\/wp-json\/wp\/v2\/giftcard-category?post=133776"}],"curies":[{"name":"wp","href":"https:\/\/api.w.org\/{rel}","templated":true}]}}