{"id":133789,"date":"2024-02-26T11:07:13","date_gmt":"2024-02-26T09:07:13","guid":{"rendered":"https:\/\/totalblue.ro\/?post_type=product&#038;p=133789"},"modified":"2026-01-21T11:49:41","modified_gmt":"2026-01-21T09:49:41","slug":"sacchetto-di-pesto-cremoso-allarrabbiata-290g","status":"publish","type":"product","link":"https:\/\/totalblue.ro\/it\/produs\/sacla-creamy-pesto-arrabbiata-290g\/","title":{"rendered":"Sacl\u00e0 Pesto Cremoso Arrabbiata 290g"},"content":{"rendered":"<p>Ingredienti: passata di pomodoro 71%, olio di semi di girasole, fiocchi di pomodoro secco 4,1%, sale, aromi naturali, fruttosio, aceto di vino, cipolla in polvere, aglio, olio extravergine di oliva, peperoncino in polvere, pepe nero macinato, correttore di acidit\u00e0: acido lattico, zucchero.<br \/>\nValori nutrizionali \/ 100 g:<br \/>\nEnergia 917 kJ \/ 222 kcal<br \/>\nGrassi 19 g di cui acidi grassi saturi 2,2 g<br \/>\nCarboidrati 8,8 g di cui zucchero 5,6 g<br \/>\nProteine 2,3 g<br \/>\nsale 2 g<br \/>\nSacl\u00e0 unisce passione, tradizione e i migliori ingredienti per portare in tavola i migliori prodotti italiani. I prodotti italiani Sacl\u00e0 sono preparati sulla base di ricette originali italiane e convincono per il loro sapore e la loro qualit\u00e0. Che si tratti di pesto, salse, antipasti, oli d'oliva, qualit\u00e0 biologica o ricette vegane: Sacl\u00e0 offre una vasta gamma di prelibatezze italiane e porta il piacere italiano nella vostra cucina!<\/p>","protected":false},"excerpt":{"rendered":"<p>Ingrediente: Piure de rosii 71%, ulei de floarea soarelui, fulgi de rosii uscate 4,1%, sare, arome naturale, fructoza, otet de vin, praf de ceapa, usturoi, ulei de masline extravirgin, pudra de chili, piper negru macinat, regulator de aciditate: acid lactic, zahar. Valori nutritionale \/ 100 g: Energie 917 kJ \/ 222 kcal Grasimi 19 g [&#8230;]\n","protected":false},"featured_media":133795,"comment_status":"open","ping_status":"closed","template":"","meta":{"_acf_changed":false,"_seopress_robots_primary_cat":"none","_seopress_titles_title":"","_seopress_titles_desc":"","_seopress_robots_index":""},"product_brand":[12251],"product_cat":[1555,21410,3380,1451,1950,18062],"giftcard-category":[],"class_list":{"0":"post-133789","1":"product","2":"type-product","3":"status-publish","4":"has-post-thumbnail","6":"product_brand-sacla","7":"product_cat-bacanie","8":"product_cat-condimente-sosuri-produse-italia","9":"product_cat-condimente-sosuri-produse-germania","10":"product_cat-condimente-produse-instant","11":"product_cat-produse-germania","12":"product_cat-produse-italia","14":"first","15":"outofstock","16":"taxable","17":"shipping-taxable","18":"purchasable","19":"product-type-simple"},"acf":[],"_links":{"self":[{"href":"https:\/\/totalblue.ro\/it\/wp-json\/wp\/v2\/product\/133789","targetHints":{"allow":["GET"]}}],"collection":[{"href":"https:\/\/totalblue.ro\/it\/wp-json\/wp\/v2\/product"}],"about":[{"href":"https:\/\/totalblue.ro\/it\/wp-json\/wp\/v2\/types\/product"}],"replies":[{"embeddable":true,"href":"https:\/\/totalblue.ro\/it\/wp-json\/wp\/v2\/comments?post=133789"}],"wp:featuredmedia":[{"embeddable":true,"href":"https:\/\/totalblue.ro\/it\/wp-json\/wp\/v2\/media\/133795"}],"wp:attachment":[{"href":"https:\/\/totalblue.ro\/it\/wp-json\/wp\/v2\/media?parent=133789"}],"wp:term":[{"taxonomy":"product_brand","embeddable":true,"href":"https:\/\/totalblue.ro\/it\/wp-json\/wp\/v2\/product_brand?post=133789"},{"taxonomy":"product_cat","embeddable":true,"href":"https:\/\/totalblue.ro\/it\/wp-json\/wp\/v2\/product_cat?post=133789"},{"taxonomy":"giftcard-category","embeddable":true,"href":"https:\/\/totalblue.ro\/it\/wp-json\/wp\/v2\/giftcard-category?post=133789"}],"curies":[{"name":"wp","href":"https:\/\/api.w.org\/{rel}","templated":true}]}}