{"id":133803,"date":"2024-02-26T11:11:10","date_gmt":"2024-02-26T09:11:10","guid":{"rendered":"https:\/\/totalblue.ro\/?post_type=product&#038;p=133803"},"modified":"2025-08-07T14:06:08","modified_gmt":"2025-08-07T11:06:08","slug":"sacla-pesto-cremos-rosu-290g","status":"publish","type":"product","link":"https:\/\/totalblue.ro\/it\/produs\/sacla-pesto-cremos-rosu-290g\/","title":{"rendered":"Pesto cremoso rosso Sacl\u00e0 290g"},"content":{"rendered":"<p>Ingrediente: Rosii 50% (pulpa de rosii, suc de rosii, pasta de rosii dublu concentrata), ulei de floarea soarelui, sirop de glucoza, branza Grana Padano DOP 4% (lapte, OU), caju, sare, Aceto Balsamico di Modena IGP (otet de vin, must de struguri fiert) ), zahar, zer (LAPTE), branza Pecornio Romano DOP 1,3% (LAPTE), amidon de porumb, aroma naturala (BRANZA), usturoi, busuioc 0,2%, regulator de aciditate: acid lactic<br \/>\nValori nutrizionali \/ 100 g:<br \/>\nEnergie 1409 kJ \/ 340 kcal<br \/>\nGrasimi 30 g din care acizi grasi saturati 4,6 g<br \/>\nCarbohidrati 13 g din care zahar 9.8 g<br \/>\nProteine \u200b\u200b3.9 g<br \/>\nsare 3 g<br \/>\nPesto Rosso cremos de la Sacl\u00e1.<br \/>\nExcelent pentru rafinarea mancarurilor de paste.<br \/>\nGata de servit imediat<br \/>\nSacl\u00e0 unisce passione, tradizione e i migliori ingredienti per portare in tavola i migliori prodotti italiani. I prodotti italiani Sacl\u00e0 sono preparati sulla base di ricette originali italiane e convincono per il loro sapore e la loro qualit\u00e0. Che si tratti di pesto, salse, antipasti, oli d'oliva, qualit\u00e0 biologica o ricette vegane: Sacl\u00e0 offre una vasta gamma di prelibatezze italiane e porta il piacere italiano nella vostra cucina!<\/p>","protected":false},"excerpt":{"rendered":"<p>Ingrediente: Rosii 50% (pulpa de rosii, suc de rosii, pasta de rosii dublu concentrata), ulei de floarea soarelui, sirop de glucoza, branza Grana Padano DOP 4% (lapte, OU), caju, sare, Aceto Balsamico di Modena IGP (otet de vin, must de struguri fiert) ), zahar, zer (LAPTE), branza Pecornio Romano DOP 1,3% (LAPTE), amidon de porumb, [&#8230;]\n","protected":false},"featured_media":133809,"comment_status":"open","ping_status":"closed","template":"","meta":{"_acf_changed":false,"_seopress_robots_primary_cat":"none","_seopress_titles_title":"","_seopress_titles_desc":"","_seopress_robots_index":""},"product_brand":[12251],"product_cat":[1555,3380,1451,21410,1950,18062],"giftcard-category":[],"class_list":{"0":"post-133803","1":"product","2":"type-product","3":"status-publish","4":"has-post-thumbnail","6":"product_brand-sacla","7":"product_cat-bacanie","8":"product_cat-condimente-sosuri-produse-germania","9":"product_cat-condimente-produse-instant","10":"product_cat-condimente-sosuri-produse-italia","11":"product_cat-produse-germania","12":"product_cat-produse-italia","14":"first","15":"outofstock","16":"taxable","17":"shipping-taxable","18":"purchasable","19":"product-type-simple"},"acf":[],"_links":{"self":[{"href":"https:\/\/totalblue.ro\/it\/wp-json\/wp\/v2\/product\/133803","targetHints":{"allow":["GET"]}}],"collection":[{"href":"https:\/\/totalblue.ro\/it\/wp-json\/wp\/v2\/product"}],"about":[{"href":"https:\/\/totalblue.ro\/it\/wp-json\/wp\/v2\/types\/product"}],"replies":[{"embeddable":true,"href":"https:\/\/totalblue.ro\/it\/wp-json\/wp\/v2\/comments?post=133803"}],"wp:featuredmedia":[{"embeddable":true,"href":"https:\/\/totalblue.ro\/it\/wp-json\/wp\/v2\/media\/133809"}],"wp:attachment":[{"href":"https:\/\/totalblue.ro\/it\/wp-json\/wp\/v2\/media?parent=133803"}],"wp:term":[{"taxonomy":"product_brand","embeddable":true,"href":"https:\/\/totalblue.ro\/it\/wp-json\/wp\/v2\/product_brand?post=133803"},{"taxonomy":"product_cat","embeddable":true,"href":"https:\/\/totalblue.ro\/it\/wp-json\/wp\/v2\/product_cat?post=133803"},{"taxonomy":"giftcard-category","embeddable":true,"href":"https:\/\/totalblue.ro\/it\/wp-json\/wp\/v2\/giftcard-category?post=133803"}],"curies":[{"name":"wp","href":"https:\/\/api.w.org\/{rel}","templated":true}]}}