{"id":133815,"date":"2024-02-26T11:14:24","date_gmt":"2024-02-26T09:14:24","guid":{"rendered":"https:\/\/totalblue.ro\/?post_type=product&#038;p=133815"},"modified":"2025-08-07T14:06:06","modified_gmt":"2025-08-07T11:06:06","slug":"sacla-pesto-cremos-alla-genovese-290g","status":"publish","type":"product","link":"https:\/\/totalblue.ro\/it\/produs\/sacla-pesto-cremos-alla-genovese-290g\/","title":{"rendered":"Sacl\u00e0 Pesto Cremos Alla Genovese 290g"},"content":{"rendered":"<p>Ingrediente: Busuioc 41%, ulei de floarea soarelui, sirop de glucoza, zer praf (LAPTE), sare, caju, fulgi de cartofi (cartofi, condimente), branza 1,7% (LAPTE, OU) (branza, branza Grana Padano DOP), aroma naturala (LAPTE) , zer alb (LAPTE), regulator de aciditate: acid lactic, usturoi, nuci de pin.<br \/>\nUrme: Poate contine urme de alte nuci si alune.<br \/>\nEnergie 1638 kJ \/ 397 kcal<br \/>\nGrasimi 37 g din care acizi grasi saturati 4,8 g<br \/>\nCarbohidrati 12 g din care zahar 8,6 g<br \/>\nProteine \u200b\u200b3 g<br \/>\nsare 3 g<br \/>\nSacl\u00e0 Crem Pesto alla Genovese<br \/>\nIn mod traditional, genoveza<br \/>\nPerfect cu paste, adaugate in salate sau ca o baie<br \/>\nSacl\u00e0 unisce passione, tradizione e i migliori ingredienti per portare in tavola i migliori prodotti italiani. I prodotti italiani Sacl\u00e0 sono preparati sulla base di ricette originali italiane e convincono per il loro sapore e la loro qualit\u00e0. Che si tratti di pesto, salse, antipasti, oli d'oliva, qualit\u00e0 biologica o ricette vegane: Sacl\u00e0 offre una vasta gamma di prelibatezze italiane e porta il piacere italiano nella vostra cucina!<\/p>","protected":false},"excerpt":{"rendered":"<p>Ingrediente: Busuioc 41%, ulei de floarea soarelui, sirop de glucoza, zer praf (LAPTE), sare, caju, fulgi de cartofi (cartofi, condimente), branza 1,7% (LAPTE, OU) (branza, branza Grana Padano DOP), aroma naturala (LAPTE) , zer alb (LAPTE), regulator de aciditate: acid lactic, usturoi, nuci de pin. Urme: Poate contine urme de alte nuci si alune. Energie [&#8230;]\n","protected":false},"featured_media":133821,"comment_status":"open","ping_status":"closed","template":"","meta":{"_acf_changed":false,"_seopress_robots_primary_cat":"none","_seopress_titles_title":"","_seopress_titles_desc":"","_seopress_robots_index":""},"product_brand":[12251],"product_cat":[1555,21410,3380,1451,1950,18062],"giftcard-category":[],"class_list":{"0":"post-133815","1":"product","2":"type-product","3":"status-publish","4":"has-post-thumbnail","6":"product_brand-sacla","7":"product_cat-bacanie","8":"product_cat-condimente-sosuri-produse-italia","9":"product_cat-condimente-sosuri-produse-germania","10":"product_cat-condimente-produse-instant","11":"product_cat-produse-germania","12":"product_cat-produse-italia","14":"first","15":"outofstock","16":"taxable","17":"shipping-taxable","18":"purchasable","19":"product-type-simple"},"acf":[],"_links":{"self":[{"href":"https:\/\/totalblue.ro\/it\/wp-json\/wp\/v2\/product\/133815","targetHints":{"allow":["GET"]}}],"collection":[{"href":"https:\/\/totalblue.ro\/it\/wp-json\/wp\/v2\/product"}],"about":[{"href":"https:\/\/totalblue.ro\/it\/wp-json\/wp\/v2\/types\/product"}],"replies":[{"embeddable":true,"href":"https:\/\/totalblue.ro\/it\/wp-json\/wp\/v2\/comments?post=133815"}],"wp:featuredmedia":[{"embeddable":true,"href":"https:\/\/totalblue.ro\/it\/wp-json\/wp\/v2\/media\/133821"}],"wp:attachment":[{"href":"https:\/\/totalblue.ro\/it\/wp-json\/wp\/v2\/media?parent=133815"}],"wp:term":[{"taxonomy":"product_brand","embeddable":true,"href":"https:\/\/totalblue.ro\/it\/wp-json\/wp\/v2\/product_brand?post=133815"},{"taxonomy":"product_cat","embeddable":true,"href":"https:\/\/totalblue.ro\/it\/wp-json\/wp\/v2\/product_cat?post=133815"},{"taxonomy":"giftcard-category","embeddable":true,"href":"https:\/\/totalblue.ro\/it\/wp-json\/wp\/v2\/giftcard-category?post=133815"}],"curies":[{"name":"wp","href":"https:\/\/api.w.org\/{rel}","templated":true}]}}