{"id":134184,"date":"2024-02-27T10:50:53","date_gmt":"2024-02-27T08:50:53","guid":{"rendered":"https:\/\/totalblue.ro\/?post_type=product&#038;p=134184"},"modified":"2026-02-24T10:33:32","modified_gmt":"2026-02-24T08:33:32","slug":"paste-cu-bucatele-de-vita-erasco-400-g","status":"publish","type":"product","link":"https:\/\/totalblue.ro\/it\/produs\/paste-cu-bucatele-de-vita-erasco-400-g\/","title":{"rendered":"Pasta con macinato di manzo Erasco 400 g"},"content":{"rendered":"<p>Ingrediente: apa, 18% taitei paste gatite (grau de durum (gluten), grau cu ou), 8,5% legume (morcovi, praz, telina), 4,7% carne de vita gatit\u0103 (carne de vita, sare, amidon de tapioca), ulei de rapita, sare, extract de drojdie, zahar, inlocuitor de sare (clorur\u0103 de potasiu), arom\u0103, patrunjel, dextroza, extract de boia de colorat, ingrosator: guma de guar. Poate contine urme de lapte, soia \u0219i mustar.<br \/>\nSenza conservanti<strong>.<br \/>\nRecomandari:<\/strong> Turnati continutul intr-o cratita \/ tigaie. Incalziti la foc mediu. De asemenea puteti incalzi si la cuptorul cu microunde, 6 minute la 600 W<br \/>\n<strong>Condizioni di conservazione: <\/strong>Conservare in un luogo asciutto a temperatura ambiente.<br \/>\nDopo l'apertura, conservare coperto in frigorifero e consumare entro 48 ore.<br \/>\n<strong>Allergeni:\u00a0<\/strong>telina, grau, oua, lapte, soia, mustar<\/p>\n<p><strong>Nutrizione\/100g:<br \/>\n<\/strong>Valori nutrizionali \/ 100 g:<br \/>\nEnergie 167 kJ \/ 40 kcal<br \/>\nGrasimi 1.1 g din care acizi grasi saturati 0,2 g<br \/>\nCarbohidrati 5 g din care zahar 0.9 g<br \/>\nFibre 0.5 g<br \/>\nProteine 2,2 g<br \/>\nSare 1 g<\/p>\n<p>Prezentare : conserva<br \/>\nPaese di origine: Germania<br \/>\nFabricat in Germania de GB Foods Deutschland GmbH , Geniner Strase 88-100, 23560 L\u00fcbeck<br \/>\nImportatore e distributore Total Blue Impex SRL<\/p>","protected":false},"excerpt":{"rendered":"<p>Ingrediente: apa, 18% taitei paste gatite (grau de durum (gluten), grau cu ou), 8,5% legume (morcovi, praz, telina), 4,7% carne de vita gatit\u0103 (carne de vita, sare, amidon de tapioca), ulei de rapita, sare, extract de drojdie, zahar, inlocuitor de sare (clorur\u0103 de potasiu), arom\u0103, patrunjel, dextroza, extract de boia de colorat, ingrosator: guma de [&#8230;]\n","protected":false},"featured_media":134188,"comment_status":"open","ping_status":"closed","template":"","meta":{"_acf_changed":false,"_seopress_robots_primary_cat":"1950","_seopress_titles_title":"","_seopress_titles_desc":"Comanda acum online cu livrare rapida Rindfleisch Nudel-Topf Erasco 800 gPaste cu bucatele de vita Erasco 800 g","_seopress_robots_index":""},"product_brand":[1951],"product_cat":[1555,1683,3272,3372,1950,1767],"giftcard-category":[],"class_list":{"0":"post-134184","1":"product","2":"type-product","3":"status-publish","4":"has-post-thumbnail","6":"product_brand-erasco","7":"product_cat-bacanie","8":"product_cat-conserve-mancare-gatita","9":"product_cat-conserve","10":"product_cat-conserve-produse-germania","11":"product_cat-produse-germania","12":"product_cat-produse-olanda","14":"first","15":"instock","16":"taxable","17":"shipping-taxable","18":"purchasable","19":"product-type-simple"},"acf":[],"_links":{"self":[{"href":"https:\/\/totalblue.ro\/it\/wp-json\/wp\/v2\/product\/134184","targetHints":{"allow":["GET"]}}],"collection":[{"href":"https:\/\/totalblue.ro\/it\/wp-json\/wp\/v2\/product"}],"about":[{"href":"https:\/\/totalblue.ro\/it\/wp-json\/wp\/v2\/types\/product"}],"replies":[{"embeddable":true,"href":"https:\/\/totalblue.ro\/it\/wp-json\/wp\/v2\/comments?post=134184"}],"wp:featuredmedia":[{"embeddable":true,"href":"https:\/\/totalblue.ro\/it\/wp-json\/wp\/v2\/media\/134188"}],"wp:attachment":[{"href":"https:\/\/totalblue.ro\/it\/wp-json\/wp\/v2\/media?parent=134184"}],"wp:term":[{"taxonomy":"product_brand","embeddable":true,"href":"https:\/\/totalblue.ro\/it\/wp-json\/wp\/v2\/product_brand?post=134184"},{"taxonomy":"product_cat","embeddable":true,"href":"https:\/\/totalblue.ro\/it\/wp-json\/wp\/v2\/product_cat?post=134184"},{"taxonomy":"giftcard-category","embeddable":true,"href":"https:\/\/totalblue.ro\/it\/wp-json\/wp\/v2\/giftcard-category?post=134184"}],"curies":[{"name":"wp","href":"https:\/\/api.w.org\/{rel}","templated":true}]}}