{"id":143098,"date":"2024-03-27T12:30:28","date_gmt":"2024-03-27T10:30:28","guid":{"rendered":"https:\/\/totalblue.ro\/?post_type=product&#038;p=143098"},"modified":"2025-08-12T10:24:54","modified_gmt":"2025-08-12T07:24:54","slug":"pate-di-salmone-rio-mare-100g-import-italia","status":"publish","type":"product","link":"https:\/\/totalblue.ro\/it\/produs\/rio-mare-pate-de-somin-100g-import-italia\/","title":{"rendered":"Pat\u00e9 di salmone Rio Mare 100g, importato dall'Italia"},"content":{"rendered":"<p>Il pat\u00e9 di salmone \u00e8 una preparazione estremamente gustosa e utile in molte situazioni. Basta spalmarlo sul pane e gustarlo. Se vi sembra una sciocchezza, abbinatelo a cipolla e burro e il risultato sar\u00e0 eccellente. Con il pat\u00e9 di salmone rosa Rio Mare si possono preparare gli antipasti pi\u00f9 gustosi.<\/p>\n<p>Ingredienti: salmone rosa 46%, acqua, olio di mais, amido di riso, aromi, sale.<\/p>\n<p>Valori nutrizionali medi per 100 g di prodotto:<br \/>\nEnergia 884 kJ \/ 213 kcal<br \/>\nGrassi 17 g di cui acidi grassi saturi 2,2 g<br \/>\nCarboidrati 4,5 g di cui zucchero 0,1 g<br \/>\nProteine 10 g<br \/>\nSale 2,1 g<\/p>","protected":false},"excerpt":{"rendered":"<p>Pateul de somon este un preparat extrem de gustos care iti este util in mai multe situatii. Nu trebuie decat sa il ungi pe paine si sa il savurezi. Daca ti se pare banal, il poti combina cu ceapa si unt, iar rezultatul va fi excelent. Cele mai gustoase aperitive se pot prepara cu ajutorul [&#8230;]\n","protected":false},"featured_media":143081,"comment_status":"open","ping_status":"closed","template":"","meta":{"_acf_changed":false,"_seopress_robots_primary_cat":"none","_seopress_titles_title":"","_seopress_titles_desc":"","_seopress_robots_index":""},"product_brand":[25140],"product_cat":[1555,1683,21428,18062],"giftcard-category":[],"class_list":{"0":"post-143098","1":"product","2":"type-product","3":"status-publish","4":"has-post-thumbnail","6":"product_brand-rio-mare","7":"product_cat-bacanie","8":"product_cat-conserve-mancare-gatita","9":"product_cat-conserve-muraturi","10":"product_cat-produse-italia","12":"first","13":"outofstock","14":"taxable","15":"shipping-taxable","16":"purchasable","17":"product-type-simple"},"acf":[],"_links":{"self":[{"href":"https:\/\/totalblue.ro\/it\/wp-json\/wp\/v2\/product\/143098","targetHints":{"allow":["GET"]}}],"collection":[{"href":"https:\/\/totalblue.ro\/it\/wp-json\/wp\/v2\/product"}],"about":[{"href":"https:\/\/totalblue.ro\/it\/wp-json\/wp\/v2\/types\/product"}],"replies":[{"embeddable":true,"href":"https:\/\/totalblue.ro\/it\/wp-json\/wp\/v2\/comments?post=143098"}],"wp:featuredmedia":[{"embeddable":true,"href":"https:\/\/totalblue.ro\/it\/wp-json\/wp\/v2\/media\/143081"}],"wp:attachment":[{"href":"https:\/\/totalblue.ro\/it\/wp-json\/wp\/v2\/media?parent=143098"}],"wp:term":[{"taxonomy":"product_brand","embeddable":true,"href":"https:\/\/totalblue.ro\/it\/wp-json\/wp\/v2\/product_brand?post=143098"},{"taxonomy":"product_cat","embeddable":true,"href":"https:\/\/totalblue.ro\/it\/wp-json\/wp\/v2\/product_cat?post=143098"},{"taxonomy":"giftcard-category","embeddable":true,"href":"https:\/\/totalblue.ro\/it\/wp-json\/wp\/v2\/giftcard-category?post=143098"}],"curies":[{"name":"wp","href":"https:\/\/api.w.org\/{rel}","templated":true}]}}