{"id":167679,"date":"2024-07-03T14:13:29","date_gmt":"2024-07-03T11:13:29","guid":{"rendered":"https:\/\/totalblue.ro\/?post_type=product&#038;p=167679"},"modified":"2026-02-19T14:06:01","modified_gmt":"2026-02-19T12:06:01","slug":"te-verde-bio-clipper-chai-20-bustine-40-g","status":"publish","type":"product","link":"https:\/\/totalblue.ro\/it\/produs\/ceai-verde-organic-clipper-chai-20-pliculete-40-g\/","title":{"rendered":"Clipper Chai T\u00e8 verde biologico 20 bustine, 40 g"},"content":{"rendered":"<p>Ingredienti: t\u00e8 verde*, cannella* (25%), buccia d'arancia*, cardamomo* (4%), chiodi di garofano* (3%), *Ingrediente di origine biologica.<br \/>\nT\u00e8 biologico<br \/>\nPreparazione: versare acqua bollente (100\u00b0C) in una tazza. Lasciare la bustina di t\u00e8 per 2-4 minuti nella tazza.<br \/>\nNota: la tazza pu\u00f2 essere calda! Il t\u00e8 pu\u00f2 essere caldo!<br \/>\nConservare in un luogo asciutto e buio a temperatura ambiente.<br \/>\n1 bustina Clipper Infuso di t\u00e8 verde biologico 20 bustine x 2 g = 40 g<br \/>\n<a href=\"https:\/\/totalblue.ro\/wp-content\/uploads\/2021\/02\/bio02.jpg\"><img loading=\"lazy\" decoding=\"async\" class=\"alignnone size-full wp-image-27483\" src=\"https:\/\/totalblue.ro\/wp-content\/uploads\/2021\/02\/bio02.jpg\" alt=\"\" width=\"80\" height=\"80\" \/><\/a><br \/>\nImportazione Paesi Bassi: Wessanen Nederland Holding BV, Hoogoorddreef 5, 1101 BA, Amsterdam, Paesi Bassi.<\/p>","protected":false},"excerpt":{"rendered":"<p>Ingrediente: Ceai verde*, scortisoara* (25%), coaja de portocala*, cardamom* (4%), cuisoare* (3%), *Ingredient din cultura organica. Ceai Organic Mod de pregatire: Se toarna apa clocotita (100 \u00b0 C) intr-o ceasca. Lasati pliculetul de ceai timp de 2 minute pana la 4 minute in ceasca. Nota: ceasca poate fi fierbinte ! Ceaiul poate fi fierbinte ! [&#8230;]\n","protected":false},"featured_media":167693,"comment_status":"open","ping_status":"closed","template":"","meta":{"_acf_changed":false,"_seopress_robots_primary_cat":"none","_seopress_titles_title":"","_seopress_titles_desc":"","_seopress_robots_index":""},"product_brand":[4320],"product_cat":[1555,1506,3320,1767],"giftcard-category":[],"class_list":{"0":"post-167679","1":"product","2":"type-product","3":"status-publish","4":"has-post-thumbnail","6":"product_brand-clipper","7":"product_cat-bacanie","8":"product_cat-cafea-ceai-mic-dejun","9":"product_cat-cafea-ceai-lapte","10":"product_cat-produse-olanda","12":"first","13":"outofstock","14":"taxable","15":"shipping-taxable","16":"purchasable","17":"product-type-simple"},"acf":[],"_links":{"self":[{"href":"https:\/\/totalblue.ro\/it\/wp-json\/wp\/v2\/product\/167679","targetHints":{"allow":["GET"]}}],"collection":[{"href":"https:\/\/totalblue.ro\/it\/wp-json\/wp\/v2\/product"}],"about":[{"href":"https:\/\/totalblue.ro\/it\/wp-json\/wp\/v2\/types\/product"}],"replies":[{"embeddable":true,"href":"https:\/\/totalblue.ro\/it\/wp-json\/wp\/v2\/comments?post=167679"}],"wp:featuredmedia":[{"embeddable":true,"href":"https:\/\/totalblue.ro\/it\/wp-json\/wp\/v2\/media\/167693"}],"wp:attachment":[{"href":"https:\/\/totalblue.ro\/it\/wp-json\/wp\/v2\/media?parent=167679"}],"wp:term":[{"taxonomy":"product_brand","embeddable":true,"href":"https:\/\/totalblue.ro\/it\/wp-json\/wp\/v2\/product_brand?post=167679"},{"taxonomy":"product_cat","embeddable":true,"href":"https:\/\/totalblue.ro\/it\/wp-json\/wp\/v2\/product_cat?post=167679"},{"taxonomy":"giftcard-category","embeddable":true,"href":"https:\/\/totalblue.ro\/it\/wp-json\/wp\/v2\/giftcard-category?post=167679"}],"curies":[{"name":"wp","href":"https:\/\/api.w.org\/{rel}","templated":true}]}}