{"id":180050,"date":"2024-10-15T13:49:47","date_gmt":"2024-10-15T10:49:47","guid":{"rendered":"https:\/\/totalblue.ro\/?post_type=product&#038;p=180050"},"modified":"2025-11-11T22:31:04","modified_gmt":"2025-11-11T20:31:04","slug":"gelderse-rookworst-carnati-afumati-jumbo-olanda-375g","status":"publish","type":"product","link":"https:\/\/totalblue.ro\/it\/produs\/gelderse-rookworst-carnati-afumati-jumbo-olanda-375g\/","title":{"rendered":"Gelderse Rookworst Salsicce affumicate Jumbo Holland 375g"},"content":{"rendered":"<p>Ingrediente : <span class=\"HwtZe\" lang=\"ro\"><span class=\"jCAhz ChMk0b\"><span class=\"ryNqvb\">carne de porc Better life 1 stea 88%, gr\u0103sime de porc Better life 1 stea, amidon de cartofi, sare, colagen bovin 1,4%, regulator de aciditate: E326, acid alimentar: acid citric, arom\u0103 de fum, arom\u0103 natural\u0103, stabilizatori: E450 \u0219i E452, dextroz\u0103, conservanti: E261 si E250, ANTIOXIDANT: E301, extract de condimente (nucsoara, macis, piper negru, ghimbir, apa<\/span><\/span><\/span><br \/>\nValori nutrizionali \/ 100 g:<br \/>\nEnergie 1323 kJ (319 kcal)<br \/>\nGrasimi 27.2 g din care grasimi saturate 10.4 g<br \/>\nGlucide 2.6 g din care zaharuri 0.2 g<br \/>\nProteine \u200b\u200b16 g<br \/>\nSale 2,2 g<\/p>","protected":false},"excerpt":{"rendered":"<p>Ingrediente : carne de porc Better life 1 stea 88%, gr\u0103sime de porc Better life 1 stea, amidon de cartofi, sare, colagen bovin 1,4%, regulator de aciditate: E326, acid alimentar: acid citric, arom\u0103 de fum, arom\u0103 natural\u0103, stabilizatori: E450 \u0219i E452, dextroz\u0103, conservanti: E261 si E250, ANTIOXIDANT: E301, extract de condimente (nucsoara, macis, piper negru, [&#8230;]\n","protected":false},"featured_media":180053,"comment_status":"open","ping_status":"closed","template":"","meta":{"_acf_changed":false,"_seopress_robots_primary_cat":"none","_seopress_titles_title":"","_seopress_titles_desc":"","_seopress_robots_index":""},"product_brand":[4077],"product_cat":[1555,1683,3272,1767],"giftcard-category":[],"class_list":{"0":"post-180050","1":"product","2":"type-product","3":"status-publish","4":"has-post-thumbnail","6":"product_brand-jumbo","7":"product_cat-bacanie","8":"product_cat-conserve-mancare-gatita","9":"product_cat-conserve","10":"product_cat-produse-olanda","12":"first","13":"outofstock","14":"taxable","15":"shipping-taxable","16":"purchasable","17":"product-type-simple"},"acf":[],"_links":{"self":[{"href":"https:\/\/totalblue.ro\/it\/wp-json\/wp\/v2\/product\/180050","targetHints":{"allow":["GET"]}}],"collection":[{"href":"https:\/\/totalblue.ro\/it\/wp-json\/wp\/v2\/product"}],"about":[{"href":"https:\/\/totalblue.ro\/it\/wp-json\/wp\/v2\/types\/product"}],"replies":[{"embeddable":true,"href":"https:\/\/totalblue.ro\/it\/wp-json\/wp\/v2\/comments?post=180050"}],"wp:featuredmedia":[{"embeddable":true,"href":"https:\/\/totalblue.ro\/it\/wp-json\/wp\/v2\/media\/180053"}],"wp:attachment":[{"href":"https:\/\/totalblue.ro\/it\/wp-json\/wp\/v2\/media?parent=180050"}],"wp:term":[{"taxonomy":"product_brand","embeddable":true,"href":"https:\/\/totalblue.ro\/it\/wp-json\/wp\/v2\/product_brand?post=180050"},{"taxonomy":"product_cat","embeddable":true,"href":"https:\/\/totalblue.ro\/it\/wp-json\/wp\/v2\/product_cat?post=180050"},{"taxonomy":"giftcard-category","embeddable":true,"href":"https:\/\/totalblue.ro\/it\/wp-json\/wp\/v2\/giftcard-category?post=180050"}],"curies":[{"name":"wp","href":"https:\/\/api.w.org\/{rel}","templated":true}]}}