{"id":186541,"date":"2024-11-18T16:50:44","date_gmt":"2024-11-18T14:50:44","guid":{"rendered":"https:\/\/totalblue.ro\/?post_type=product&#038;p=186541"},"modified":"2026-03-31T10:56:41","modified_gmt":"2026-03-31T07:56:41","slug":"heinz-tomato-frito-creations-sos-de-rosii-cu-usturoi-copt-si-ierburi-mediteraneene-340-g","status":"publish","type":"product","link":"https:\/\/totalblue.ro\/it\/produs\/heinz-tomato-frito-creations-sos-de-rosii-cu-usturoi-copt-si-ierburi-mediteraneene-340-g\/","title":{"rendered":"Heinz Tomato Frito Creations sos de rosii cu usturoi copt si ierburi mediteraneene 340 g"},"content":{"rendered":"<p>Heinz Tomato Frito Creations \u00e8 composto da tre varianti con ingredienti deliziosi come peperoni arrostiti, cipolle caramellate o erbe mediterranee per aggiungere sapore ai vostri piatti. I nostri ingredienti vengono saltati in olio d'oliva per oltre due ore prima di aggiungere i pomodori 100% maturati al sole. Tomato Frito Creations aggiunge un sapore pi\u00f9 ricco a tutti i vostri piatti come pasta, pizza, verdure e altro ancora. Il vostro piatto sar\u00e0 pronto in 20 minuti e avr\u00e0 il sapore di ore di lavoro in cucina. Tomato Frito Creations render\u00e0 i vostri pasti ancora pi\u00f9 gustosi e semplici!<\/p>\n<p>Ingredienti: pomodori (pomodori (193 g per 100 g di pomodori fritti), agente indurente: cloruro di calcio) olio extravergine di oliva 4,25% (con estratti di cipolla e aglio fritti) sale zucchero estratto di aglio fritto, erbe mediterranee (prezzemolo, origano, timo, rosmarino) succo di limone concentrato.<br \/>\nAllergeni:<br \/>\nNon contiene: Glutine<br \/>\nPu\u00f2 contenere: senape, pesce, noci, semi di sesamo, sedano, lupino, molluschi, uova, crostacei, latte, soia, arachidi, anidride solforosa o solfiti.<br \/>\nValori nutrizionali per 100 g:<br \/>\nQuesti valori si applicano al prodotto non preparato.<br \/>\nEnergia 333 kJ (80 kcal)<br \/>\nGrassi 4,2 g di cui grassi saturi 0,5 g<br \/>\nCarboidrati 8,9 g di cui zuccheri 6,8 g<br \/>\nFibra alimentare 1,8 g<br \/>\nProteine 1,5 g<br \/>\nSale 0,72 g<br \/>\nProduttore: Heinz Consumentenservice, Gustav Mahlerlaan 1228, 1081 LA Amsterdam<br \/>\nImportatore: Total Blue Impex SRL, Romania, Bucarest.<\/p>","protected":false},"excerpt":{"rendered":"<p>Heinz Tomato Frito Creations consta din trei variante cu ingrediente delicioase, precum ardei prajiti, ceapa caramelizata sau ierburi mediteraneene care ofera un plus de savoare preparatelor tale. Ingredientele noastre sunt fierte in ulei de masline mai mult de doua ore inainte de a adauga rosii 100% coapte la soare. Tomato Frito Creations adauga o aroma [&#8230;]\n","protected":false},"featured_media":186547,"comment_status":"open","ping_status":"closed","template":"","meta":{"_acf_changed":false,"_seopress_robots_primary_cat":"none","_seopress_titles_title":"","_seopress_titles_desc":"Cauti Maggi - Fidelicios Fidea instant cu gust de pui 60g Livrare rapida, pret avantajos. Livrare gratuita! Supa de pui instant Maggi Fidelicios","_seopress_robots_index":""},"product_brand":[1851],"product_cat":[1555,1451,3280,1767],"giftcard-category":[],"class_list":{"0":"post-186541","1":"product","2":"type-product","3":"status-publish","4":"has-post-thumbnail","6":"product_brand-heinz","7":"product_cat-bacanie","8":"product_cat-condimente-produse-instant","9":"product_cat-condimente-sosuri","10":"product_cat-produse-olanda","12":"first","13":"instock","14":"taxable","15":"shipping-taxable","16":"purchasable","17":"product-type-simple"},"acf":[],"_links":{"self":[{"href":"https:\/\/totalblue.ro\/it\/wp-json\/wp\/v2\/product\/186541","targetHints":{"allow":["GET"]}}],"collection":[{"href":"https:\/\/totalblue.ro\/it\/wp-json\/wp\/v2\/product"}],"about":[{"href":"https:\/\/totalblue.ro\/it\/wp-json\/wp\/v2\/types\/product"}],"replies":[{"embeddable":true,"href":"https:\/\/totalblue.ro\/it\/wp-json\/wp\/v2\/comments?post=186541"}],"wp:featuredmedia":[{"embeddable":true,"href":"https:\/\/totalblue.ro\/it\/wp-json\/wp\/v2\/media\/186547"}],"wp:attachment":[{"href":"https:\/\/totalblue.ro\/it\/wp-json\/wp\/v2\/media?parent=186541"}],"wp:term":[{"taxonomy":"product_brand","embeddable":true,"href":"https:\/\/totalblue.ro\/it\/wp-json\/wp\/v2\/product_brand?post=186541"},{"taxonomy":"product_cat","embeddable":true,"href":"https:\/\/totalblue.ro\/it\/wp-json\/wp\/v2\/product_cat?post=186541"},{"taxonomy":"giftcard-category","embeddable":true,"href":"https:\/\/totalblue.ro\/it\/wp-json\/wp\/v2\/giftcard-category?post=186541"}],"curies":[{"name":"wp","href":"https:\/\/api.w.org\/{rel}","templated":true}]}}