{"id":201075,"date":"2025-01-29T10:25:09","date_gmt":"2025-01-29T08:25:09","guid":{"rendered":"https:\/\/totalblue.ro\/?post_type=product&#038;p=201075"},"modified":"2026-03-20T09:55:40","modified_gmt":"2026-03-20T07:55:40","slug":"remia-thousand-island-dressing-250-ml","status":"publish","type":"product","link":"https:\/\/totalblue.ro\/it\/produs\/remia-thousand-island-dressing-250-ml\/","title":{"rendered":"Remia Condimento per Mille Isole 250 ml"},"content":{"rendered":"<div id=\"tab-description\" class=\"woocommerce-Tabs-panel woocommerce-Tabs-panel--description panel entry-content active\" role=\"tabpanel\" aria-labelledby=\"tab-title-description\">\n<p>Thousand Island Dressing Remia adauga o aroma intensa mancarurilor, facandu-l condimentul perfect pentru salate si sandvisuri. Acest dressing cremos si crocant este facut din muraturi, supa de rosii condensata si maioneza, dandu-i o aroma dulce. Echilibrul de aciditate si dulceata face ca acest dressing sa fie ideal pentru a adauga aroma oricarui fel de mancare.<br \/>\nIngrediente : <span class=\"HwtZe\" lang=\"ro\"><span class=\"jCAhz ChMk0b\"><span class=\"ryNqvb\">Ap\u0103, ulei vegetal, glucoz\u0103 &#8211; sirop de fructoz\u0103, past\u0103 de tomate, legume, amidon de gr\u00e2u, mu\u0219tar, o\u021bet, sare, zah\u0103r, condimente, agent de \u00eengro\u0219are, gum\u0103 xantan<\/span><\/span><\/span><br \/>\nValori nutrizionali \/ 100 g:<br \/>\nEnergie 981 kJ (237 kcal)<br \/>\nGrasimi 20 g din care grasimi saturate 1.6 g<br \/>\nGlucide 11 g din care zaharuri 7.9 g<br \/>\nProteine 0,9 g<br \/>\nSale 1,7 g<\/p>\n<p>Remia Consumenten Service, Antwoordnummer 32, 3720 ZC Den Dolder, Paesi Bassi<br \/>\nImportatore e distributore Total Blue Impex SRL<\/p>\n<\/div>","protected":false},"excerpt":{"rendered":"<p>Thousand Island Dressing Remia adauga o aroma intensa mancarurilor, facandu-l condimentul perfect pentru salate si sandvisuri. Acest dressing cremos si crocant este facut din muraturi, supa de rosii condensata si maioneza, dandu-i o aroma dulce. Echilibrul de aciditate si dulceata face ca acest dressing sa fie ideal pentru a adauga aroma oricarui fel de mancare. [&#8230;]\n","protected":false},"featured_media":201082,"comment_status":"open","ping_status":"closed","template":"","meta":{"_acf_changed":false,"_seopress_robots_primary_cat":"1767","_seopress_titles_title":"","_seopress_titles_desc":"","_seopress_robots_index":""},"product_brand":[2045],"product_cat":[1555,1451,3280,1767],"giftcard-category":[],"class_list":{"0":"post-201075","1":"product","2":"type-product","3":"status-publish","4":"has-post-thumbnail","6":"product_brand-remia","7":"product_cat-bacanie","8":"product_cat-condimente-produse-instant","9":"product_cat-condimente-sosuri","10":"product_cat-produse-olanda","12":"first","13":"instock","14":"taxable","15":"shipping-taxable","16":"purchasable","17":"product-type-simple"},"acf":[],"_links":{"self":[{"href":"https:\/\/totalblue.ro\/it\/wp-json\/wp\/v2\/product\/201075","targetHints":{"allow":["GET"]}}],"collection":[{"href":"https:\/\/totalblue.ro\/it\/wp-json\/wp\/v2\/product"}],"about":[{"href":"https:\/\/totalblue.ro\/it\/wp-json\/wp\/v2\/types\/product"}],"replies":[{"embeddable":true,"href":"https:\/\/totalblue.ro\/it\/wp-json\/wp\/v2\/comments?post=201075"}],"wp:featuredmedia":[{"embeddable":true,"href":"https:\/\/totalblue.ro\/it\/wp-json\/wp\/v2\/media\/201082"}],"wp:attachment":[{"href":"https:\/\/totalblue.ro\/it\/wp-json\/wp\/v2\/media?parent=201075"}],"wp:term":[{"taxonomy":"product_brand","embeddable":true,"href":"https:\/\/totalblue.ro\/it\/wp-json\/wp\/v2\/product_brand?post=201075"},{"taxonomy":"product_cat","embeddable":true,"href":"https:\/\/totalblue.ro\/it\/wp-json\/wp\/v2\/product_cat?post=201075"},{"taxonomy":"giftcard-category","embeddable":true,"href":"https:\/\/totalblue.ro\/it\/wp-json\/wp\/v2\/giftcard-category?post=201075"}],"curies":[{"name":"wp","href":"https:\/\/api.w.org\/{rel}","templated":true}]}}