{"id":202149,"date":"2025-01-31T13:17:17","date_gmt":"2025-01-31T11:17:17","guid":{"rendered":"https:\/\/totalblue.ro\/?post_type=product&#038;p=202149"},"modified":"2026-01-26T14:20:48","modified_gmt":"2026-01-26T12:20:48","slug":"lipton-ceai-negru-cu-fructe-rosii-de-padure-20-pliculete","status":"publish","type":"product","link":"https:\/\/totalblue.ro\/it\/produs\/lipton-ceai-negru-cu-fructe-rosii-de-padure-20-pliculete\/","title":{"rendered":"Lipton T\u00e8 nero con bacche rosse, 20 bustine"},"content":{"rendered":"<p>Ceai negru din fructe de padure Lipton in pliculete de ceai in forma de piramida<br \/>\nUn ceai de fructe de vara cu gust de fructe rosii de padure<br \/>\nPliculete de ceai biodegradabile pe baza de plante<\/p>\n<p><strong>Ingrediente<\/strong> Ceai negru, aroma naturala\u00b9, hibiscus (5%), zmeura (3%), capsuni (1%). \u00b9Certificat Rainforest Alliance.<br \/>\n<strong>Mod de pregatire<\/strong>:Se toarna apa clocotita (100 \u00b0 C) intr-o ceasca de aprox 200 ml. Lasati pliculetul de ceai timp de 2 pana la 3 minute in ceasca.<br \/>\nNota: la tazza pu\u00f2 essere calda! Il t\u00e8 pu\u00f2 essere caldo!<br \/>\n<strong>Mod de depozitare:<\/strong> A se pastra la loc uscat, intunecat la temperatura camerei.<br \/>\n<strong>Valori nutrizionali:<\/strong><br \/>\nEnergie &lt; 4 kcal (&lt; 17 kJ)<br \/>\nGrassi &lt; 0,5 g di cui grassi saturi &lt; 0,1 g<br \/>\nGlucide &lt; 0,5 g din care zaharuri &lt; 0,5 g<br \/>\nProteine &lt; 0,5 g<br \/>\nSale &lt; 0,01 g<\/p>\n<p>Fabricat de Unilever Nederland, Lipton, Postbus 160, 3000 AD Rotterdam<br \/>\nImportatore e distributore Total Blue Impex SRL<\/p>\n<p><a href=\"https:\/\/totalblue.ro\/wp-content\/uploads\/2020\/12\/Rainforest-Alliance.jpeg\"><img loading=\"lazy\" decoding=\"async\" class=\"alignnone wp-image-27609\" src=\"https:\/\/totalblue.ro\/wp-content\/uploads\/2020\/12\/Rainforest-Alliance-699x400.jpeg\" alt=\"\" width=\"115\" height=\"66\" srcset=\"https:\/\/totalblue.ro\/wp-content\/uploads\/2020\/12\/Rainforest-Alliance-699x400.jpeg 699w, https:\/\/totalblue.ro\/wp-content\/uploads\/2020\/12\/Rainforest-Alliance-510x292.jpeg 510w, https:\/\/totalblue.ro\/wp-content\/uploads\/2020\/12\/Rainforest-Alliance-768x440.jpeg 768w, https:\/\/totalblue.ro\/wp-content\/uploads\/2020\/12\/Rainforest-Alliance-600x343.jpeg 600w, https:\/\/totalblue.ro\/wp-content\/uploads\/2020\/12\/Rainforest-Alliance-100x57.jpeg 100w, https:\/\/totalblue.ro\/wp-content\/uploads\/2020\/12\/Rainforest-Alliance.jpeg 959w\" sizes=\"auto, (max-width: 115px) 100vw, 115px\" \/><\/a><a href=\"https:\/\/totalblue.ro\/wp-content\/uploads\/2021\/02\/vegetarian.jpeg\"><img loading=\"lazy\" decoding=\"async\" class=\"alignnone wp-image-27413\" src=\"https:\/\/totalblue.ro\/wp-content\/uploads\/2021\/02\/vegetarian.jpeg\" alt=\"\" width=\"58\" height=\"58\" srcset=\"https:\/\/totalblue.ro\/wp-content\/uploads\/2021\/02\/vegetarian.jpeg 225w, https:\/\/totalblue.ro\/wp-content\/uploads\/2021\/02\/vegetarian-100x100.jpeg 100w\" sizes=\"auto, (max-width: 58px) 100vw, 58px\" \/><\/a><\/p>","protected":false},"excerpt":{"rendered":"<p>Ceai negru din fructe de padure Lipton in pliculete de ceai in forma de piramida Un ceai de fructe de vara cu gust de fructe rosii de padure Pliculete de ceai biodegradabile pe baza de plante Ingrediente Ceai negru, aroma naturala\u00b9, hibiscus (5%), zmeura (3%), capsuni (1%). \u00b9Certificat Rainforest Alliance. Mod de pregatire:Se toarna apa [&#8230;]\n","protected":false},"featured_media":202156,"comment_status":"open","ping_status":"closed","template":"","meta":{"_acf_changed":false,"_seopress_robots_primary_cat":"none","_seopress_titles_title":"","_seopress_titles_desc":"","_seopress_robots_index":""},"product_brand":[1866],"product_cat":[1555,1506,3320,1767],"giftcard-category":[],"class_list":{"0":"post-202149","1":"product","2":"type-product","3":"status-publish","4":"has-post-thumbnail","6":"product_brand-lipton","7":"product_cat-bacanie","8":"product_cat-cafea-ceai-mic-dejun","9":"product_cat-cafea-ceai-lapte","10":"product_cat-produse-olanda","12":"first","13":"instock","14":"taxable","15":"shipping-taxable","16":"purchasable","17":"product-type-simple"},"acf":[],"_links":{"self":[{"href":"https:\/\/totalblue.ro\/it\/wp-json\/wp\/v2\/product\/202149","targetHints":{"allow":["GET"]}}],"collection":[{"href":"https:\/\/totalblue.ro\/it\/wp-json\/wp\/v2\/product"}],"about":[{"href":"https:\/\/totalblue.ro\/it\/wp-json\/wp\/v2\/types\/product"}],"replies":[{"embeddable":true,"href":"https:\/\/totalblue.ro\/it\/wp-json\/wp\/v2\/comments?post=202149"}],"wp:featuredmedia":[{"embeddable":true,"href":"https:\/\/totalblue.ro\/it\/wp-json\/wp\/v2\/media\/202156"}],"wp:attachment":[{"href":"https:\/\/totalblue.ro\/it\/wp-json\/wp\/v2\/media?parent=202149"}],"wp:term":[{"taxonomy":"product_brand","embeddable":true,"href":"https:\/\/totalblue.ro\/it\/wp-json\/wp\/v2\/product_brand?post=202149"},{"taxonomy":"product_cat","embeddable":true,"href":"https:\/\/totalblue.ro\/it\/wp-json\/wp\/v2\/product_cat?post=202149"},{"taxonomy":"giftcard-category","embeddable":true,"href":"https:\/\/totalblue.ro\/it\/wp-json\/wp\/v2\/giftcard-category?post=202149"}],"curies":[{"name":"wp","href":"https:\/\/api.w.org\/{rel}","templated":true}]}}