{"id":219102,"date":"2025-05-06T10:27:22","date_gmt":"2025-05-06T07:27:22","guid":{"rendered":"https:\/\/totalblue.ro\/?post_type=product&#038;p=219102"},"modified":"2026-02-02T13:06:29","modified_gmt":"2026-02-02T11:06:29","slug":"supa-de-pui-unox-olanda-300-ml","status":"publish","type":"product","link":"https:\/\/totalblue.ro\/it\/produs\/supa-de-pui-unox-olanda-300-ml\/","title":{"rendered":"Unox Zuppa di pollo Olanda 300 ml"},"content":{"rendered":"<p><strong>Preparazione:<\/strong> Non cuocere la confezione al microonde! Non cuocere la zuppa! Mettere la zuppa in una ciotola e scaldarla nel microonde per 3 minuti a circa 600 watt oppure scaldarla direttamente in una casseruola o in una pentola mescolando delicatamente. Dopo il riscaldamento \u00e8 pronta da gustare!<br \/>\n<strong>Ingrediente:<\/strong> ap\u0103, carne de pui 5,8%, legume 1 4,2% (morcov, praz), taietei 2,3% (gr\u00e2u tare, proteine ou), arom\u0103, amidon modificat, gr\u0103sime de pui 0,5% (con\u021bine antioxidant E392), sare, drojdie extract, arpagic, intensificator de arom\u0103 E621, nuc\u0219oar\u0103, colorant: riboflavin\u0103,<br \/>\nConservare in un luogo asciutto e fresco. Dopo l'apertura, conservare coperto in frigorifero e consumare entro 48 ore.<br \/>\n<strong>Allergeni:<\/strong> telina<br \/>\nOu\u0103, gr\u00e2u, cereale care con\u021bin gluten<br \/>\nProdotto nei Paesi Bassi da Unilever Nederland Unox, Postbus 160 3000 AD Rotterdam<br \/>\nImportatore e distributore Total Blue Impex SRL<br \/>\nValori nutrizionali \/ 100 g:<br \/>\nEnergie 118 kJ \/ 28 kcal<br \/>\nGrasimi 0.8 g din care saturate 0,3 g<br \/>\nGlucide 2.8 g din care zaharuri &lt; 0.5 g<br \/>\nFibre alimentare &lt; 0.5 g<br \/>\nProteine 2,3 g<br \/>\nSare 0,82 g<\/p>","protected":false},"excerpt":{"rendered":"<p>Mod de preparare: Nu introduceti ambalajul in cuptorul cu microunde! Nu gatiti supa! Puneti supa intr-un bol si incalziti la cuptorul cu microunde timp de 3 minute la aprox. 600 wati sau incalziti-o direct intr-o craticioara sau oala amestecand usor. Dupa incalzire este gata de savurat! Ingrediente: ap\u0103, carne de pui 5,8%, legume 1 4,2% [&#8230;]\n","protected":false},"featured_media":219106,"comment_status":"open","ping_status":"closed","template":"","meta":{"_acf_changed":false,"_seopress_robots_primary_cat":"none","_seopress_titles_title":"Supa de pui Unox Olanda 300 ml, supa de pui cu carnita","_seopress_titles_desc":"Cauti Supa de pui Unox Olanda 300 ml, supa de pui cu carnita ? Cumpara acum ieftin supa de pui gata preparata online, supa pui delicioasa.","_seopress_robots_index":""},"product_brand":[1925],"product_cat":[1555,1683,3272,1767],"giftcard-category":[],"class_list":{"0":"post-219102","1":"product","2":"type-product","3":"status-publish","4":"has-post-thumbnail","6":"product_brand-unox","7":"product_cat-bacanie","8":"product_cat-conserve-mancare-gatita","9":"product_cat-conserve","10":"product_cat-produse-olanda","12":"first","13":"instock","14":"taxable","15":"shipping-taxable","16":"purchasable","17":"product-type-simple"},"acf":[],"_links":{"self":[{"href":"https:\/\/totalblue.ro\/it\/wp-json\/wp\/v2\/product\/219102","targetHints":{"allow":["GET"]}}],"collection":[{"href":"https:\/\/totalblue.ro\/it\/wp-json\/wp\/v2\/product"}],"about":[{"href":"https:\/\/totalblue.ro\/it\/wp-json\/wp\/v2\/types\/product"}],"replies":[{"embeddable":true,"href":"https:\/\/totalblue.ro\/it\/wp-json\/wp\/v2\/comments?post=219102"}],"wp:featuredmedia":[{"embeddable":true,"href":"https:\/\/totalblue.ro\/it\/wp-json\/wp\/v2\/media\/219106"}],"wp:attachment":[{"href":"https:\/\/totalblue.ro\/it\/wp-json\/wp\/v2\/media?parent=219102"}],"wp:term":[{"taxonomy":"product_brand","embeddable":true,"href":"https:\/\/totalblue.ro\/it\/wp-json\/wp\/v2\/product_brand?post=219102"},{"taxonomy":"product_cat","embeddable":true,"href":"https:\/\/totalblue.ro\/it\/wp-json\/wp\/v2\/product_cat?post=219102"},{"taxonomy":"giftcard-category","embeddable":true,"href":"https:\/\/totalblue.ro\/it\/wp-json\/wp\/v2\/giftcard-category?post=219102"}],"curies":[{"name":"wp","href":"https:\/\/api.w.org\/{rel}","templated":true}]}}