{"id":24180,"date":"2020-08-13T15:06:15","date_gmt":"2020-08-13T12:06:15","guid":{"rendered":"https:\/\/totalorange.ro\/?post_type=product&#038;p=24180"},"modified":"2025-09-04T11:25:40","modified_gmt":"2025-09-04T08:25:40","slug":"dove-go-fresh-sapone-in-crema-100-g","status":"publish","type":"product","link":"https:\/\/totalblue.ro\/it\/produs\/sapun-crema-dove-go-fresh-fresh-touch-100-g\/","title":{"rendered":"Dove go Fresh Touch Crema di sapone Fresh Touch 100g"},"content":{"rendered":"<p>Godetevi una pelle liscia e vellutata e l'aroma di cetriolo e t\u00e8 verde con questo delicato sapone-crema.<br \/>\n- Il fresco profumo di cetriolo e t\u00e8 verde rivitalizza i sensi<br \/>\n- Dove non secca la pelle come i saponi normali<br \/>\n- \u00bc di crema idratante e detergenti delicati aiutano a mantenere la naturale barriera protettiva della pelle in condizioni ottimali<br \/>\n- La pelle diventa pi\u00f9 liscia, pi\u00f9 morbida e pi\u00f9 bella<br \/>\n- Pu\u00f2 essere utilizzato quotidianamente su viso, corpo e mani<br \/>\n- Non \u00e8 un semplice sapone, ma una crema-sapone.<br \/>\nTutti conosciamo i benefici per la pelle del t\u00e8 verde e le propriet\u00e0 rinvigorenti del cetriolo. Perch\u00e9 non coccolare la nostra pelle con la stessa esperienza? Dove Go Fresh - Fresh Touch Soap &amp; Cream combina il fresco profumo del cetriolo e del t\u00e8 verde con agenti detergenti delicati e \u00bc di crema idratante, per regalarvi una pelle pi\u00f9 liscia, morbida e bella.<br \/>\nSe volete che il vostro viso e le vostre mani siano idratati e rinfrescati per tutto il giorno, includete Dove Go Fresh - Fresh Touch Soap Cream nella vostra routine di bellezza quotidiana.<br \/>\nLe mani sono una delle parti pi\u00f9 asciutte del corpo, per cui \u00e8 bene dare loro una sensazione di idratazione e freschezza prendendo il sapone-crema Dove tra i palmi umidi e facendo la schiuma. Stendere su viso e corpo, evitando il contatto con gli occhi, quindi risciacquare accuratamente.<br \/>\n<strong>Ingrediente<\/strong><br \/>\nSodio Lauroil Isetionato, Acido Stearico, Palmitato di Sodio, Stearato di Sodio, Aqua, Isetionato di Sodio, Acido Laurico, Sodio C14-16 Olefin Solfonato, Sodio Palm Kernelate, Parfum, Estratto di Frutto di Cucumis Sativus, Estratto di Foglie di Camelia Sinensis, Glicerina, Cloruro di Sodio, Glicole dipropilenico, ossido di zinco, EDTA tetrasodico, glicole propilenico, acido citrico, Etidronato tetrasodico, benzoato di sodio, allumina, alfa-isometil ionone, alcool benzilico, butilfenil metilpropionale, citronellolo, cumarina, esilcinnamale, limonene, linalolo, CI 19140, CI 42090, CI 77891<\/p>","protected":false},"excerpt":{"rendered":"<p>Bucur\u0103-te de o piele fin\u0103 \u015fi catifelat\u0103 \u015fi de aroma de castravete \u015fi ceai verde cu acest s\u0103pun-crem\u0103 delicat. \u2022 Parfumul proasp\u0103t de castravete \u015fi ceai verde \u00ee\u0163i revitalizeaz\u0103 sim\u0163urile \u2022 Dove nu usuc\u0103 pielea a\u015fa cum o fac s\u0103punurile obi\u015fnuite \u2022 \u00bc crem\u0103 hidratant\u0103 \u015fi agen\u0163i de cur\u0103\u0163are delica\u0163i ajut\u0103 la men\u021binerea barierei naturale [&#8230;]\n","protected":false},"featured_media":24181,"comment_status":"open","ping_status":"closed","template":"","meta":{"_acf_changed":false,"_seopress_robots_primary_cat":"none","_seopress_titles_title":"","_seopress_titles_desc":"Livrare rapida s\u0103pun-crem\u0103 Dove Go Fresh - Fresh Touch.Bucur\u0103-te de o piele fin\u0103 \u015fi catifelat\u0103 \u015fi de aroma de castravete \u015fi ceai verde.","_seopress_robots_index":""},"product_brand":[1831],"product_cat":[1558],"giftcard-category":[],"class_list":{"0":"post-24180","1":"product","2":"type-product","3":"status-publish","4":"has-post-thumbnail","6":"product_brand-dove","7":"product_cat-cosmetice-sanatate","9":"first","10":"outofstock","11":"taxable","12":"shipping-taxable","13":"purchasable","14":"product-type-simple"},"acf":[],"_links":{"self":[{"href":"https:\/\/totalblue.ro\/it\/wp-json\/wp\/v2\/product\/24180","targetHints":{"allow":["GET"]}}],"collection":[{"href":"https:\/\/totalblue.ro\/it\/wp-json\/wp\/v2\/product"}],"about":[{"href":"https:\/\/totalblue.ro\/it\/wp-json\/wp\/v2\/types\/product"}],"replies":[{"embeddable":true,"href":"https:\/\/totalblue.ro\/it\/wp-json\/wp\/v2\/comments?post=24180"}],"wp:featuredmedia":[{"embeddable":true,"href":"https:\/\/totalblue.ro\/it\/wp-json\/wp\/v2\/media\/24181"}],"wp:attachment":[{"href":"https:\/\/totalblue.ro\/it\/wp-json\/wp\/v2\/media?parent=24180"}],"wp:term":[{"taxonomy":"product_brand","embeddable":true,"href":"https:\/\/totalblue.ro\/it\/wp-json\/wp\/v2\/product_brand?post=24180"},{"taxonomy":"product_cat","embeddable":true,"href":"https:\/\/totalblue.ro\/it\/wp-json\/wp\/v2\/product_cat?post=24180"},{"taxonomy":"giftcard-category","embeddable":true,"href":"https:\/\/totalblue.ro\/it\/wp-json\/wp\/v2\/giftcard-category?post=24180"}],"curies":[{"name":"wp","href":"https:\/\/api.w.org\/{rel}","templated":true}]}}