{"id":24717,"date":"2020-09-02T16:13:39","date_gmt":"2020-09-02T13:13:39","guid":{"rendered":"https:\/\/totalblue.ro\/?post_type=product&#038;p=24717"},"modified":"2025-08-05T15:10:35","modified_gmt":"2025-08-05T12:10:35","slug":"dr-oetker-conservant-7-grame","status":"publish","type":"product","link":"https:\/\/totalblue.ro\/it\/produs\/dr-oetker-conservant-7-grame\/","title":{"rendered":"Dr. Oetker Conservant 7 grame"},"content":{"rendered":"<p>Conservantul Dr.\u00a0Oetker se folose\u015fte de mai bine de 75 ani pe pie\u0163ele occidentale, fiind un ajutor de n\u0103dejde pentru o conservare garantat\u0103.<br \/>\nConservantul \u00eempiedic\u0103 muceg\u0103irea sau fermenta\u0163ia nedorit\u0103 a conservelor din legume sau fructe.<br \/>\nUn plic (7g) este suficient pentru 5-7 kg conserve de legume sau pentru 15 kg de gem sau marmelad\u0103.<\/p>\n<p><strong>Ingrediente:<\/strong> Conservant benzoat de sodiu E211.<br \/>\n<strong>Condizioni di conservazione:<\/strong> Conservare in un luogo asciutto e fresco, lontano dalla luce solare diretta.<\/p>","protected":false},"excerpt":{"rendered":"<p>Conservantul Dr.\u00a0Oetker se folose\u015fte de mai bine de 75 ani pe pie\u0163ele occidentale, fiind un ajutor de n\u0103dejde pentru o conservare garantat\u0103.<\/p>","protected":false},"featured_media":24718,"comment_status":"open","ping_status":"closed","template":"","meta":{"_acf_changed":false,"_seopress_robots_primary_cat":"1451","_seopress_titles_title":"","_seopress_titles_desc":"Cauti conservant pentru gemuri sau legume? Dr. Oetker Conservant 7 grameieftin, livrare rapida. Pret avantajos!","_seopress_robots_index":""},"product_brand":[1832],"product_cat":[1555,1451],"giftcard-category":[],"class_list":{"0":"post-24717","1":"product","2":"type-product","3":"status-publish","4":"has-post-thumbnail","6":"product_brand-dr-oetker","7":"product_cat-bacanie","8":"product_cat-condimente-produse-instant","10":"first","11":"outofstock","12":"taxable","13":"shipping-taxable","14":"purchasable","15":"product-type-simple"},"acf":[],"_links":{"self":[{"href":"https:\/\/totalblue.ro\/it\/wp-json\/wp\/v2\/product\/24717","targetHints":{"allow":["GET"]}}],"collection":[{"href":"https:\/\/totalblue.ro\/it\/wp-json\/wp\/v2\/product"}],"about":[{"href":"https:\/\/totalblue.ro\/it\/wp-json\/wp\/v2\/types\/product"}],"replies":[{"embeddable":true,"href":"https:\/\/totalblue.ro\/it\/wp-json\/wp\/v2\/comments?post=24717"}],"wp:featuredmedia":[{"embeddable":true,"href":"https:\/\/totalblue.ro\/it\/wp-json\/wp\/v2\/media\/24718"}],"wp:attachment":[{"href":"https:\/\/totalblue.ro\/it\/wp-json\/wp\/v2\/media?parent=24717"}],"wp:term":[{"taxonomy":"product_brand","embeddable":true,"href":"https:\/\/totalblue.ro\/it\/wp-json\/wp\/v2\/product_brand?post=24717"},{"taxonomy":"product_cat","embeddable":true,"href":"https:\/\/totalblue.ro\/it\/wp-json\/wp\/v2\/product_cat?post=24717"},{"taxonomy":"giftcard-category","embeddable":true,"href":"https:\/\/totalblue.ro\/it\/wp-json\/wp\/v2\/giftcard-category?post=24717"}],"curies":[{"name":"wp","href":"https:\/\/api.w.org\/{rel}","templated":true}]}}