{"id":25852,"date":"2020-10-23T10:32:24","date_gmt":"2020-10-23T07:32:24","guid":{"rendered":"https:\/\/totalblue.ro\/?post_type=product&#038;p=25852"},"modified":"2025-08-07T13:52:23","modified_gmt":"2025-08-07T10:52:23","slug":"raureni-castraveti-in-otet-680-g","status":"publish","type":"product","link":"https:\/\/totalblue.ro\/it\/produs\/raureni-castraveti-in-otet-680-g\/","title":{"rendered":"Cetrioli Raureni in aceto 680 g"},"content":{"rendered":"<div class=\"gdlr-core-pbf-element\">\n<div class=\"gdlr-core-text-box-item gdlr-core-item-pdlr gdlr-core-item-pdb gdlr-core-left-align textdetaliiprodus\">\n<div class=\"gdlr-core-text-box-item-content\">\n<p>Cetrioli Raureni in aceto 680 g<\/p>\n<table border=\"1\" width=\"0\" cellspacing=\"0\" cellpadding=\"2\">\n<tbody>\n<tr>\n<td valign=\"top\" width=\"224\">Cantitate net\u0103:<\/td>\n<td valign=\"top\" width=\"161\">680g<\/td>\n<\/tr>\n<tr>\n<td valign=\"top\" width=\"224\">Capacitate recipient:<\/td>\n<td valign=\"top\" width=\"161\">720 ml<\/td>\n<\/tr>\n<tr>\n<td valign=\"top\" width=\"224\">Cantitate net\u0103 f\u0103r\u0103 lichid:<\/td>\n<td valign=\"top\" width=\"161\">360g<\/td>\n<\/tr>\n<\/tbody>\n<\/table>\n<\/div>\n<\/div>\n<\/div>\n<div class=\"gdlr-core-pbf-element\">\n<div class=\"gdlr-core-text-box-item gdlr-core-item-pdlr gdlr-core-item-pdb gdlr-core-left-align textdetaliiprodus\">\n<div class=\"gdlr-core-text-box-item-content\">\n<p>INGREDIENTE:<br \/>\nCastraveti intregi calitatea I, apa, otet, sare, zahar, condimente: marar, boabe mustar.<br \/>\n<strong>Nutrizione:<\/strong><\/p>\n<table class=\"table table-striped table-bordered table-responsive TableResponsive responsive\" style=\"height: 195px\" width=\"363\">\n<thead>\n<tr>\n<th>Grassi<\/th>\n<th>0.09 g\/100 g<\/th>\n<\/tr>\n<\/thead>\n<tbody>\n<tr>\n<td>Valore energetico<\/td>\n<td>25 kcal\/100 g<\/td>\n<\/tr>\n<tr>\n<td>Carboidrati<\/td>\n<td>4.40 g\/100 g<\/td>\n<\/tr>\n<tr>\n<td>Fibra<\/td>\n<td>1.20 g\/100 g<\/td>\n<\/tr>\n<tr>\n<td>Sodio<\/td>\n<td>1.6 g\/100 g<\/td>\n<\/tr>\n<tr>\n<td>Proteine<\/td>\n<td>1.09 g\/100 g<\/td>\n<\/tr>\n<tr>\n<td>Grassi saturi<\/td>\n<td>0.03 g\/100 g<\/td>\n<\/tr>\n<\/tbody>\n<\/table>\n<\/div>\n<\/div>\n<\/div>","protected":false},"excerpt":{"rendered":"<p>Cetrioli Raureni in aceto 680 g<\/p>","protected":false},"featured_media":25853,"comment_status":"open","ping_status":"closed","template":"","meta":{"_acf_changed":false,"_seopress_robots_primary_cat":"none","_seopress_titles_title":"","_seopress_titles_desc":"Raureni Castraveti in otet 680 g livrare rapida din stoc Bucuresti! Preturi mici, transport gratuit","_seopress_robots_index":""},"product_brand":[1904],"product_cat":[1555,1683],"giftcard-category":[],"class_list":{"0":"post-25852","1":"product","2":"type-product","3":"status-publish","4":"has-post-thumbnail","6":"product_brand-raureni","7":"product_cat-bacanie","8":"product_cat-conserve-mancare-gatita","10":"first","11":"outofstock","12":"taxable","13":"shipping-taxable","14":"purchasable","15":"product-type-simple"},"acf":[],"_links":{"self":[{"href":"https:\/\/totalblue.ro\/it\/wp-json\/wp\/v2\/product\/25852","targetHints":{"allow":["GET"]}}],"collection":[{"href":"https:\/\/totalblue.ro\/it\/wp-json\/wp\/v2\/product"}],"about":[{"href":"https:\/\/totalblue.ro\/it\/wp-json\/wp\/v2\/types\/product"}],"replies":[{"embeddable":true,"href":"https:\/\/totalblue.ro\/it\/wp-json\/wp\/v2\/comments?post=25852"}],"wp:featuredmedia":[{"embeddable":true,"href":"https:\/\/totalblue.ro\/it\/wp-json\/wp\/v2\/media\/25853"}],"wp:attachment":[{"href":"https:\/\/totalblue.ro\/it\/wp-json\/wp\/v2\/media?parent=25852"}],"wp:term":[{"taxonomy":"product_brand","embeddable":true,"href":"https:\/\/totalblue.ro\/it\/wp-json\/wp\/v2\/product_brand?post=25852"},{"taxonomy":"product_cat","embeddable":true,"href":"https:\/\/totalblue.ro\/it\/wp-json\/wp\/v2\/product_cat?post=25852"},{"taxonomy":"giftcard-category","embeddable":true,"href":"https:\/\/totalblue.ro\/it\/wp-json\/wp\/v2\/giftcard-category?post=25852"}],"curies":[{"name":"wp","href":"https:\/\/api.w.org\/{rel}","templated":true}]}}