{"id":26239,"date":"2020-11-23T13:51:13","date_gmt":"2020-11-23T11:51:13","guid":{"rendered":"https:\/\/totalblue.ro\/?post_type=product&#038;p=26239"},"modified":"2025-08-05T13:15:48","modified_gmt":"2025-08-05T10:15:48","slug":"mazare-verde-boabe-dulce-800g-bonduelle","status":"publish","type":"product","link":"https:\/\/totalblue.ro\/it\/produs\/mazare-verde-boabe-dulce-800g-bonduelle\/","title":{"rendered":"Mazare verde boabe dulce 800g Bonduelle"},"content":{"rendered":"<p>Mazare verde boabe dulce, produs sterilizat.F\u0103r\u0103 conservan\u0163i, bogat\u0103 \u00een fibre.<br \/>\nSe preg\u0103te\u015fte la cald. Delicioas\u0103 \u00een garniturile calde dar \u015fi \u00een salate.<br \/>\nIngrediente:<br \/>\nMazare verde boabe dulce necalibrata, apa, zahar, sare.<br \/>\nConservare in un luogo fresco e asciutto.<br \/>\nDupa deschidere, a se pastra in frigider la max. 4 grade Celsius, intr-un recipient alimentar curat si inchis, si a se consuma in max 48h.<\/p>","protected":false},"excerpt":{"rendered":"<p>Mazare verde boabe dulce, produs sterilizat.F\u0103r\u0103 conservan\u0163i, bogat\u0103 \u00een fibre.<br \/>\nSe preg\u0103te\u015fte la cald. Delicioas\u0103 \u00een garniturile calde dar \u015fi \u00een salate.<\/p>","protected":false},"featured_media":26240,"comment_status":"open","ping_status":"closed","template":"","meta":{"_acf_changed":false,"_seopress_robots_primary_cat":"none","_seopress_titles_title":"","_seopress_titles_desc":"Bonduelle Mazare verde dulce necalibrata 800 g livrare rapida din stoc Bucuresti! Preturi mici, transport gratuit","_seopress_robots_index":""},"product_brand":[1804],"product_cat":[1555,1683],"giftcard-category":[],"class_list":{"0":"post-26239","1":"product","2":"type-product","3":"status-publish","4":"has-post-thumbnail","6":"product_brand-bonduelle","7":"product_cat-bacanie","8":"product_cat-conserve-mancare-gatita","10":"first","11":"outofstock","12":"taxable","13":"shipping-taxable","14":"purchasable","15":"product-type-simple"},"acf":[],"_links":{"self":[{"href":"https:\/\/totalblue.ro\/it\/wp-json\/wp\/v2\/product\/26239","targetHints":{"allow":["GET"]}}],"collection":[{"href":"https:\/\/totalblue.ro\/it\/wp-json\/wp\/v2\/product"}],"about":[{"href":"https:\/\/totalblue.ro\/it\/wp-json\/wp\/v2\/types\/product"}],"replies":[{"embeddable":true,"href":"https:\/\/totalblue.ro\/it\/wp-json\/wp\/v2\/comments?post=26239"}],"wp:featuredmedia":[{"embeddable":true,"href":"https:\/\/totalblue.ro\/it\/wp-json\/wp\/v2\/media\/26240"}],"wp:attachment":[{"href":"https:\/\/totalblue.ro\/it\/wp-json\/wp\/v2\/media?parent=26239"}],"wp:term":[{"taxonomy":"product_brand","embeddable":true,"href":"https:\/\/totalblue.ro\/it\/wp-json\/wp\/v2\/product_brand?post=26239"},{"taxonomy":"product_cat","embeddable":true,"href":"https:\/\/totalblue.ro\/it\/wp-json\/wp\/v2\/product_cat?post=26239"},{"taxonomy":"giftcard-category","embeddable":true,"href":"https:\/\/totalblue.ro\/it\/wp-json\/wp\/v2\/giftcard-category?post=26239"}],"curies":[{"name":"wp","href":"https:\/\/api.w.org\/{rel}","templated":true}]}}