{"id":26251,"date":"2020-11-23T15:11:48","date_gmt":"2020-11-23T13:11:48","guid":{"rendered":"https:\/\/totalblue.ro\/?post_type=product&#038;p=26251"},"modified":"2025-08-05T13:24:00","modified_gmt":"2025-08-05T10:24:00","slug":"faina-alba-din-grau-superioara-000-1kg-boromir","status":"publish","type":"product","link":"https:\/\/totalblue.ro\/it\/produs\/faina-alba-din-grau-superioara-000-1kg-boromir\/","title":{"rendered":"Farina di grano bianco superiore 000 000 1kg Boromir"},"content":{"rendered":"<p>La baza fiecarei prajituri de calitate nu sta topingul, ci faina. Daca aceasta este de calitate, preparatul va fi cu siguranta delicios.<br \/>\nFaina alba superioara 000 Boromir este ideala pentru prepararea urmatoarelor produse: foi de placinta, foietaje, cozonaci, gogosi, cornuri dospite si multe altele.<br \/>\nNu trebuie sa lipseasca din bucataria ta, daca te gandesti in cate preparate o poti folosi.<br \/>\nProdus ob\u0163inut prin m\u0103cinarea gr\u00e2ului.<br \/>\nIngrediente: f\u0103in\u0103 alb\u0103 de gr\u00e2u 000, enzime, agen\u021bi de tratare a f\u0103inii ( gluten vital, acid ascorbic ).<br \/>\nCon\u0163inut de cenu\u0219\u0103 raportat la substan\u021b\u0103 uscat\u0103: max. 0,48%. Umiditate: maximum 14,5 %.<\/p>\n<p>Informa\u021bii nutri\u021bionale &#8211; Per 100 g produs:<br \/>\nValoare energetica 1450,0 kJ \/ 347,0 kcal,<br \/>\nGrasimi 0,9 g,<br \/>\ndin care acizi gra\u0219i satura\u021bi 0,14 g,<br \/>\nGlucide 74,2 g,<br \/>\ndin care zaharuri 1,8 g,<br \/>\nProteine 10,3 g,<br \/>\nSare 0,005<\/p>","protected":false},"excerpt":{"rendered":"<p>La baza fiecarei prajituri de calitate nu sta topingul, ci faina. Daca aceasta este de calitate, preparatul va fi cu siguranta delicios.<\/p>","protected":false},"featured_media":26252,"comment_status":"open","ping_status":"closed","template":"","meta":{"_acf_changed":false,"_seopress_robots_primary_cat":"none","_seopress_titles_title":"Faina alba din grau superioara 000 1kg Boromir, faina calitatea 1 ","_seopress_titles_desc":"Cauti Faina alba din grau superioara 000 1kg Boromir, faina calitatea 1 ? Cumpara acum ieftin cu livrare rapida faina alba Boromir, faina 000, faina.","_seopress_robots_index":""},"product_brand":[1805],"product_cat":[1555,1362],"giftcard-category":[],"class_list":{"0":"post-26251","1":"product","2":"type-product","3":"status-publish","4":"has-post-thumbnail","6":"product_brand-boromir","7":"product_cat-bacanie","8":"product_cat-ulei-orez-faina-zahar","10":"first","11":"outofstock","12":"taxable","13":"shipping-taxable","14":"purchasable","15":"product-type-simple"},"acf":[],"_links":{"self":[{"href":"https:\/\/totalblue.ro\/it\/wp-json\/wp\/v2\/product\/26251","targetHints":{"allow":["GET"]}}],"collection":[{"href":"https:\/\/totalblue.ro\/it\/wp-json\/wp\/v2\/product"}],"about":[{"href":"https:\/\/totalblue.ro\/it\/wp-json\/wp\/v2\/types\/product"}],"replies":[{"embeddable":true,"href":"https:\/\/totalblue.ro\/it\/wp-json\/wp\/v2\/comments?post=26251"}],"wp:featuredmedia":[{"embeddable":true,"href":"https:\/\/totalblue.ro\/it\/wp-json\/wp\/v2\/media\/26252"}],"wp:attachment":[{"href":"https:\/\/totalblue.ro\/it\/wp-json\/wp\/v2\/media?parent=26251"}],"wp:term":[{"taxonomy":"product_brand","embeddable":true,"href":"https:\/\/totalblue.ro\/it\/wp-json\/wp\/v2\/product_brand?post=26251"},{"taxonomy":"product_cat","embeddable":true,"href":"https:\/\/totalblue.ro\/it\/wp-json\/wp\/v2\/product_cat?post=26251"},{"taxonomy":"giftcard-category","embeddable":true,"href":"https:\/\/totalblue.ro\/it\/wp-json\/wp\/v2\/giftcard-category?post=26251"}],"curies":[{"name":"wp","href":"https:\/\/api.w.org\/{rel}","templated":true}]}}