{"id":26322,"date":"2020-11-25T11:33:01","date_gmt":"2020-11-25T09:33:01","guid":{"rendered":"https:\/\/totalblue.ro\/?post_type=product&#038;p=26322"},"modified":"2025-08-25T11:15:25","modified_gmt":"2025-08-25T08:15:25","slug":"muraturi-asortate-picante-in-saramura-4250ml","status":"publish","type":"product","link":"https:\/\/totalblue.ro\/it\/produs\/muraturi-asortate-picante-in-saramura-4250ml\/","title":{"rendered":"Sottaceti piccanti in salamoia 4,250ml"},"content":{"rendered":"<div id=\"tab-description\" class=\"woocommerce-Tabs-panel woocommerce-Tabs-panel--description panel entry-content active\" role=\"tabpanel\" aria-labelledby=\"tab-title-description\">\n<div class=\"moz-text-html\" lang=\"x-unicode\">\n<div dir=\"ltr\">\n<div>Muraturi asortate picante in saramura 4,250ml, Homemade by Alice<br \/>\n<strong><strong>Ingrediente: <\/strong><\/strong>Gogonele, Castraveti, Conopida, Varza, Ardei Iute, Morcovi, Radacina de Hrean, Telina, Tije de m\u0103rar, Crengu\u0163e de cimbru, Frunze de \u0163elin\u0103, Crengu\u0163e de vi\u015fin, Usturoi, Boabe de Piper, Boabe de Mustar, Sare neiodat\u0103<br \/>\n<strong>Allergeni:<\/strong> telina, frunze telina, boabe de mustar<br \/>\nProdus 100% natural. Fara conservanti. Fara coloranti.<br \/>\n<strong><strong>Condizioni di conservazione: <\/strong><\/strong>A se depozita in incaperi bine aerisite cu temperaturi ce nu depasesc 20\u00b0C. A se pastra la rece dupa deschidere (4\u20268\u00b0C)<br \/>\nAmbalat in recipiente inchise ermetic.<\/div>\n<\/div>\n<\/div>\n<\/div>","protected":false},"excerpt":{"rendered":"<p><span class=\"col-md-6 col-sm-6 col-xs-12\"><strong>Datorita greutatii si volumului destul de mare acest produs se livreaza DOAR in Bucuresti si Ilfov!<\/strong><\/span><\/p>","protected":false},"featured_media":26328,"comment_status":"open","ping_status":"closed","template":"","meta":{"_acf_changed":false,"_seopress_robots_primary_cat":"1457","_seopress_titles_title":"","_seopress_titles_desc":"Muraturi asortate picante in saramura 4,250ml. Produs 100% natural. Fara conservanti. Fara coloranti.","_seopress_robots_index":""},"product_brand":[1853],"product_cat":[1457,27076,27084],"giftcard-category":[],"class_list":{"0":"post-26322","1":"product","2":"type-product","3":"status-publish","4":"has-post-thumbnail","6":"product_brand-homemade-by-alice","7":"product_cat-homemade","8":"product_cat-mancare-gatita","9":"product_cat--muraturi","11":"first","12":"outofstock","13":"taxable","14":"shipping-taxable","15":"purchasable","16":"product-type-simple"},"acf":[],"_links":{"self":[{"href":"https:\/\/totalblue.ro\/it\/wp-json\/wp\/v2\/product\/26322","targetHints":{"allow":["GET"]}}],"collection":[{"href":"https:\/\/totalblue.ro\/it\/wp-json\/wp\/v2\/product"}],"about":[{"href":"https:\/\/totalblue.ro\/it\/wp-json\/wp\/v2\/types\/product"}],"replies":[{"embeddable":true,"href":"https:\/\/totalblue.ro\/it\/wp-json\/wp\/v2\/comments?post=26322"}],"wp:featuredmedia":[{"embeddable":true,"href":"https:\/\/totalblue.ro\/it\/wp-json\/wp\/v2\/media\/26328"}],"wp:attachment":[{"href":"https:\/\/totalblue.ro\/it\/wp-json\/wp\/v2\/media?parent=26322"}],"wp:term":[{"taxonomy":"product_brand","embeddable":true,"href":"https:\/\/totalblue.ro\/it\/wp-json\/wp\/v2\/product_brand?post=26322"},{"taxonomy":"product_cat","embeddable":true,"href":"https:\/\/totalblue.ro\/it\/wp-json\/wp\/v2\/product_cat?post=26322"},{"taxonomy":"giftcard-category","embeddable":true,"href":"https:\/\/totalblue.ro\/it\/wp-json\/wp\/v2\/giftcard-category?post=26322"}],"curies":[{"name":"wp","href":"https:\/\/api.w.org\/{rel}","templated":true}]}}