{"id":26337,"date":"2020-11-25T12:26:36","date_gmt":"2020-11-25T10:26:36","guid":{"rendered":"https:\/\/totalblue.ro\/?post_type=product&#038;p=26337"},"modified":"2025-08-05T14:33:25","modified_gmt":"2025-08-05T11:33:25","slug":"pasta-de-naut-darinne-380g","status":"publish","type":"product","link":"https:\/\/totalblue.ro\/it\/produs\/pasta-de-naut-darinne-380g\/","title":{"rendered":"Pasta de naut Darinne 370g"},"content":{"rendered":"<p>Pasta de naut Darinne 370g<br \/>\n<strong>Ingrediente:<\/strong> Naut, pasta de susan, sare, corector de aciditate: acid citric.<br \/>\nNutrizione:<\/p>\n<table class=\"table table-bordered\" style=\"height: 134px\" width=\"359\">\n<tbody>\n<tr>\n<td>Grasimi-Lipide<\/td>\n<td>19.7g<\/td>\n<\/tr>\n<tr>\n<td>Valoare energetica pe 100g produs Kcal<\/td>\n<td>300Kcal<\/td>\n<\/tr>\n<tr>\n<td>Proteine<\/td>\n<td>9.6g<\/td>\n<\/tr>\n<tr>\n<td>Glucide-Carbohidrati<\/td>\n<td>21g<\/td>\n<\/tr>\n<\/tbody>\n<\/table>","protected":false},"excerpt":{"rendered":"<p>Pasta de naut Darinne 370g<\/p>","protected":false},"featured_media":26338,"comment_status":"open","ping_status":"closed","template":"","meta":{"_acf_changed":false,"_seopress_robots_primary_cat":"none","_seopress_titles_title":"","_seopress_titles_desc":"Pasta de naut Darinne 380g, produs pasteurizat. F\u0103r\u0103 conservan\u0163i,livrare rapida din stoc Bucuresti! Preturi mici, transport gratuit","_seopress_robots_index":""},"product_brand":[1820],"product_cat":[1555,1683],"giftcard-category":[],"class_list":{"0":"post-26337","1":"product","2":"type-product","3":"status-publish","4":"has-post-thumbnail","6":"product_brand-darinne","7":"product_cat-bacanie","8":"product_cat-conserve-mancare-gatita","10":"first","11":"outofstock","12":"taxable","13":"shipping-taxable","14":"purchasable","15":"product-type-simple"},"acf":[],"_links":{"self":[{"href":"https:\/\/totalblue.ro\/it\/wp-json\/wp\/v2\/product\/26337","targetHints":{"allow":["GET"]}}],"collection":[{"href":"https:\/\/totalblue.ro\/it\/wp-json\/wp\/v2\/product"}],"about":[{"href":"https:\/\/totalblue.ro\/it\/wp-json\/wp\/v2\/types\/product"}],"replies":[{"embeddable":true,"href":"https:\/\/totalblue.ro\/it\/wp-json\/wp\/v2\/comments?post=26337"}],"wp:featuredmedia":[{"embeddable":true,"href":"https:\/\/totalblue.ro\/it\/wp-json\/wp\/v2\/media\/26338"}],"wp:attachment":[{"href":"https:\/\/totalblue.ro\/it\/wp-json\/wp\/v2\/media?parent=26337"}],"wp:term":[{"taxonomy":"product_brand","embeddable":true,"href":"https:\/\/totalblue.ro\/it\/wp-json\/wp\/v2\/product_brand?post=26337"},{"taxonomy":"product_cat","embeddable":true,"href":"https:\/\/totalblue.ro\/it\/wp-json\/wp\/v2\/product_cat?post=26337"},{"taxonomy":"giftcard-category","embeddable":true,"href":"https:\/\/totalblue.ro\/it\/wp-json\/wp\/v2\/giftcard-category?post=26337"}],"curies":[{"name":"wp","href":"https:\/\/api.w.org\/{rel}","templated":true}]}}