{"id":26675,"date":"2020-12-29T13:11:55","date_gmt":"2020-12-29T11:11:55","guid":{"rendered":"https:\/\/totalblue.ro\/?post_type=product&#038;p=26675"},"modified":"2025-08-07T11:42:25","modified_gmt":"2025-08-07T08:42:25","slug":"olympia-fasole-verde-pastai-720ml","status":"publish","type":"product","link":"https:\/\/totalblue.ro\/it\/produs\/olympia-fasole-verde-pastai-720ml\/","title":{"rendered":"Olympia &#8211; Fasole verde pastai 720ml"},"content":{"rendered":"<p>Olympia &#8211; Fasole verde pastai 720ml<br \/>\nIngrediente: fasole verde pastai taiata, apa, sare .<br \/>\nConservare in un luogo fresco e asciutto.<\/p>","protected":false},"excerpt":{"rendered":"<p>Olympia &#8211; Fasole verde pastai 720ml<\/p>","protected":false},"featured_media":26676,"comment_status":"open","ping_status":"closed","template":"","meta":{"_acf_changed":false,"_seopress_robots_primary_cat":"none","_seopress_titles_title":"","_seopress_titles_desc":"Olympia - Fasole verde pastai 720ml. F\u0103r\u0103 conservan\u0163i, bogat\u0103 \u00een fibre. livrare rapida din stoc Bucuresti! Preturi mici, transport gratuit","_seopress_robots_index":""},"product_brand":[1887],"product_cat":[1555,1683],"giftcard-category":[],"class_list":{"0":"post-26675","1":"product","2":"type-product","3":"status-publish","4":"has-post-thumbnail","6":"product_brand-olympia","7":"product_cat-bacanie","8":"product_cat-conserve-mancare-gatita","10":"first","11":"outofstock","12":"taxable","13":"shipping-taxable","14":"purchasable","15":"product-type-simple"},"acf":[],"_links":{"self":[{"href":"https:\/\/totalblue.ro\/it\/wp-json\/wp\/v2\/product\/26675","targetHints":{"allow":["GET"]}}],"collection":[{"href":"https:\/\/totalblue.ro\/it\/wp-json\/wp\/v2\/product"}],"about":[{"href":"https:\/\/totalblue.ro\/it\/wp-json\/wp\/v2\/types\/product"}],"replies":[{"embeddable":true,"href":"https:\/\/totalblue.ro\/it\/wp-json\/wp\/v2\/comments?post=26675"}],"wp:featuredmedia":[{"embeddable":true,"href":"https:\/\/totalblue.ro\/it\/wp-json\/wp\/v2\/media\/26676"}],"wp:attachment":[{"href":"https:\/\/totalblue.ro\/it\/wp-json\/wp\/v2\/media?parent=26675"}],"wp:term":[{"taxonomy":"product_brand","embeddable":true,"href":"https:\/\/totalblue.ro\/it\/wp-json\/wp\/v2\/product_brand?post=26675"},{"taxonomy":"product_cat","embeddable":true,"href":"https:\/\/totalblue.ro\/it\/wp-json\/wp\/v2\/product_cat?post=26675"},{"taxonomy":"giftcard-category","embeddable":true,"href":"https:\/\/totalblue.ro\/it\/wp-json\/wp\/v2\/giftcard-category?post=26675"}],"curies":[{"name":"wp","href":"https:\/\/api.w.org\/{rel}","templated":true}]}}