{"id":27043,"date":"2021-02-01T10:12:03","date_gmt":"2021-02-01T08:12:03","guid":{"rendered":"https:\/\/totalblue.ro\/?post_type=product&#038;p=27043"},"modified":"2026-02-07T18:05:58","modified_gmt":"2026-02-07T16:05:58","slug":"supa-chinezeasca-de-rosii-unox-olanda-570-ml","status":"publish","type":"product","link":"https:\/\/totalblue.ro\/it\/produs\/supa-chinezeasca-de-rosii-unox-olanda-570-ml\/","title":{"rendered":"Zuppa di pomodoro cinese Unox Paesi Bassi 570 ml"},"content":{"rendered":"<p>Quantit\u00e0 ideale per 2 porzioni di zuppa.<\/p>\n<p>Zuppa di pomodoro cinese Unox Paesi Bassi 570 ml<br \/>\nSupa chinezeasca de rosii Unox este o supa vegetariana delicioasa, bogata in legume si vitamine!<br \/>\nSupa chinezeasca de rosii Unox este una dintre cele mai delicioase supe olandeze.<br \/>\nIl marchio olandese Unox produce le migliori zuppe olandesi dal 1957.  Poich\u00e9 Unox lavora continuamente per migliorare i suoi prodotti, oltre alle zuppe classiche, troviamo un'ampia gamma di deliziose zuppe pronte.<br \/>\n<strong>Preparazione:<\/strong> Non cuocere la confezione al microonde! Non cuocere la zuppa! Mettere la zuppa in una ciotola e scaldarla nel microonde per 3 minuti a circa 600 watt oppure scaldarla direttamente in una casseruola o in una pentola mescolando delicatamente. Dopo il riscaldamento \u00e8 pronta da gustare!<br \/>\n<strong>Ingrediente:<\/strong> legume 63% (ro\u0219ii 50%, ceap\u0103 6,3%, morcovi 3,2%, ceapa verde 2,2%), ap\u0103, zah\u0103r, ulei de floarea-soarelui, t\u0103i\u021bei 1,6% ( GR\u00c2U tare, PROTEIN\u0102 DE OU uscate), amidon de porumb modificat, o\u021bet, extract de drojdie, sare iodat\u0103, ardei ro\u0219u, ap\u0103, sare, o\u021bet, amidon modificat, sare, concentrat de suc de l\u0103m\u00e2ie, piure de usturoi, arom\u0103.<br \/>\n<strong>Condizioni di conservazione:<\/strong><br \/>\nConservare in un luogo fresco e asciutto.<br \/>\nDopo l'apertura, conservare coperto in frigorifero e consumare entro 48 ore.<br \/>\n<strong>Allergeni:<\/strong><br \/>\nContine: Ou\u0103, lapte, gr\u00e2u<br \/>\nPoate contine: soia<br \/>\nProdotto nei Paesi Bassi da Unilever Nederland Unox, Postbus 160 3000 AD Rotterdam<br \/>\nImportatore e distributore Total Blue Impex SRL<br \/>\n<strong>Nutrizione:<\/strong><br \/>\nEnergie 252 kJ (60 kcal)<br \/>\nGr\u0103sime 2,5 g din care satura\u021bi 0,4 g<br \/>\nCarbohidra\u021bi 7,1 g din care zaharuri 4,1 g<br \/>\nFibre alimentare 2 g<br \/>\nProteine \u200b\u200b1,4 g<br \/>\nSale 0,67 g<\/p>","protected":false},"excerpt":{"rendered":"<p>Unox Speciaal Chinese Tomaten Soep 570ml<br \/>\nZuppa di pomodoro cinese Unox Paesi Bassi 570 ml<\/p>","protected":false},"featured_media":217683,"comment_status":"open","ping_status":"closed","template":"","meta":{"_acf_changed":false,"_seopress_robots_primary_cat":"none","_seopress_titles_title":"","_seopress_titles_desc":"Comanda acum delicioasa supa chinezeasca de rosii Unox Olanda 570 ml. Unox Speciaal Chinese Tomaten Soep 570ml","_seopress_robots_index":""},"product_brand":[1925],"product_cat":[1555,1683,3272,1767],"giftcard-category":[],"class_list":{"0":"post-27043","1":"product","2":"type-product","3":"status-publish","4":"has-post-thumbnail","6":"product_brand-unox","7":"product_cat-bacanie","8":"product_cat-conserve-mancare-gatita","9":"product_cat-conserve","10":"product_cat-produse-olanda","12":"first","13":"outofstock","14":"taxable","15":"shipping-taxable","16":"purchasable","17":"product-type-simple"},"acf":[],"_links":{"self":[{"href":"https:\/\/totalblue.ro\/it\/wp-json\/wp\/v2\/product\/27043","targetHints":{"allow":["GET"]}}],"collection":[{"href":"https:\/\/totalblue.ro\/it\/wp-json\/wp\/v2\/product"}],"about":[{"href":"https:\/\/totalblue.ro\/it\/wp-json\/wp\/v2\/types\/product"}],"replies":[{"embeddable":true,"href":"https:\/\/totalblue.ro\/it\/wp-json\/wp\/v2\/comments?post=27043"}],"wp:featuredmedia":[{"embeddable":true,"href":"https:\/\/totalblue.ro\/it\/wp-json\/wp\/v2\/media\/217683"}],"wp:attachment":[{"href":"https:\/\/totalblue.ro\/it\/wp-json\/wp\/v2\/media?parent=27043"}],"wp:term":[{"taxonomy":"product_brand","embeddable":true,"href":"https:\/\/totalblue.ro\/it\/wp-json\/wp\/v2\/product_brand?post=27043"},{"taxonomy":"product_cat","embeddable":true,"href":"https:\/\/totalblue.ro\/it\/wp-json\/wp\/v2\/product_cat?post=27043"},{"taxonomy":"giftcard-category","embeddable":true,"href":"https:\/\/totalblue.ro\/it\/wp-json\/wp\/v2\/giftcard-category?post=27043"}],"curies":[{"name":"wp","href":"https:\/\/api.w.org\/{rel}","templated":true}]}}