{"id":27051,"date":"2021-02-01T11:04:38","date_gmt":"2021-02-01T09:04:38","guid":{"rendered":"https:\/\/totalblue.ro\/?post_type=product&#038;p=27051"},"modified":"2026-01-09T16:34:37","modified_gmt":"2026-01-09T14:34:37","slug":"supa-delicioasa-de-rosii-cu-perisoare-unox-olanda-570-ml","status":"publish","type":"product","link":"https:\/\/totalblue.ro\/it\/produs\/supa-delicioasa-de-rosii-cu-perisoare-unox-olanda-570-ml\/","title":{"rendered":"Unox Paesi Bassi Deliziosa zuppa di pomodoro con pere 570 ml"},"content":{"rendered":"<p>Quantit\u00e0 ideale per 2 porzioni di zuppa.<\/p>\n<p>Unox Paesi Bassi Deliziosa zuppa di pomodoro con pere 570 ml<br \/>\nSupa de rosii cu perisoare Unox este o supa delicioasa, bogata in arome si preparata cu cele mai proaspete legume!<br \/>\nIl marchio olandese Unox produce le migliori zuppe olandesi dal 1957.  Poich\u00e9 Unox lavora continuamente per migliorare i suoi prodotti, oltre alle zuppe classiche, troviamo un'ampia gamma di deliziose zuppe pronte.<br \/>\n<strong>Preparazione:<\/strong>Non cuocere la confezione al microonde! Non cuocere la zuppa! Mettere la zuppa in una ciotola e scaldarla nel microonde per 3 minuti a circa 600 watt oppure scaldarla direttamente in una casseruola o in una pentola mescolando delicatamente. Dopo il riscaldamento \u00e8 pronta da gustare!<br \/>\n<strong>Ingrediente:<\/strong> Legume 88,7% (ro\u0219ii 77,7% (ro\u0219ii, past\u0103 de ro\u0219ii), ceap\u0103, dovlecei 2,4%, morcovi, TELINA, ardei ro\u0219u 1,5%, piper galben 0,6%), perisoare 5,2% (carne de porc 62%, carne de vit\u0103 19%, ap\u0103 , amidon de cartofi, acid alimentar E330, sare, stabilizator (E451, E452), piper, coriandru, extract de nuc\u0219oar\u0103), zah\u0103r, ulei de rapi\u021b\u0103, amidon de porumb modificat, sare iodat\u0103, extract de drojdie (con\u021bine ORZ), fructoz\u0103, arom\u0103 natural\u0103, sare , maltodextrin\u0103, frunze de dafin, extract de vin alb, o\u021bet balsamic (o\u021bet de vin, must de struguri),<br \/>\n<strong>Condizioni di conservazione:<\/strong><br \/>\nConservare in un luogo fresco e asciutto.<br \/>\nDopo l'apertura, conservare coperto in frigorifero e consumare entro 48 ore.<br \/>\n<strong>Allergeni:<\/strong><br \/>\nContine: telina, orz<br \/>\nPoate contine: oua, lapte, soia, mustar<br \/>\nProdotto nei Paesi Bassi da Unilever Nederland Unox, Postbus 160 3000 AD Rotterdam<br \/>\nImportatore e distributore Total Blue Impex SRL<\/p>\n<p><strong>Nutrizione:<\/strong><br \/>\nEnergie 202 kJ \/ (48 kcal)<br \/>\nGr\u0103simi 2 g din care satura\u021bi 0,5 g<br \/>\nCarbohidra\u021bi 5.4 g din care zaharuri 3.7 g<br \/>\nFibre alimentare 1.2 g<br \/>\nProteine \u200b\u200b1,6 g<br \/>\nSale 0,58 g<\/p>","protected":false},"excerpt":{"rendered":"<p>Unox Speciaal Klassieke Tomaten Soep 570ml<br \/>\nUnox Paesi Bassi Deliziosa zuppa di pomodoro con pere 570 ml<\/p>","protected":false},"featured_media":217732,"comment_status":"open","ping_status":"closed","template":"","meta":{"_acf_changed":false,"_seopress_robots_primary_cat":"none","_seopress_titles_title":"","_seopress_titles_desc":"Comanda acum delicioasa supa de rosii cu perisoare Unox Olanda 570 ml. Unox Speciaal Klassieke Tomaten Soep 570ml","_seopress_robots_index":""},"product_brand":[1925],"product_cat":[1555,1683,3272,1767],"giftcard-category":[],"class_list":{"0":"post-27051","1":"product","2":"type-product","3":"status-publish","4":"has-post-thumbnail","6":"product_brand-unox","7":"product_cat-bacanie","8":"product_cat-conserve-mancare-gatita","9":"product_cat-conserve","10":"product_cat-produse-olanda","12":"first","13":"outofstock","14":"taxable","15":"shipping-taxable","16":"purchasable","17":"product-type-simple"},"acf":[],"_links":{"self":[{"href":"https:\/\/totalblue.ro\/it\/wp-json\/wp\/v2\/product\/27051","targetHints":{"allow":["GET"]}}],"collection":[{"href":"https:\/\/totalblue.ro\/it\/wp-json\/wp\/v2\/product"}],"about":[{"href":"https:\/\/totalblue.ro\/it\/wp-json\/wp\/v2\/types\/product"}],"replies":[{"embeddable":true,"href":"https:\/\/totalblue.ro\/it\/wp-json\/wp\/v2\/comments?post=27051"}],"wp:featuredmedia":[{"embeddable":true,"href":"https:\/\/totalblue.ro\/it\/wp-json\/wp\/v2\/media\/217732"}],"wp:attachment":[{"href":"https:\/\/totalblue.ro\/it\/wp-json\/wp\/v2\/media?parent=27051"}],"wp:term":[{"taxonomy":"product_brand","embeddable":true,"href":"https:\/\/totalblue.ro\/it\/wp-json\/wp\/v2\/product_brand?post=27051"},{"taxonomy":"product_cat","embeddable":true,"href":"https:\/\/totalblue.ro\/it\/wp-json\/wp\/v2\/product_cat?post=27051"},{"taxonomy":"giftcard-category","embeddable":true,"href":"https:\/\/totalblue.ro\/it\/wp-json\/wp\/v2\/giftcard-category?post=27051"}],"curies":[{"name":"wp","href":"https:\/\/api.w.org\/{rel}","templated":true}]}}