{"id":27056,"date":"2021-02-01T11:33:41","date_gmt":"2021-02-01T09:33:41","guid":{"rendered":"https:\/\/totalblue.ro\/?post_type=product&#038;p=27056"},"modified":"2025-10-24T15:09:54","modified_gmt":"2025-10-24T12:09:54","slug":"supa-crema-de-ciuperci-champignon-unox-olanda-570-ml","status":"publish","type":"product","link":"https:\/\/totalblue.ro\/it\/produs\/supa-crema-de-ciuperci-champignon-unox-olanda-570-ml\/","title":{"rendered":"Crema di funghi con funghi Champignon Unox Olanda 570 ml"},"content":{"rendered":"<p>Quantit\u00e0 ideale per 2 porzioni di zuppa.<\/p>\n<p>Crema di funghi con funghi Champignon Unox Olanda 570 ml<br \/>\nSupa-crema de ciuperci cu ceapa si arpagic este una dintre supele delicioase ale Unox. Punga contine mai mult de doua castroane de supa.<br \/>\nIl marchio olandese Unox produce le migliori zuppe olandesi dal 1957.  Poich\u00e9 Unox lavora continuamente per migliorare i suoi prodotti, oltre alle zuppe classiche, troviamo un'ampia gamma di deliziose zuppe pronte.<br \/>\n<strong>Preparazione:\u00a0<\/strong>Non cuocere la confezione al microonde! Non cuocere la zuppa! Mettere la zuppa in una ciotola e scaldarla nel microonde per 3 minuti a circa 600 watt oppure scaldarla direttamente in una casseruola o in una pentola mescolando delicatamente. Dopo il riscaldamento \u00e8 pronta da gustare!<br \/>\n<strong>Ingrediente:<\/strong> ap\u0103, ciuperci 12,4%, ceap\u0103 2,2%, ulei de rapi\u021b\u0103, f\u0103in\u0103 de gr\u00e2u, amidon de porumb modificat, pulbere de lapte unt, arpagic 0,5%, extract de drojdie (con\u021bine ORZ), sare iodat\u0103, stabilizator (E451, E452), suc concentrat , maltodextrin\u0103, arom\u0103, sare, pulbere de ceap\u0103, usturoi, extract de vin alb, o\u021bet balsamic (o\u021bet de vin, must de struguri).<br \/>\n<strong>Condizioni di conservazione:<\/strong><br \/>\nConservare in un luogo fresco e asciutto.<br \/>\nDopo l'apertura, conservare coperto in frigorifero e consumare entro 48 ore.<br \/>\n<strong>Allergeni:<\/strong><br \/>\nPoate con\u021bine ou, soia, \u021belin\u0103 \u0219i mu\u0219tar.<br \/>\nProdotto nei Paesi Bassi da Unilever Nederland Unox, Postbus 160 3000 AD Rotterdam<br \/>\nImportatore e distributore Total Blue Impex SRL<\/p>\n<p><strong>Nutrizione:<\/strong><br \/>\nEnergie 175 KJ \/ 42 kcal<br \/>\nGrasime 2,3 g acizi gra\u0219i satura\u021bi 0,2 g<br \/>\nCarbohidra\u021bi 3,8 g din care zaharuri 1 g<br \/>\nFibra alimentare &lt; 0,5 g<br \/>\nProteine \u200b\u200b1,4 g<br \/>\nSale 0,67 g<\/p>","protected":false},"excerpt":{"rendered":"<p>Unox Speciaal Romige Champignon Soep 570ml<br \/>\nSupa-crema de ciuperci cu ceapa si arpagic este una dintre supele delicioase ale Unox.<\/p>","protected":false},"featured_media":107168,"comment_status":"open","ping_status":"closed","template":"","meta":{"_acf_changed":false,"_seopress_robots_primary_cat":"none","_seopress_titles_title":"","_seopress_titles_desc":"Comanda acum delicioasa supa-crema de ciuperci Champignon Unox Olanda 570 ml. Unox Speciaal Romige Champignon Soep 570ml","_seopress_robots_index":""},"product_brand":[1925],"product_cat":[1555,1683,3272,1767],"giftcard-category":[],"class_list":{"0":"post-27056","1":"product","2":"type-product","3":"status-publish","4":"has-post-thumbnail","6":"product_brand-unox","7":"product_cat-bacanie","8":"product_cat-conserve-mancare-gatita","9":"product_cat-conserve","10":"product_cat-produse-olanda","12":"first","13":"outofstock","14":"taxable","15":"shipping-taxable","16":"purchasable","17":"product-type-simple"},"acf":[],"_links":{"self":[{"href":"https:\/\/totalblue.ro\/it\/wp-json\/wp\/v2\/product\/27056","targetHints":{"allow":["GET"]}}],"collection":[{"href":"https:\/\/totalblue.ro\/it\/wp-json\/wp\/v2\/product"}],"about":[{"href":"https:\/\/totalblue.ro\/it\/wp-json\/wp\/v2\/types\/product"}],"replies":[{"embeddable":true,"href":"https:\/\/totalblue.ro\/it\/wp-json\/wp\/v2\/comments?post=27056"}],"wp:featuredmedia":[{"embeddable":true,"href":"https:\/\/totalblue.ro\/it\/wp-json\/wp\/v2\/media\/107168"}],"wp:attachment":[{"href":"https:\/\/totalblue.ro\/it\/wp-json\/wp\/v2\/media?parent=27056"}],"wp:term":[{"taxonomy":"product_brand","embeddable":true,"href":"https:\/\/totalblue.ro\/it\/wp-json\/wp\/v2\/product_brand?post=27056"},{"taxonomy":"product_cat","embeddable":true,"href":"https:\/\/totalblue.ro\/it\/wp-json\/wp\/v2\/product_cat?post=27056"},{"taxonomy":"giftcard-category","embeddable":true,"href":"https:\/\/totalblue.ro\/it\/wp-json\/wp\/v2\/giftcard-category?post=27056"}],"curies":[{"name":"wp","href":"https:\/\/api.w.org\/{rel}","templated":true}]}}