{"id":27060,"date":"2021-02-01T11:54:20","date_gmt":"2021-02-01T09:54:20","guid":{"rendered":"https:\/\/totalblue.ro\/?post_type=product&#038;p=27060"},"modified":"2025-08-01T15:43:44","modified_gmt":"2025-08-01T12:43:44","slug":"supa-indiana-de-curry-unox-olanda-570-ml","status":"publish","type":"product","link":"https:\/\/totalblue.ro\/it\/produs\/supa-indiana-de-curry-unox-olanda-570-ml\/","title":{"rendered":"Unox Paesi Bassi Zuppa di curry indiano 570 ml"},"content":{"rendered":"<p>Quantit\u00e0 ideale per 2 porzioni di zuppa.<\/p>\n<p>Unox Paesi Bassi Zuppa di curry indiano 570 ml<br \/>\nDescopera acum supa delicioasa de la Unox cu curry, taitei, legume si bucati de pui fraged!<br \/>\nIl marchio olandese Unox produce le migliori zuppe olandesi dal 1957.  Poich\u00e9 Unox lavora continuamente per migliorare i suoi prodotti, oltre alle zuppe classiche, troviamo un'ampia gamma di deliziose zuppe pronte.<br \/>\n<strong>Preparazione: <\/strong>Non cuocere la confezione al microonde! Non cuocere la zuppa! Mettere la zuppa in una ciotola e scaldarla nel microonde per 3 minuti a circa 600 watt oppure scaldarla direttamente in una casseruola o in una pentola mescolando delicatamente. Dopo il riscaldamento \u00e8 pronta da gustare!<br \/>\n<strong>Ingrediente:<\/strong> ap\u0103, legume 20% (morcovi 1 5,7%, ceap\u0103 1 3,4%, ro\u0219ii 1, arpagic 1 2%, ardei ro\u0219u 1 1,7%, germeni de fasole 1 1,7%) , carne de pui 4,3%, paste 3,8% (fidea (ap\u0103, GR\u00c2U dur, PROTEIN\u0102 DE OU)), lapte de nuc\u0103 de cocos, ulei de rapi\u021b\u0103, amidon de porumb modificat, f\u0103in\u0103 de GR\u00c2U, arom\u0103 natural\u0103 (con\u021bine GR\u00c2U, MUSTAR, TELINA) , sare mineral\u0103 (potasiu), condimente (curry 0,2% (turmeric, cayenne, ghimbir, chimen, piper negru, semin\u021be de coriandru, frunze de dafin), usturoi, chimen, ghimbir, nuc\u0219oar\u0103, turmeric, piper negru), extract de drojdie, sare iodat\u0103, stabilizator (E451, E452), sare, extract de vin alb, o\u021bet balsamic (must de struguri, o\u021bet de vin)<br \/>\n<strong>Condizioni di conservazione:<\/strong><br \/>\nConservare in un luogo fresco e asciutto.<br \/>\nDopo l'apertura, conservare coperto in frigorifero e consumare entro 48 ore.<br \/>\n<strong>Allergeni:<br \/>\n<\/strong>Contine: \u021aelin\u0103, ou\u0103, lapte, mu\u0219tar, gr\u00e2u, cereale care con\u021bin gluten<br \/>\nPoate contine: soia<br \/>\nProdotto nei Paesi Bassi da Unilever Nederland Unox, Postbus 160 3000 AD Rotterdam<br \/>\nImportatore e distributore Total Blue Impex SRL<\/p>\n<p><strong>Nutrizione:<\/strong><br \/>\nEnergie 240 kJ (57 kcal) \/ 100ml<br \/>\nGr\u0103sime 2,9 g<br \/>\ndin care satura\u021bi 1 g<br \/>\nCarbohidra\u021bi 4,8 g<br \/>\ndin care zaharuri 1,6 g<br \/>\nFibra alimentare 0,6 g<br \/>\nProteine 2,5 g<br \/>\nSare 0,63 g<\/p>","protected":false},"excerpt":{"rendered":"<p>Unox Extra Rijkgevulde Indiase Currysoep 570ml<br \/>\nDescopera acum supa delicioasa de la Unox cu curry, taitei, legume si bucati de pui fraged!<\/p>","protected":false},"featured_media":27061,"comment_status":"open","ping_status":"closed","template":"","meta":{"_acf_changed":false,"_seopress_robots_primary_cat":"none","_seopress_titles_title":"","_seopress_titles_desc":"Descopera acum supa delicioasa de la Unox cu curry, taitei, legume si bucati de pui fraged!Unox Extra Rijkgevulde Indiase Currysoep 570ml","_seopress_robots_index":""},"product_brand":[1925],"product_cat":[1555,1683,3272,1767],"giftcard-category":[],"class_list":{"0":"post-27060","1":"product","2":"type-product","3":"status-publish","4":"has-post-thumbnail","6":"product_brand-unox","7":"product_cat-bacanie","8":"product_cat-conserve-mancare-gatita","9":"product_cat-conserve","10":"product_cat-produse-olanda","12":"first","13":"outofstock","14":"taxable","15":"shipping-taxable","16":"purchasable","17":"product-type-simple"},"acf":[],"_links":{"self":[{"href":"https:\/\/totalblue.ro\/it\/wp-json\/wp\/v2\/product\/27060","targetHints":{"allow":["GET"]}}],"collection":[{"href":"https:\/\/totalblue.ro\/it\/wp-json\/wp\/v2\/product"}],"about":[{"href":"https:\/\/totalblue.ro\/it\/wp-json\/wp\/v2\/types\/product"}],"replies":[{"embeddable":true,"href":"https:\/\/totalblue.ro\/it\/wp-json\/wp\/v2\/comments?post=27060"}],"wp:featuredmedia":[{"embeddable":true,"href":"https:\/\/totalblue.ro\/it\/wp-json\/wp\/v2\/media\/27061"}],"wp:attachment":[{"href":"https:\/\/totalblue.ro\/it\/wp-json\/wp\/v2\/media?parent=27060"}],"wp:term":[{"taxonomy":"product_brand","embeddable":true,"href":"https:\/\/totalblue.ro\/it\/wp-json\/wp\/v2\/product_brand?post=27060"},{"taxonomy":"product_cat","embeddable":true,"href":"https:\/\/totalblue.ro\/it\/wp-json\/wp\/v2\/product_cat?post=27060"},{"taxonomy":"giftcard-category","embeddable":true,"href":"https:\/\/totalblue.ro\/it\/wp-json\/wp\/v2\/giftcard-category?post=27060"}],"curies":[{"name":"wp","href":"https:\/\/api.w.org\/{rel}","templated":true}]}}