{"id":27297,"date":"2021-02-16T16:31:36","date_gmt":"2021-02-16T14:31:36","guid":{"rendered":"https:\/\/totalblue.ro\/?post_type=product&#038;p=27297"},"modified":"2025-08-06T09:57:43","modified_gmt":"2025-08-06T06:57:43","slug":"ton-bucati-masline-in-ulei-de-masline-hofgut-160-grame","status":"publish","type":"product","link":"https:\/\/totalblue.ro\/it\/produs\/ton-bucati-masline-in-ulei-de-masline-hofgut-160-grame\/","title":{"rendered":"Pezzi di tonno con olive in olio d'oliva Hofgut 160 grammi"},"content":{"rendered":"<p>Ton bucati &amp; masline in ulei de masline Hofgut 160 grame<br \/>\n<strong>Ingrediente:<\/strong> Ton Bucati 65%, ulei de m\u0103sline 28%, felii de m\u0103sline 6,6% (m\u0103sline colorate, sare, gluconat feros stabilizator), sare.<br \/>\nAttenzione: nonostante i controlli molto accurati, il prodotto pu\u00f2 presentare ossa molto sottili.<br \/>\n<strong>Nutrizione\/100g :<\/strong><br \/>\nValoare caloric\u0103 947 kJ (227 kcal)<br \/>\nGrassi 15 g<br \/>\ndi cui acidi grassi saturi 3,4 g<br \/>\nCarboidrati 0 g<br \/>\ndi cui zucchero 0 g<br \/>\nProteine 22 g<br \/>\nSale 0,80 g<\/p>\n<p>Prodotto sterilizzato.<br \/>\nConservare in un luogo fresco e asciutto, lontano dalla luce solare diretta.<br \/>\nConsumare subito dopo l'apertura<\/p>","protected":false},"excerpt":{"rendered":"<p>Ton bucati &amp; masline in ulei de masline Hofgut 160 grame<\/p>","protected":false},"featured_media":27298,"comment_status":"open","ping_status":"closed","template":"","meta":{"_acf_changed":false,"_seopress_robots_primary_cat":"none","_seopress_titles_title":"","_seopress_titles_desc":"Conserva de ton bucati in ulei vegetal si suc propriu Giana 170g livrare rapida din stoc Bucuresti! Preturi mici, transport gratuit","_seopress_robots_index":""},"product_brand":[1963],"product_cat":[1555,1683,3272,3372,1950,1767],"giftcard-category":[],"class_list":{"0":"post-27297","1":"product","2":"type-product","3":"status-publish","4":"has-post-thumbnail","6":"product_brand-hofgut","7":"product_cat-bacanie","8":"product_cat-conserve-mancare-gatita","9":"product_cat-conserve","10":"product_cat-conserve-produse-germania","11":"product_cat-produse-germania","12":"product_cat-produse-olanda","14":"first","15":"outofstock","16":"taxable","17":"shipping-taxable","18":"purchasable","19":"product-type-simple"},"acf":[],"_links":{"self":[{"href":"https:\/\/totalblue.ro\/it\/wp-json\/wp\/v2\/product\/27297","targetHints":{"allow":["GET"]}}],"collection":[{"href":"https:\/\/totalblue.ro\/it\/wp-json\/wp\/v2\/product"}],"about":[{"href":"https:\/\/totalblue.ro\/it\/wp-json\/wp\/v2\/types\/product"}],"replies":[{"embeddable":true,"href":"https:\/\/totalblue.ro\/it\/wp-json\/wp\/v2\/comments?post=27297"}],"wp:featuredmedia":[{"embeddable":true,"href":"https:\/\/totalblue.ro\/it\/wp-json\/wp\/v2\/media\/27298"}],"wp:attachment":[{"href":"https:\/\/totalblue.ro\/it\/wp-json\/wp\/v2\/media?parent=27297"}],"wp:term":[{"taxonomy":"product_brand","embeddable":true,"href":"https:\/\/totalblue.ro\/it\/wp-json\/wp\/v2\/product_brand?post=27297"},{"taxonomy":"product_cat","embeddable":true,"href":"https:\/\/totalblue.ro\/it\/wp-json\/wp\/v2\/product_cat?post=27297"},{"taxonomy":"giftcard-category","embeddable":true,"href":"https:\/\/totalblue.ro\/it\/wp-json\/wp\/v2\/giftcard-category?post=27297"}],"curies":[{"name":"wp","href":"https:\/\/api.w.org\/{rel}","templated":true}]}}