{"id":27400,"date":"2021-02-25T11:28:10","date_gmt":"2021-02-25T09:28:10","guid":{"rendered":"https:\/\/totalblue.ro\/?post_type=product&#038;p=27400"},"modified":"2026-02-06T12:47:30","modified_gmt":"2026-02-06T10:47:30","slug":"supa-de-rosii-cu-carne-unox-olanda-800-ml","status":"publish","type":"product","link":"https:\/\/totalblue.ro\/it\/produs\/supa-de-rosii-cu-carne-unox-olanda-800-ml\/","title":{"rendered":"Zuppa di pomodoro e carne Unox Paesi Bassi 800 ml"},"content":{"rendered":"<p>Quantit\u00e0 ideale per 2-3 porzioni di zuppa.<br \/>\nUnox Soep in blik tomaten groentesoep<br \/>\nSupa copioasa de rosii cu carne Unox Olanda &#8211; gata preparata<br \/>\nIl marchio olandese Unox produce le migliori zuppe olandesi dal 1957.  Poich\u00e9 Unox lavora continuamente per migliorare i suoi prodotti, oltre alle zuppe classiche, troviamo un'ampia gamma di deliziose zuppe pronte.<br \/>\n<strong>Preparazione:<\/strong> Non cuocere la confezione al microonde! Non cuocere la zuppa! Mettere la zuppa in una ciotola e scaldarla nel microonde per 3 minuti a circa 600 watt oppure scaldarla direttamente in una casseruola o in una pentola mescolando delicatamente. Dopo il riscaldamento \u00e8 pronta da gustare!<br \/>\n<strong>Ingrediente:<\/strong> Legume 51% (ro\u0219ie 39%, morcov 3,7%, praz 3,2%, telina 2,9%, ceap\u0103), ap\u0103, bile de sup\u0103 5,9% (carne de porc , carne de vit\u0103 , ap\u0103, amidon, sare, acid alimentar E330, piper, coriandru, extract de nuc\u0219oar\u0103), taietei1,6% (grau tare, proteine din ou), zah\u0103r, amidon modificat, sare, ulei de rapi\u021b\u0103, ierburi (p\u0103trunjel, dafin), amidon, concentrat de suc de l\u0103m\u00e2ie, extract de drojdie (con\u021bine orz), arom\u0103, fructoz\u0103, maltodextrin\u0103, extract de vin alb, o\u021bet balsamic (o\u021bet de vin, must de struguri)<br \/>\n<strong>Allergeni:<\/strong> Orz, cereale care con\u021bin gluten, \u021belin\u0103, ou\u0103, gr\u00e2u. Poate con\u021bine lapte, soia, mu\u0219tar.<br \/>\nProdotto nei Paesi Bassi da Unilever Nederland Unox, Postbus 160 3000 AD Rotterdam<br \/>\nImportatore e distributore Total Blue Impex SRL<br \/>\nValori nutrizionali \/ 100 g:<br \/>\nEnergie 194 kJ (46 kcal)<br \/>\nGrasimi 1.5 g din care acizi grasi saturati 0.5 g<br \/>\nCarbohidrati 6 g din care zaharuri 3 g<br \/>\nFibre alimentare 0.6 g<br \/>\nProteine \u200b\u200b1.8 g<br \/>\nSale 0,73 g<\/p>\n<p><a href=\"https:\/\/totalblue.ro\/wp-content\/uploads\/2021\/02\/WhatsApp-Image-2021-02-24-at-16.11.33.jpeg\"><img loading=\"lazy\" decoding=\"async\" class=\"alignnone wp-image-27374\" src=\"https:\/\/totalblue.ro\/wp-content\/uploads\/2021\/02\/WhatsApp-Image-2021-02-24-at-16.11.33-711x400.jpeg\" alt=\"\" width=\"283\" height=\"159\" srcset=\"https:\/\/totalblue.ro\/wp-content\/uploads\/2021\/02\/WhatsApp-Image-2021-02-24-at-16.11.33-711x400.jpeg 711w, https:\/\/totalblue.ro\/wp-content\/uploads\/2021\/02\/WhatsApp-Image-2021-02-24-at-16.11.33-510x287.jpeg 510w, https:\/\/totalblue.ro\/wp-content\/uploads\/2021\/02\/WhatsApp-Image-2021-02-24-at-16.11.33-768x432.jpeg 768w, https:\/\/totalblue.ro\/wp-content\/uploads\/2021\/02\/WhatsApp-Image-2021-02-24-at-16.11.33-600x337.jpeg 600w, https:\/\/totalblue.ro\/wp-content\/uploads\/2021\/02\/WhatsApp-Image-2021-02-24-at-16.11.33-100x56.jpeg 100w, https:\/\/totalblue.ro\/wp-content\/uploads\/2021\/02\/WhatsApp-Image-2021-02-24-at-16.11.33.jpeg 978w\" sizes=\"auto, (max-width: 283px) 100vw, 283px\" \/><\/a><\/p>","protected":false},"excerpt":{"rendered":"<p>Unox Soep in blik tomaten groentesoep<br \/>\nSupa copioasa de rosii cu carne Unox Olanda 800ml &#8211; gata preparata<\/p>","protected":false},"featured_media":27401,"comment_status":"open","ping_status":"closed","template":"","meta":{"_acf_changed":false,"_seopress_robots_primary_cat":"none","_seopress_titles_title":"","_seopress_titles_desc":"Supa copioasa de rosii cu carne Unox Olanda - gata preparataBrandul olandez Unox produce cele mai bune supe olandeze inca din 1957.\u00a0","_seopress_robots_index":""},"product_brand":[1925],"product_cat":[1555,1683,3272,1767],"giftcard-category":[],"class_list":{"0":"post-27400","1":"product","2":"type-product","3":"status-publish","4":"has-post-thumbnail","6":"product_brand-unox","7":"product_cat-bacanie","8":"product_cat-conserve-mancare-gatita","9":"product_cat-conserve","10":"product_cat-produse-olanda","12":"first","13":"instock","14":"taxable","15":"shipping-taxable","16":"purchasable","17":"product-type-simple"},"acf":[],"_links":{"self":[{"href":"https:\/\/totalblue.ro\/it\/wp-json\/wp\/v2\/product\/27400","targetHints":{"allow":["GET"]}}],"collection":[{"href":"https:\/\/totalblue.ro\/it\/wp-json\/wp\/v2\/product"}],"about":[{"href":"https:\/\/totalblue.ro\/it\/wp-json\/wp\/v2\/types\/product"}],"replies":[{"embeddable":true,"href":"https:\/\/totalblue.ro\/it\/wp-json\/wp\/v2\/comments?post=27400"}],"wp:featuredmedia":[{"embeddable":true,"href":"https:\/\/totalblue.ro\/it\/wp-json\/wp\/v2\/media\/27401"}],"wp:attachment":[{"href":"https:\/\/totalblue.ro\/it\/wp-json\/wp\/v2\/media?parent=27400"}],"wp:term":[{"taxonomy":"product_brand","embeddable":true,"href":"https:\/\/totalblue.ro\/it\/wp-json\/wp\/v2\/product_brand?post=27400"},{"taxonomy":"product_cat","embeddable":true,"href":"https:\/\/totalblue.ro\/it\/wp-json\/wp\/v2\/product_cat?post=27400"},{"taxonomy":"giftcard-category","embeddable":true,"href":"https:\/\/totalblue.ro\/it\/wp-json\/wp\/v2\/giftcard-category?post=27400"}],"curies":[{"name":"wp","href":"https:\/\/api.w.org\/{rel}","templated":true}]}}