{"id":27435,"date":"2021-02-25T14:28:55","date_gmt":"2021-02-25T12:28:55","guid":{"rendered":"https:\/\/totalblue.ro\/?post_type=product&#038;p=27435"},"modified":"2025-11-25T16:41:05","modified_gmt":"2025-11-25T14:41:05","slug":"supa-de-sparanghel-cu-rozmarin-unox-olanda-570-ml","status":"publish","type":"product","link":"https:\/\/totalblue.ro\/it\/produs\/supa-de-sparanghel-cu-rozmarin-unox-olanda-570-ml\/","title":{"rendered":"Zuppa di asparagi Unox con rosmarino Paesi Bassi 570 ml"},"content":{"rendered":"<p>Quantit\u00e0 ideale per 2 porzioni di zuppa.<br \/>\nUnox Soep in zak aspergesoep<br \/>\nSupa de sparanghel cu rozmarin Unox Olanda 570 ml &#8211; gata preparata<br \/>\nIl marchio olandese Unox produce le migliori zuppe olandesi dal 1957.  Poich\u00e9 Unox lavora continuamente per migliorare i suoi prodotti, oltre alle zuppe classiche, troviamo un'ampia gamma di deliziose zuppe pronte.<br \/>\n<strong>Preparazione:<\/strong>Non mettere la confezione nel microonde! Non cuocere la zuppa! Mettere la zuppa in una ciotola e cuocerla al microonde per 2,5 minuti a circa 750 watt oppure scaldarla direttamente in una casseruola o in una pentola mescolando delicatamente. Dopo il riscaldamento \u00e8 pronta da gustare!<br \/>\n<strong>Ingrediente:<\/strong> ap\u0103, sparanghel (alb 6,4%, verde 1,6%), amidon de porumb modificat, f\u0103in\u0103 de gr\u00e2u, ulei de rapi\u021b\u0103, pulbere de lapte unt, arom\u0103, sare iodat\u0103, extract de drojdie, pulbere de ceap\u0103, stabilizator (E451, E452), sare, legume concentrat de suc (frunze de telina, morcov, praz, ceap\u0103), usturoi, acid alimentar: acid citric, rozmarin, gr\u0103sime de palmier.<br \/>\nSenza coloranti ed esaltatori di sapidit\u00e0 artificiali.<br \/>\nF\u0103r\u0103 zaharuri ad\u0103ugate.<br \/>\nF\u0103r\u0103 conservan\u021bi (conform legisla\u021biei europene).<br \/>\n<strong>Stoccaggio:<\/strong> Dopo l'apertura del sacchetto, questa zuppa pu\u00f2 essere conservata in frigorifero per un massimo di 2 giorni. Chiudere il sacchetto.<br \/>\n<strong>Allergeni:<\/strong> Con\u021bine:Lapte, \u021belin\u0103, gr\u00e2u<br \/>\nProdotto nei Paesi Bassi da Unilever Nederland Unox, Postbus 160 3000 AD Rotterdam<br \/>\nImportatore e distributore Total Blue Impex SRL<br \/>\n<strong>Nutrizione \/ 100 ml:<\/strong><br \/>\nEnergie 125 kJ (30 kcal)<br \/>\nGr\u0103simi 1,3 g din care satura\u021bi 0,1 g<br \/>\nCarbohidra\u021bi 3,5 g din care zaharuri 0,6 g<br \/>\nFibra alimentare &lt;0,5 g<br \/>\nProteine 0,8 g<br \/>\nSale 0,64 g<\/p>","protected":false},"excerpt":{"rendered":"<p>Unox Soep in zak aspergesoep<br \/>\nSupa de sparanghel cu rozmarin Unox Olanda 570 ml &#8211; gata preparata<\/p>","protected":false},"featured_media":217689,"comment_status":"open","ping_status":"closed","template":"","meta":{"_acf_changed":false,"_seopress_robots_primary_cat":"none","_seopress_titles_title":"","_seopress_titles_desc":"Unox Soep in zak aspergesoepSupa de sparanghel cu rozmarin Unox Olanda 570 ml - gata preparata, livrare rapida","_seopress_robots_index":""},"product_brand":[1925],"product_cat":[1555,1683,3272,1767],"giftcard-category":[],"class_list":{"0":"post-27435","1":"product","2":"type-product","3":"status-publish","4":"has-post-thumbnail","6":"product_brand-unox","7":"product_cat-bacanie","8":"product_cat-conserve-mancare-gatita","9":"product_cat-conserve","10":"product_cat-produse-olanda","12":"first","13":"outofstock","14":"taxable","15":"shipping-taxable","16":"purchasable","17":"product-type-simple"},"acf":[],"_links":{"self":[{"href":"https:\/\/totalblue.ro\/it\/wp-json\/wp\/v2\/product\/27435","targetHints":{"allow":["GET"]}}],"collection":[{"href":"https:\/\/totalblue.ro\/it\/wp-json\/wp\/v2\/product"}],"about":[{"href":"https:\/\/totalblue.ro\/it\/wp-json\/wp\/v2\/types\/product"}],"replies":[{"embeddable":true,"href":"https:\/\/totalblue.ro\/it\/wp-json\/wp\/v2\/comments?post=27435"}],"wp:featuredmedia":[{"embeddable":true,"href":"https:\/\/totalblue.ro\/it\/wp-json\/wp\/v2\/media\/217689"}],"wp:attachment":[{"href":"https:\/\/totalblue.ro\/it\/wp-json\/wp\/v2\/media?parent=27435"}],"wp:term":[{"taxonomy":"product_brand","embeddable":true,"href":"https:\/\/totalblue.ro\/it\/wp-json\/wp\/v2\/product_brand?post=27435"},{"taxonomy":"product_cat","embeddable":true,"href":"https:\/\/totalblue.ro\/it\/wp-json\/wp\/v2\/product_cat?post=27435"},{"taxonomy":"giftcard-category","embeddable":true,"href":"https:\/\/totalblue.ro\/it\/wp-json\/wp\/v2\/giftcard-category?post=27435"}],"curies":[{"name":"wp","href":"https:\/\/api.w.org\/{rel}","templated":true}]}}