{"id":27440,"date":"2021-02-25T14:59:22","date_gmt":"2021-02-25T12:59:22","guid":{"rendered":"https:\/\/totalblue.ro\/?post_type=product&#038;p=27440"},"modified":"2025-10-25T09:04:02","modified_gmt":"2025-10-25T06:04:02","slug":"supa-crema-de-rosii-cu-mascarpone-si-busuioc-unox-olanda-570-ml","status":"publish","type":"product","link":"https:\/\/totalblue.ro\/it\/produs\/supa-crema-de-rosii-cu-mascarpone-si-busuioc-unox-olanda-570-ml\/","title":{"rendered":"Unox Olanda Crema di pomodoro con mascarpone e basilico 570 ml"},"content":{"rendered":"<p>Quantit\u00e0 ideale per 2 porzioni di zuppa.<br \/>\nUnox Soep in zak romige tomatencr\u00e8me soep<br \/>\nSupa-crema de rosii cu mascarpone si busuioc Unox Olanda 570 ml &#8211; gata preparata<br \/>\nIl marchio olandese Unox produce le migliori zuppe olandesi dal 1957.  Poich\u00e9 Unox lavora continuamente per migliorare i suoi prodotti, oltre alle zuppe classiche, troviamo un'ampia gamma di deliziose zuppe pronte.<br \/>\n<strong>Preparazione:<\/strong>Non mettere la confezione nel microonde! Non cuocere la zuppa! Mettere la zuppa in una ciotola e cuocerla al microonde per 2,5 minuti a circa 750 watt oppure scaldarla direttamente in una casseruola o in una pentola mescolando delicatamente. Dopo il riscaldamento \u00e8 pronta da gustare!<br \/>\n<strong>Ingrediente:<\/strong> Ro\u0219ii 74,5% (ro\u0219ie, ro\u0219ie uscat\u0103 la soare 0,3%), ap\u0103, ulei vegetal (rapi\u021b\u0103, floarea-soarelui), amidon de porumb modificat, zah\u0103r, lapte praf, mascarpone 0,8% (con\u021bine lapte), f\u0103in\u0103 de grau, extract de drojdie con\u021bine orz), sare iodat\u0103, arom\u0103, acid alimentar E330, pulbere de ceap\u0103, stabilizator (E451, E452), sare, fructoz\u0103, maltodextrin\u0103, usturoi, busuioc, frunze de dafin, extract de vin alb, o\u021bet balsamic (o\u021bet de vin, must de struguri), r\u0103d\u0103cin\u0103 de p\u0103trunjel<br \/>\nSenza coloranti ed esaltatori di sapidit\u00e0 artificiali.<br \/>\nF\u0103r\u0103 conservan\u021bi (conform legisla\u021biei europene).<br \/>\n<strong>Stoccaggio:<\/strong> Dopo l'apertura del sacchetto, questa zuppa pu\u00f2 essere conservata in frigorifero per un massimo di 2 giorni. Chiudere il sacchetto.<br \/>\n<strong>Allergeni:<\/strong> Con\u021bine:Lapte, orz, gr\u00e2u<br \/>\nPoate con\u021bine: Ou\u0103, soia, \u021belin\u0103, mu\u0219tar<br \/>\nProdotto nei Paesi Bassi da Unilever Nederland Unox, Postbus 160 3000 AD Rotterdam<br \/>\nImportatore e distributore Total Blue Impex SRL<br \/>\n<strong>Nutrizione \/ 100 ml:<\/strong><br \/>\nEnergie 232 kJ (55 kcal)<br \/>\nGr\u0103simi 2,9 g din care satura\u021bi 0,5 g<br \/>\nCarbohidra\u021bi 5.7 g din care zaharuri 3,2 g<br \/>\nFibre dietetice 0,9 g<br \/>\nProteine 1,2 g<br \/>\nSare 0,65 g<\/p>","protected":false},"excerpt":{"rendered":"<p>Unox Soep in zak romige tomatencr\u00e8me soep<br \/>\nSupa-crema de rosii cu mascarpone si busuioc Unox Olanda 570 ml &#8211; gata preparata<\/p>","protected":false},"featured_media":217820,"comment_status":"open","ping_status":"closed","template":"","meta":{"_acf_changed":false,"_seopress_robots_primary_cat":"none","_seopress_titles_title":"","_seopress_titles_desc":"Unox Soep in zak romige tomatencr\u00e8me soepSupa-crema de rosii cu mascarpone si busuioc Unox Olanda 570 ml - gata preparata","_seopress_robots_index":""},"product_brand":[1925],"product_cat":[1555,1683,3272,1767],"giftcard-category":[],"class_list":{"0":"post-27440","1":"product","2":"type-product","3":"status-publish","4":"has-post-thumbnail","6":"product_brand-unox","7":"product_cat-bacanie","8":"product_cat-conserve-mancare-gatita","9":"product_cat-conserve","10":"product_cat-produse-olanda","12":"first","13":"instock","14":"taxable","15":"shipping-taxable","16":"purchasable","17":"product-type-simple"},"acf":[],"_links":{"self":[{"href":"https:\/\/totalblue.ro\/it\/wp-json\/wp\/v2\/product\/27440","targetHints":{"allow":["GET"]}}],"collection":[{"href":"https:\/\/totalblue.ro\/it\/wp-json\/wp\/v2\/product"}],"about":[{"href":"https:\/\/totalblue.ro\/it\/wp-json\/wp\/v2\/types\/product"}],"replies":[{"embeddable":true,"href":"https:\/\/totalblue.ro\/it\/wp-json\/wp\/v2\/comments?post=27440"}],"wp:featuredmedia":[{"embeddable":true,"href":"https:\/\/totalblue.ro\/it\/wp-json\/wp\/v2\/media\/217820"}],"wp:attachment":[{"href":"https:\/\/totalblue.ro\/it\/wp-json\/wp\/v2\/media?parent=27440"}],"wp:term":[{"taxonomy":"product_brand","embeddable":true,"href":"https:\/\/totalblue.ro\/it\/wp-json\/wp\/v2\/product_brand?post=27440"},{"taxonomy":"product_cat","embeddable":true,"href":"https:\/\/totalblue.ro\/it\/wp-json\/wp\/v2\/product_cat?post=27440"},{"taxonomy":"giftcard-category","embeddable":true,"href":"https:\/\/totalblue.ro\/it\/wp-json\/wp\/v2\/giftcard-category?post=27440"}],"curies":[{"name":"wp","href":"https:\/\/api.w.org\/{rel}","templated":true}]}}