{"id":27443,"date":"2021-02-25T15:55:31","date_gmt":"2021-02-25T13:55:31","guid":{"rendered":"https:\/\/totalblue.ro\/?post_type=product&#038;p=27443"},"modified":"2026-03-24T20:31:17","modified_gmt":"2026-03-24T18:31:17","slug":"supa-usor-picanta-de-mazare-cu-bacon-si-piper-rosu-unox-olanda-570-ml","status":"publish","type":"product","link":"https:\/\/totalblue.ro\/it\/produs\/supa-usor-picanta-de-mazare-cu-bacon-si-piper-rosu-unox-olanda-570-ml\/","title":{"rendered":"Unox Paesi Bassi Unox zuppa di piselli con pancetta e peperoni rossi 570 ml"},"content":{"rendered":"<p>Quantit\u00e0 ideale per 2 porzioni di zuppa.<br \/>\nUnox Soep in zak pittige erwtensoep<br \/>\nSupa usor picanta de mazare cu bacon si piper rosu Unox 570 ml &#8211; gata preparata<br \/>\nIl marchio olandese Unox produce le migliori zuppe olandesi dal 1957.  Poich\u00e9 Unox lavora continuamente per migliorare i suoi prodotti, oltre alle zuppe classiche, troviamo un'ampia gamma di deliziose zuppe pronte.<br \/>\n<strong>Preparazione:<\/strong>Non mettere la confezione nel microonde! Non cuocere la zuppa! Mettere la zuppa in una ciotola e cuocerla al microonde per 2,5 minuti a circa 750 watt oppure scaldarla direttamente in una casseruola o in una pentola mescolando delicatamente. Dopo il riscaldamento \u00e8 pronta da gustare!<br \/>\n<strong>Ingrediente:<\/strong> ap\u0103, legume 36,9% (maz\u0103re 24,6%, morcov 4,2%, praz 4,2%, ceap\u0103 2,5%, frunze de telina 1,4%), c\u00e2rna\u021bi afuma\u021bi 6,8% (carne de porc 81%, carne lucru 2,4%, ap\u0103, amidon de cartofi, sare , arom\u0103 de fum, stabilizator (E451, E452), colagen (porc, carne de vit\u0103), gr\u0103sime de porc, acid alimentar E330, extracte de condimente, piper, antioxidant E301, conservant, fum de lemn), cartof 4, 9%, sl\u0103nin\u0103 3% (carne de porc , sare, stabilizator (E450, E451), arom\u0103 de fum, antioxidant E301, conservant E250), ulei de rapi\u021b\u0103, sambal 0,5% (ardei ro\u0219u 55%, ap\u0103, o\u021bet, amidon modificat), amidon de porumb modificat, sare iodat\u0103, extract de drojdie ( con\u021bine orz), condimente (boia, seminte de telina, piper Cayenne), usturoi, frunze de dafin, arom\u0103, o\u021bet balsamic (o\u021bet de vin, must de struguri)<br \/>\nF\u0103r\u0103 zaharuri ad\u0103ugate.<br \/>\nAcest produs con\u021bine zaharuri naturale.<br \/>\n<strong>Stoccaggio:<\/strong> Dopo l'apertura del sacchetto, questa zuppa pu\u00f2 essere conservata in frigorifero per un massimo di 2 giorni. Chiudere il sacchetto.<br \/>\n<strong>Allergeni:<\/strong> Con\u021bine:\u021aelin\u0103, orz<br \/>\nPoate con\u021bine: Ou\u0103, lapte, soia, mu\u0219tar<br \/>\nProdotto nei Paesi Bassi da Unilever Nederland Unox, Postbus 160 3000 AD Rotterdam<br \/>\nImportatore e distributore Total Blue Impex SRL<br \/>\n<strong>Nutrizione \/ 100 ml:<\/strong><br \/>\nValori nutrizionali \/ 100 g:<br \/>\nEnergie 302 kJ (74 kcal)<br \/>\nGrasimi 3.1 g din care saturate 0,8 g<br \/>\nGlucide 5.8 g din care zaharuri 1.4 g<br \/>\nFibre alimentare 2,3 g<br \/>\nProteine \u200b\u200b3.9 g<br \/>\nSare 0.67 g<br \/>\n<a href=\"https:\/\/totalblue.ro\/wp-content\/uploads\/2021\/02\/beter-leven.jpeg\"><img loading=\"lazy\" decoding=\"async\" class=\"alignnone wp-image-27415\" src=\"https:\/\/totalblue.ro\/wp-content\/uploads\/2021\/02\/beter-leven-711x400.jpeg\" alt=\"\" width=\"229\" height=\"129\" srcset=\"https:\/\/totalblue.ro\/wp-content\/uploads\/2021\/02\/beter-leven-711x400.jpeg 711w, https:\/\/totalblue.ro\/wp-content\/uploads\/2021\/02\/beter-leven-510x287.jpeg 510w, https:\/\/totalblue.ro\/wp-content\/uploads\/2021\/02\/beter-leven-768x432.jpeg 768w, https:\/\/totalblue.ro\/wp-content\/uploads\/2021\/02\/beter-leven-600x337.jpeg 600w, https:\/\/totalblue.ro\/wp-content\/uploads\/2021\/02\/beter-leven-100x56.jpeg 100w, https:\/\/totalblue.ro\/wp-content\/uploads\/2021\/02\/beter-leven.jpeg 978w\" sizes=\"auto, (max-width: 229px) 100vw, 229px\" \/><\/a><\/p>","protected":false},"excerpt":{"rendered":"<p>Unox Soep in zak pittige erwtensoep<br \/>\nSupa usor picanta de mazare cu bacon si piper rosu Unox 570 ml &#8211; gata preparata<\/p>","protected":false},"featured_media":150258,"comment_status":"open","ping_status":"closed","template":"","meta":{"_acf_changed":false,"_seopress_robots_primary_cat":"none","_seopress_titles_title":"Supa picanta mazare baconpiper rosu Unox Olanda Erwtensoep","_seopress_titles_desc":"Cauti Erwtensoep supa picanta mazare bacon, piper rosu  Unox Olanda ? Cumpara acum Erwtensoep numai pe magazinul nostru online olandez.","_seopress_robots_index":""},"product_brand":[1925],"product_cat":[1555,1683,3272,1767],"giftcard-category":[],"class_list":{"0":"post-27443","1":"product","2":"type-product","3":"status-publish","4":"has-post-thumbnail","6":"product_brand-unox","7":"product_cat-bacanie","8":"product_cat-conserve-mancare-gatita","9":"product_cat-conserve","10":"product_cat-produse-olanda","12":"first","13":"outofstock","14":"taxable","15":"shipping-taxable","16":"purchasable","17":"product-type-simple"},"acf":[],"_links":{"self":[{"href":"https:\/\/totalblue.ro\/it\/wp-json\/wp\/v2\/product\/27443","targetHints":{"allow":["GET"]}}],"collection":[{"href":"https:\/\/totalblue.ro\/it\/wp-json\/wp\/v2\/product"}],"about":[{"href":"https:\/\/totalblue.ro\/it\/wp-json\/wp\/v2\/types\/product"}],"replies":[{"embeddable":true,"href":"https:\/\/totalblue.ro\/it\/wp-json\/wp\/v2\/comments?post=27443"}],"wp:featuredmedia":[{"embeddable":true,"href":"https:\/\/totalblue.ro\/it\/wp-json\/wp\/v2\/media\/150258"}],"wp:attachment":[{"href":"https:\/\/totalblue.ro\/it\/wp-json\/wp\/v2\/media?parent=27443"}],"wp:term":[{"taxonomy":"product_brand","embeddable":true,"href":"https:\/\/totalblue.ro\/it\/wp-json\/wp\/v2\/product_brand?post=27443"},{"taxonomy":"product_cat","embeddable":true,"href":"https:\/\/totalblue.ro\/it\/wp-json\/wp\/v2\/product_cat?post=27443"},{"taxonomy":"giftcard-category","embeddable":true,"href":"https:\/\/totalblue.ro\/it\/wp-json\/wp\/v2\/giftcard-category?post=27443"}],"curies":[{"name":"wp","href":"https:\/\/api.w.org\/{rel}","templated":true}]}}