{"id":27452,"date":"2021-02-25T16:20:51","date_gmt":"2021-02-25T14:20:51","guid":{"rendered":"https:\/\/totalblue.ro\/?post_type=product&#038;p=27452"},"modified":"2025-10-29T16:48:27","modified_gmt":"2025-10-29T14:48:27","slug":"supa-de-legume-cu-chiftelute-si-telina-verde-unox-olanda-570-ml","status":"publish","type":"product","link":"https:\/\/totalblue.ro\/it\/produs\/supa-de-legume-cu-chiftelute-si-telina-verde-unox-olanda-570-ml\/","title":{"rendered":"Zuppa di verdure con polpette e sedano verde Unox Paesi Bassi 570 ml"},"content":{"rendered":"<p>Quantit\u00e0 ideale per 2 porzioni di zuppa.<br \/>\nUnox Soep in zak Hollandse groentesoep.<br \/>\nSupa de legume cu chiftelute si telina verde Unox Olanda 570 ml &#8211; gata preparata<br \/>\nIl marchio olandese Unox produce le migliori zuppe olandesi dal 1957.  Poich\u00e9 Unox lavora continuamente per migliorare i suoi prodotti, oltre alle zuppe classiche, troviamo un'ampia gamma di deliziose zuppe pronte.<br \/>\n<strong>Preparazione:<\/strong>Non mettere la confezione nel microonde! Non cuocere la zuppa! Mettere la zuppa in una ciotola e cuocerla al microonde per 2,5 minuti a circa 750 watt oppure scaldarla direttamente in una casseruola o in una pentola mescolando delicatamente. Dopo il riscaldamento \u00e8 pronta da gustare!<br \/>\n<strong>Ingrediente:<\/strong> ap\u0103, legume 12,2% (morcov 4,4%, praz 2,4%, frunze de telina 2,2%, telina 1,6%, ro\u0219ii, p\u0103trunjel), chiftelute 3% (carne de porc 65%, carne de vit\u0103 20%, ap\u0103, amidon de cartofi, sare, stabilizator (E451, E452), condimente (piper, coriandru), extract de nuc\u0219oar\u0103), amidon de cartofi, vermicele 1,2% (grau tare, proteine de ou uscate), extract de drojdie (con\u021bine orz), p\u0103trunjel, sare iodat\u0103, arom\u0103 ), sare, piure de usturoi, concentrate de suc de legume (telina, morcov, praz, ceap\u0103), dafin, piper negru, extract de vin alb, o\u021bet balsamic (o\u021bet de vin, must de struguri), cultivat \u00een mod durabil.<br \/>\nSenza coloranti ed esaltatori di sapidit\u00e0 artificiali.<br \/>\nF\u0103r\u0103 conservan\u021bi (conform legisla\u021biei europene).<br \/>\n<strong>Stoccaggio:<\/strong> Dopo l'apertura del sacchetto, questa zuppa pu\u00f2 essere conservata in frigorifero per un massimo di 2 giorni. Chiudere il sacchetto.<br \/>\n<strong>Allergeni:<\/strong> Con\u021bine:Ou\u0103, lapte, \u021belin\u0103, orz, gr\u00e2u<br \/>\nPoate con\u021bine: Soia, mu\u0219tar<br \/>\nProdotto nei Paesi Bassi da Unilever Nederland Unox, Postbus 160 3000 AD Rotterdam<br \/>\nImportatore e distributore Total Blue Impex SRL<br \/>\nValori nutrizionali per 100 ml:<br \/>\nEnergie 91 kJ \/ 22 kcal<br \/>\nGrasime &lt; 0.5 g din care grasimi 0.2 g<br \/>\nCarbohidrati 2.9 g din care zaharuri &lt; 0.5 g<br \/>\nFibra &lt; 0,5 g<br \/>\nProteine 1,2 g<br \/>\nSare 0.67 g<br \/>\n<a href=\"https:\/\/totalblue.ro\/wp-content\/uploads\/2021\/02\/beter-leven.jpeg\"><img loading=\"lazy\" decoding=\"async\" class=\"alignnone wp-image-27415\" src=\"https:\/\/totalblue.ro\/wp-content\/uploads\/2021\/02\/beter-leven-711x400.jpeg\" alt=\"\" width=\"228\" height=\"128\" srcset=\"https:\/\/totalblue.ro\/wp-content\/uploads\/2021\/02\/beter-leven-711x400.jpeg 711w, https:\/\/totalblue.ro\/wp-content\/uploads\/2021\/02\/beter-leven-510x287.jpeg 510w, https:\/\/totalblue.ro\/wp-content\/uploads\/2021\/02\/beter-leven-768x432.jpeg 768w, https:\/\/totalblue.ro\/wp-content\/uploads\/2021\/02\/beter-leven-600x337.jpeg 600w, https:\/\/totalblue.ro\/wp-content\/uploads\/2021\/02\/beter-leven-100x56.jpeg 100w, https:\/\/totalblue.ro\/wp-content\/uploads\/2021\/02\/beter-leven.jpeg 978w\" sizes=\"auto, (max-width: 228px) 100vw, 228px\" \/><\/a><\/p>","protected":false},"excerpt":{"rendered":"<p>Unox Soep in zak Hollandse groentesoep.<br \/>\nSupa de legume cu chiftelute si telina verde Unox Olanda 570 ml &#8211; gata preparata<\/p>","protected":false},"featured_media":217701,"comment_status":"open","ping_status":"closed","template":"","meta":{"_acf_changed":false,"_seopress_robots_primary_cat":"none","_seopress_titles_title":"","_seopress_titles_desc":"Unox Soep in zak Hollandse groentesoep.Supa de legume cu chiftelute si telina verde Unox Olanda 570 ml - gata preparata","_seopress_robots_index":""},"product_brand":[1925],"product_cat":[1555,1683,3272,1767],"giftcard-category":[],"class_list":{"0":"post-27452","1":"product","2":"type-product","3":"status-publish","4":"has-post-thumbnail","6":"product_brand-unox","7":"product_cat-bacanie","8":"product_cat-conserve-mancare-gatita","9":"product_cat-conserve","10":"product_cat-produse-olanda","12":"first","13":"instock","14":"taxable","15":"shipping-taxable","16":"purchasable","17":"product-type-simple"},"acf":[],"_links":{"self":[{"href":"https:\/\/totalblue.ro\/it\/wp-json\/wp\/v2\/product\/27452","targetHints":{"allow":["GET"]}}],"collection":[{"href":"https:\/\/totalblue.ro\/it\/wp-json\/wp\/v2\/product"}],"about":[{"href":"https:\/\/totalblue.ro\/it\/wp-json\/wp\/v2\/types\/product"}],"replies":[{"embeddable":true,"href":"https:\/\/totalblue.ro\/it\/wp-json\/wp\/v2\/comments?post=27452"}],"wp:featuredmedia":[{"embeddable":true,"href":"https:\/\/totalblue.ro\/it\/wp-json\/wp\/v2\/media\/217701"}],"wp:attachment":[{"href":"https:\/\/totalblue.ro\/it\/wp-json\/wp\/v2\/media?parent=27452"}],"wp:term":[{"taxonomy":"product_brand","embeddable":true,"href":"https:\/\/totalblue.ro\/it\/wp-json\/wp\/v2\/product_brand?post=27452"},{"taxonomy":"product_cat","embeddable":true,"href":"https:\/\/totalblue.ro\/it\/wp-json\/wp\/v2\/product_cat?post=27452"},{"taxonomy":"giftcard-category","embeddable":true,"href":"https:\/\/totalblue.ro\/it\/wp-json\/wp\/v2\/giftcard-category?post=27452"}],"curies":[{"name":"wp","href":"https:\/\/api.w.org\/{rel}","templated":true}]}}