{"id":27454,"date":"2021-02-25T16:35:48","date_gmt":"2021-02-25T14:35:48","guid":{"rendered":"https:\/\/totalblue.ro\/?post_type=product&#038;p=27454"},"modified":"2025-10-30T15:05:49","modified_gmt":"2025-10-30T13:05:49","slug":"supa-crema-de-legume-cu-pastarnac-si-galbiori-unox-olanda-570-ml","status":"publish","type":"product","link":"https:\/\/totalblue.ro\/it\/produs\/supa-crema-de-legume-cu-pastarnac-si-galbiori-unox-olanda-570-ml\/","title":{"rendered":"Crema di verdure con insalata di pastinaca e mais Unox Olanda 570 ml"},"content":{"rendered":"<p>Quantit\u00e0 ideale per 2 porzioni di zuppa.<br \/>\nUnox Proeverij romige vergeten groenten soep.<br \/>\nSupa crema de legume cu pastarnac si galbiori Unox Olanda 570 ml &#8211; gata preparata<br \/>\nIl marchio olandese Unox produce le migliori zuppe olandesi dal 1957.  Poich\u00e9 Unox lavora continuamente per migliorare i suoi prodotti, oltre alle zuppe classiche, troviamo un'ampia gamma di deliziose zuppe pronte.<br \/>\n<strong>Preparazione:<\/strong>Non mettere la confezione nel microonde! Non cuocere la zuppa! Mettere la zuppa in una ciotola e cuocerla al microonde per 2,5 minuti a circa 750 watt oppure scaldarla direttamente in una casseruola o in una pentola mescolando delicatamente. Dopo il riscaldamento \u00e8 pronta da gustare!<br \/>\n<strong>Ingrediente:<\/strong> ap\u0103, legume 36,5% (p\u0103st\u00e2rnac 17%, \u021belin\u0103 8%, ciuperci 5,4% (ciuperci 4,1%, galbiori 1,3%), ceap\u0103 2,4%, praz 2,4%, morcov 1,6%), cartofi 11%, sare, zah\u0103r, extract de drojdie, unt, pulbere de lapte unt, pudr\u0103 de ciuperci, usturoi, ceap\u0103 praf, piper negru, 31,2% legume.<br \/>\nSenza coloranti ed esaltatori di sapidit\u00e0 artificiali.<br \/>\nF\u0103r\u0103 conservan\u021bi (conform legisla\u021biei europene).<br \/>\n<strong>Stoccaggio:<\/strong> Dopo l'apertura del sacchetto, questa zuppa pu\u00f2 essere conservata in frigorifero per un massimo di 2 giorni. Chiudere il sacchetto.<br \/>\n<strong>Allergeni:<\/strong> Con\u021bine:Lapte, \u021belin\u0103<br \/>\nProdotto nei Paesi Bassi da Unilever Nederland Unox, Postbus 160 3000 AD Rotterdam<br \/>\nImportatore e distributore Total Blue Impex SRL<br \/>\n<strong>Nutrizione \/ 100 ml:<\/strong><br \/>\nEnergie 206 kJ (49 kcal)<br \/>\nGr\u0103simi 1,9 g din care satura\u021bi 1,1 g<br \/>\nCarbohidra\u021bi 5,7 g din care zaharuri 2 g<br \/>\nFibra alimentare 1,7 g<br \/>\nProteine 1,3 g<br \/>\nSale 0,68 g<br \/>\n<a href=\"https:\/\/totalblue.ro\/wp-content\/uploads\/2021\/02\/vegetarian.jpeg\"><img loading=\"lazy\" decoding=\"async\" class=\"alignnone wp-image-27413\" src=\"https:\/\/totalblue.ro\/wp-content\/uploads\/2021\/02\/vegetarian.jpeg\" alt=\"\" width=\"132\" height=\"132\" srcset=\"https:\/\/totalblue.ro\/wp-content\/uploads\/2021\/02\/vegetarian.jpeg 225w, https:\/\/totalblue.ro\/wp-content\/uploads\/2021\/02\/vegetarian-100x100.jpeg 100w\" sizes=\"auto, (max-width: 132px) 100vw, 132px\" \/><\/a><\/p>","protected":false},"excerpt":{"rendered":"<p>Unox Proeverij romige vergeten groenten soep.<br \/>\nSupa crema de legume cu pastarnac si galbiori Unox Olanda 570 ml &#8211; gata preparata<\/p>","protected":false},"featured_media":27455,"comment_status":"open","ping_status":"closed","template":"","meta":{"_acf_changed":false,"_seopress_robots_primary_cat":"none","_seopress_titles_title":"","_seopress_titles_desc":"Unox Proeverij romige vergeten groenten soep. Supa crema de legume cu pastarnac si galbiori Unox Olanda 570 ml - gata preparata","_seopress_robots_index":""},"product_brand":[1925],"product_cat":[1555,1683,3272,1767],"giftcard-category":[],"class_list":{"0":"post-27454","1":"product","2":"type-product","3":"status-publish","4":"has-post-thumbnail","6":"product_brand-unox","7":"product_cat-bacanie","8":"product_cat-conserve-mancare-gatita","9":"product_cat-conserve","10":"product_cat-produse-olanda","12":"first","13":"outofstock","14":"taxable","15":"shipping-taxable","16":"purchasable","17":"product-type-simple"},"acf":[],"_links":{"self":[{"href":"https:\/\/totalblue.ro\/it\/wp-json\/wp\/v2\/product\/27454","targetHints":{"allow":["GET"]}}],"collection":[{"href":"https:\/\/totalblue.ro\/it\/wp-json\/wp\/v2\/product"}],"about":[{"href":"https:\/\/totalblue.ro\/it\/wp-json\/wp\/v2\/types\/product"}],"replies":[{"embeddable":true,"href":"https:\/\/totalblue.ro\/it\/wp-json\/wp\/v2\/comments?post=27454"}],"wp:featuredmedia":[{"embeddable":true,"href":"https:\/\/totalblue.ro\/it\/wp-json\/wp\/v2\/media\/27455"}],"wp:attachment":[{"href":"https:\/\/totalblue.ro\/it\/wp-json\/wp\/v2\/media?parent=27454"}],"wp:term":[{"taxonomy":"product_brand","embeddable":true,"href":"https:\/\/totalblue.ro\/it\/wp-json\/wp\/v2\/product_brand?post=27454"},{"taxonomy":"product_cat","embeddable":true,"href":"https:\/\/totalblue.ro\/it\/wp-json\/wp\/v2\/product_cat?post=27454"},{"taxonomy":"giftcard-category","embeddable":true,"href":"https:\/\/totalblue.ro\/it\/wp-json\/wp\/v2\/giftcard-category?post=27454"}],"curies":[{"name":"wp","href":"https:\/\/api.w.org\/{rel}","templated":true}]}}