{"id":27545,"date":"2021-03-01T15:03:57","date_gmt":"2021-03-01T13:03:57","guid":{"rendered":"https:\/\/totalblue.ro\/?post_type=product&#038;p=27545"},"modified":"2025-08-04T13:05:06","modified_gmt":"2025-08-04T10:05:06","slug":"supa-de-cartofi-dulci-cu-legume-gwoon-olanda-570-ml","status":"publish","type":"product","link":"https:\/\/totalblue.ro\/it\/produs\/supa-de-cartofi-dulci-cu-legume-gwoon-olanda-570-ml\/","title":{"rendered":"Supa de cartofi dulci cu legume G\u2019woon Olanda 570 ml"},"content":{"rendered":"<p>Quantit\u00e0 ideale per 2 porzioni di zuppa.<br \/>\nZoete aardappelsoep met kerrie en rode paprika G\u2019woon Olanda 570 ml<br \/>\nSupa de cartofi dulci cu legume G\u2019woon Olanda 570 ml &#8211; gata preparata<br \/>\n<strong>Preparazione:<\/strong> Non mettere la confezione nel microonde! Non cuocere la zuppa! Mettere la zuppa in una ciotola e cuocerla al microonde per 2,5 minuti a circa 750 watt oppure scaldarla direttamente in una casseruola o in una pentola mescolando delicatamente. Dopo il riscaldamento \u00e8 pronta da gustare!<br \/>\n<strong>Ingrediente:<\/strong> ap\u0103, 31% cartof dulce, 19% legume (40% morcov, 26% ceap\u0103, piper ro\u0219u, \u021belin\u0103, past\u0103 de ro\u0219ii, lapte de cocos (extract de nuc\u0103 de cocos, ap\u0103) f\u0103in\u0103 de orez, sare, fibre vegetale (cichorel, l\u0103m\u00e2ie) 0,2% curry pudr\u0103 (ierburi \u0219i condimente) ardei ro\u0219u, suc concentrat de l\u0103m\u00e2ie, usturoi pudr\u0103 mu\u0219tar, \u021belin\u0103, condimente, o\u021bet<br \/>\n<strong>Stoccaggio:<\/strong> Dup\u0103 deschidere, aceast\u0103 sup\u0103 poate fi p\u0103strat\u0103 maxim 2 zile la frigider (max. 7 \u00b0 C). Tineti punga inchisa.<br \/>\n<strong>Allergeni:<\/strong> Con\u021bine telina , mustar<br \/>\nFabricat in Olanda de G&#8217;woon , Antwoordnummer 3500, 4140 VH BEESD,<br \/>\nImportatore e distributore Total Blue Impex SRL<br \/>\n<strong>Nutrizione \/ 100 ml:<br \/>\n<\/strong>Energie 153kJ<br \/>\nEnergie 36kcal<br \/>\nGr\u0103sime 0.4g din care saturati 0,3 g<br \/>\nCarbohidra\u021bi 6.6g din care zaharuri 2,8g<br \/>\nProteine \u200b\u200b0.8g<br \/>\nSare 0,43<br \/>\n<strong>Prodotto vegetariano<\/strong><\/p>\n<p>&nbsp;<\/p>","protected":false},"excerpt":{"rendered":"<p>Zoete aardappelsoep met kerrie en rode paprika G\u2019woon Olanda 570 ml<br \/>\nSupa de cartofi dulci cu legume G\u2019woon Olanda 570 ml &#8211; gata preparata<\/p>","protected":false},"featured_media":27546,"comment_status":"open","ping_status":"closed","template":"","meta":{"_acf_changed":false,"_seopress_robots_primary_cat":"none","_seopress_titles_title":"","_seopress_titles_desc":"Zoete aardappelsoep met kerrie en rode paprika G\u2019woon Olanda 570 ml.Supa de cartofi dulci cu legume G\u2019woon Olanda 570 ml - gata preparata","_seopress_robots_index":""},"product_brand":[1971],"product_cat":[1555,1683,3272,1767],"giftcard-category":[],"class_list":{"0":"post-27545","1":"product","2":"type-product","3":"status-publish","4":"has-post-thumbnail","6":"product_brand-gwoon","7":"product_cat-bacanie","8":"product_cat-conserve-mancare-gatita","9":"product_cat-conserve","10":"product_cat-produse-olanda","12":"first","13":"outofstock","14":"taxable","15":"shipping-taxable","16":"purchasable","17":"product-type-simple"},"acf":[],"_links":{"self":[{"href":"https:\/\/totalblue.ro\/it\/wp-json\/wp\/v2\/product\/27545","targetHints":{"allow":["GET"]}}],"collection":[{"href":"https:\/\/totalblue.ro\/it\/wp-json\/wp\/v2\/product"}],"about":[{"href":"https:\/\/totalblue.ro\/it\/wp-json\/wp\/v2\/types\/product"}],"replies":[{"embeddable":true,"href":"https:\/\/totalblue.ro\/it\/wp-json\/wp\/v2\/comments?post=27545"}],"wp:featuredmedia":[{"embeddable":true,"href":"https:\/\/totalblue.ro\/it\/wp-json\/wp\/v2\/media\/27546"}],"wp:attachment":[{"href":"https:\/\/totalblue.ro\/it\/wp-json\/wp\/v2\/media?parent=27545"}],"wp:term":[{"taxonomy":"product_brand","embeddable":true,"href":"https:\/\/totalblue.ro\/it\/wp-json\/wp\/v2\/product_brand?post=27545"},{"taxonomy":"product_cat","embeddable":true,"href":"https:\/\/totalblue.ro\/it\/wp-json\/wp\/v2\/product_cat?post=27545"},{"taxonomy":"giftcard-category","embeddable":true,"href":"https:\/\/totalblue.ro\/it\/wp-json\/wp\/v2\/giftcard-category?post=27545"}],"curies":[{"name":"wp","href":"https:\/\/api.w.org\/{rel}","templated":true}]}}