{"id":27582,"date":"2021-03-02T09:24:54","date_gmt":"2021-03-02T07:24:54","guid":{"rendered":"https:\/\/totalblue.ro\/?post_type=product&#038;p=27582"},"modified":"2024-09-10T11:34:00","modified_gmt":"2024-09-10T08:34:00","slug":"fulgi-de-ciocolata-si-vanilie-venz-olanda-380-g","status":"publish","type":"product","link":"https:\/\/totalblue.ro\/it\/produs\/fulgi-de-ciocolata-si-vanilie-venz-olanda-380-g\/","title":{"rendered":"Fulgi de ciocolata si vanilie Venz Zebra Olanda 380g"},"content":{"rendered":"<p><strong>Atentie:<\/strong> pachetul contine figurine in 3 culori diferite. Recomandat pentru copii peste 3 ani.<br \/>\nVenz Rimboe zebra hagelslag puur &amp; vanille 380 g<br \/>\nFulgi de ciocolata si vanilie Venz Olanda 380 g<br \/>\n<strong>Ingrediente:<\/strong> zah\u0103r, pudr\u0103 de cacao cu con\u021binut sc\u0103zut de gr\u0103simi, gr\u0103sime de s\u00e2mbure de palmier complet hidrogenat\u0103, unt de cacao, amidon de gr\u00e2u, pudr\u0103 de zer (lapte), emulgator (lecitina soia), (frac\u021bie tare), arom\u0103 (con\u021bine lapte), zah\u0103r, unt de cacao, lapte cu con\u021binut sc\u0103zut de gr\u0103simi), emulgator (lecitina soia), arom\u0103, coloran\u021bi (E141, E162), extract de morcov.<br \/>\n<strong>Allergeni:<\/strong> lapte, soia<br \/>\nConservare in un luogo fresco e asciutto.<br \/>\nValori nutrizionali \/ 100 g:<br \/>\nEnergie 1914 kJ (454 \u200b\u200bkcal)<br \/>\nGrasimi 14 g din care saturate 11 g<br \/>\nGlucide 77 g din care zaharuri 74 g<br \/>\nProteine \u200b\u200b2.7 g<br \/>\nSare 0,06 g<br \/>\nFabricat in Olanda de H.J. Heinz B.V., Arnhemse Bovenweg 160-178,3708 AH,Zeist.<br \/>\nImportatore e distributore Total Blue Impex SRL<\/p>","protected":false},"excerpt":{"rendered":"<p>Atentie: pachetul contine figurine in 3 culori diferite. Recomandat pentru copii peste 3 ani. Venz Rimboe zebra hagelslag puur &amp; vanille 380 g Fulgi de ciocolata si vanilie Venz Olanda 380 g Ingrediente: zah\u0103r, pudr\u0103 de cacao cu con\u021binut sc\u0103zut de gr\u0103simi, gr\u0103sime de s\u00e2mbure de palmier complet hidrogenat\u0103, unt de cacao, amidon de gr\u00e2u, [&#8230;]\n","protected":false},"featured_media":166030,"comment_status":"open","ping_status":"closed","template":"","meta":{"_acf_changed":false,"_seopress_robots_primary_cat":"none","_seopress_titles_title":"","_seopress_titles_desc":"Venz Rimboe zebra hagelslag puur & vanille 380 g. Fulgi de ciocolata si vanilie Venz Olanda 380 g. Livrare rapida","_seopress_robots_index":""},"product_brand":[1981],"product_cat":[1555,1506,3338,3304,1767],"giftcard-category":[],"class_list":{"0":"post-27582","1":"product","2":"type-product","3":"status-publish","4":"has-post-thumbnail","6":"product_brand-venz","7":"product_cat-bacanie","8":"product_cat-cafea-ceai-mic-dejun","9":"product_cat-dulciuri-snacksuri","10":"product_cat-mic-dejun-produse-olanda","11":"product_cat-produse-olanda","13":"first","14":"outofstock","15":"taxable","16":"shipping-taxable","17":"purchasable","18":"product-type-simple"},"acf":[],"_links":{"self":[{"href":"https:\/\/totalblue.ro\/it\/wp-json\/wp\/v2\/product\/27582","targetHints":{"allow":["GET"]}}],"collection":[{"href":"https:\/\/totalblue.ro\/it\/wp-json\/wp\/v2\/product"}],"about":[{"href":"https:\/\/totalblue.ro\/it\/wp-json\/wp\/v2\/types\/product"}],"replies":[{"embeddable":true,"href":"https:\/\/totalblue.ro\/it\/wp-json\/wp\/v2\/comments?post=27582"}],"wp:featuredmedia":[{"embeddable":true,"href":"https:\/\/totalblue.ro\/it\/wp-json\/wp\/v2\/media\/166030"}],"wp:attachment":[{"href":"https:\/\/totalblue.ro\/it\/wp-json\/wp\/v2\/media?parent=27582"}],"wp:term":[{"taxonomy":"product_brand","embeddable":true,"href":"https:\/\/totalblue.ro\/it\/wp-json\/wp\/v2\/product_brand?post=27582"},{"taxonomy":"product_cat","embeddable":true,"href":"https:\/\/totalblue.ro\/it\/wp-json\/wp\/v2\/product_cat?post=27582"},{"taxonomy":"giftcard-category","embeddable":true,"href":"https:\/\/totalblue.ro\/it\/wp-json\/wp\/v2\/giftcard-category?post=27582"}],"curies":[{"name":"wp","href":"https:\/\/api.w.org\/{rel}","templated":true}]}}