{"id":27660,"date":"2021-03-05T14:54:54","date_gmt":"2021-03-05T12:54:54","guid":{"rendered":"https:\/\/totalblue.ro\/?post_type=product&#038;p=27660"},"modified":"2025-08-07T11:56:31","modified_gmt":"2025-08-07T08:56:31","slug":"couscous-premium-panzani-500g","status":"publish","type":"product","link":"https:\/\/totalblue.ro\/it\/produs\/panzani-couscous-premium-500g\/","title":{"rendered":"Panzani Premium Couscous 500g"},"content":{"rendered":"<p>500 g - Couscous Panzani a grana media.<br \/>\nIngredienti: 100% grano duro grigio di alta qualit\u00e0.<br \/>\nTipico della cucina mediterranea, in particolare di quella nordafricana, il cous cous pu\u00f2 essere preparato con un mix di verdure e carne o semplicemente con una zuppa. \u00c8 molto versatile e pu\u00f2 essere utilizzato con quasi tutti i tipi di cibo.<br \/>\n<strong>Ingrediente: <\/strong>100% grigio duro di prima qualit\u00e0.<br \/>\n<strong>Preparazione:<\/strong> Cucinare il cuscus \u00e8 molto semplice. Tutto ci\u00f2 che serve \u00e8 una pentola grande. Si pu\u00f2 usare acqua o brodo vegetale o di pollo (l'acqua filtrata in cui hanno bollito). Lasciare bollire il liquido per 3-5 minuti, quindi aggiungere un cucchiaio di olio d'oliva, un cucchiaio di burro e un po' di sale. Mescolare delicatamente ma accuratamente, quindi aggiungere il couscous. Per ottenere la giusta consistenza, mettere 1 tazza di couscous per 1 tazza d'acqua. Far bollire, mettere un coperchio e lasciare il couscous sul fuoco per 5-6 minuti. Per ottenere un couscous soffice, mescolare regolarmente il composto. Sollevare con cautela il coperchio per non farlo diventare opaco.<strong><br \/>\nValori nutrizionali\/100g:<br \/>\n<\/strong><\/p>\n<table class=\"p4vdws-2 gPmKFJ\" style=\"height: 222px\" width=\"298\">\n<thead class=\"p4vdws-3 gDgZoq\">\n<tr class=\"p4vdws-0 inNtkd\">\n<td class=\"p4vdws-1 jVyDDy\">Grassi<\/td>\n<td class=\"p4vdws-1 jVyDDy\">2 g\/100 g<\/td>\n<\/tr>\n<\/thead>\n<tbody>\n<tr class=\"p4vdws-0 inNtkd\">\n<td class=\"p4vdws-1 jVyDDy\">Valore energetico<\/td>\n<td class=\"p4vdws-1 jVyDDy\">365 kcal\/100 g<\/td>\n<\/tr>\n<tr class=\"p4vdws-0 inNtkd\">\n<td class=\"p4vdws-1 jVyDDy\">Carboidrati<\/td>\n<td class=\"p4vdws-1 jVyDDy\">73 g\/100 g<\/td>\n<\/tr>\n<tr class=\"p4vdws-0 inNtkd\">\n<td class=\"p4vdws-1 jVyDDy\">Fibra<\/td>\n<td class=\"p4vdws-1 jVyDDy\">3,4 g\/100 g<\/td>\n<\/tr>\n<tr class=\"p4vdws-0 inNtkd\">\n<td class=\"p4vdws-1 jVyDDy\">Sodio<\/td>\n<td class=\"p4vdws-1 jVyDDy\">0,02 g\/100 g<\/td>\n<\/tr>\n<tr class=\"p4vdws-0 inNtkd\">\n<td class=\"p4vdws-1 jVyDDy\">Proteine<\/td>\n<td class=\"p4vdws-1 jVyDDy\">12 g\/100 g<\/td>\n<\/tr>\n<tr class=\"p4vdws-0 inNtkd\">\n<td class=\"p4vdws-1 jVyDDy\">Grassi saturi<\/td>\n<td class=\"p4vdws-1 jVyDDy\">0,4 g\/100 g<\/td>\n<\/tr>\n<\/tbody>\n<\/table>\n<p><strong>\u00a0<\/strong><\/p>\n<p>I prodotti presenti sul sito sono venduti nella confezione originale del produttore e le loro immagini sono solo a scopo di presentazione. Potrebbero esserci errori nelle descrizioni dei prodotti, al di fuori del nostro controllo, ma stiamo costantemente correggendo questi dati. In alcuni casi, i prodotti consegnati possono presentare piccole differenze rispetto alle immagini e alle descrizioni presentate. I produttori possono apportare modifiche senza preavviso.<\/p>","protected":false},"excerpt":{"rendered":"<p>Tipico della cucina mediterranea, soprattutto di quella nordafricana, il cous cous pu\u00f2 essere preparato con un mix di verdure e carne o semplicemente - solo zuppa.<\/p>","protected":false},"featured_media":27662,"comment_status":"open","ping_status":"closed","template":"","meta":{"_acf_changed":false,"_seopress_robots_primary_cat":"1463","_seopress_titles_title":"","_seopress_titles_desc":"Tipic bucatariei mediteraneene, in special celei din nordul Africii, cous cous poate fi preparat cu un mix de legume si carne sau simplu - doar cu supa.","_seopress_robots_index":""},"product_brand":[1893],"product_cat":[1555,1463],"giftcard-category":[],"class_list":{"0":"post-27660","1":"product","2":"type-product","3":"status-publish","4":"has-post-thumbnail","6":"product_brand-panzani","7":"product_cat-bacanie","8":"product_cat-orez","10":"first","11":"outofstock","12":"taxable","13":"shipping-taxable","14":"purchasable","15":"product-type-simple"},"acf":[],"_links":{"self":[{"href":"https:\/\/totalblue.ro\/it\/wp-json\/wp\/v2\/product\/27660","targetHints":{"allow":["GET"]}}],"collection":[{"href":"https:\/\/totalblue.ro\/it\/wp-json\/wp\/v2\/product"}],"about":[{"href":"https:\/\/totalblue.ro\/it\/wp-json\/wp\/v2\/types\/product"}],"replies":[{"embeddable":true,"href":"https:\/\/totalblue.ro\/it\/wp-json\/wp\/v2\/comments?post=27660"}],"wp:featuredmedia":[{"embeddable":true,"href":"https:\/\/totalblue.ro\/it\/wp-json\/wp\/v2\/media\/27662"}],"wp:attachment":[{"href":"https:\/\/totalblue.ro\/it\/wp-json\/wp\/v2\/media?parent=27660"}],"wp:term":[{"taxonomy":"product_brand","embeddable":true,"href":"https:\/\/totalblue.ro\/it\/wp-json\/wp\/v2\/product_brand?post=27660"},{"taxonomy":"product_cat","embeddable":true,"href":"https:\/\/totalblue.ro\/it\/wp-json\/wp\/v2\/product_cat?post=27660"},{"taxonomy":"giftcard-category","embeddable":true,"href":"https:\/\/totalblue.ro\/it\/wp-json\/wp\/v2\/giftcard-category?post=27660"}],"curies":[{"name":"wp","href":"https:\/\/api.w.org\/{rel}","templated":true}]}}