{"id":27676,"date":"2021-03-05T16:30:36","date_gmt":"2021-03-05T14:30:36","guid":{"rendered":"https:\/\/totalblue.ro\/?post_type=product&#038;p=27676"},"modified":"2025-08-01T10:30:17","modified_gmt":"2025-08-01T07:30:17","slug":"olvarit-mancare-pentru-bebelusi-conopida-cartof-si-curcan-15-luni-250g","status":"publish","type":"product","link":"https:\/\/totalblue.ro\/it\/produs\/olvarit-mancare-pentru-bebelusi-conopida-cartof-si-curcan-15-luni-250g\/","title":{"rendered":"Olvarit alimenti per bambini Cavolfiore Patate e Tacchino 15+ mesi, 250g"},"content":{"rendered":"<p>Olvarit Bloemkool kalkoen aardappel 15+ mnd.<br \/>\nOlvarit mancare pentru bebelusi Conopida Cartof si Curcan 15+ luni<br \/>\nOlvarit ofera o masa completa pentru micu\u021bul tau. Un gust de legume deosebit, ceea va va ajuta copilul s\u0103 recunoasca \u0219i s\u0103 aprecieze gustul Olvarit !<br \/>\nGustul \u0219i textura sunt adaptate v\u00e2rstei copilului dvs. pentru a sprijini dezvoltarea bunului gust<br \/>\n<strong>Ingrediente:<\/strong> 34% conopid\u0103, ap\u0103, 20% cartofi, 8,5% curcan, 8% lapte praf integral, 3% f\u0103in\u0103 de porumb, ulei de rapi\u021b\u0103, amidon de porumb, p\u0103trunjel.<br \/>\nIngrediente pure! F\u0103r\u0103 conservan\u021bi. Olvarit, ca \u0219i alte alimente pentru copii, nu con\u021bine conservan\u021bi.<br \/>\n<strong>Allergeni:<\/strong> Con\u021bine lapte<br \/>\n<strong>\u00cenainte de deschidere, ap\u0103sa\u021bi pe capac. Dac\u0103 nu face clic, nu folosi\u021bi con\u021binutul!<br \/>\n<\/strong><strong>Preparazione:<\/strong> Amesteca\u021bi con\u021binutul \u0219i pune\u021bi cantitatea dorit\u0103 pe o farfurie. Folosi\u021bi o lingur\u0103 de plastic pentru aceasta operatie.<br \/>\nP\u0103stra\u021bi con\u021binutul r\u0103mas \u00eenchis \u00een frigider \u0219i utiliza\u021bi-l \u00een max. 24 de ore.<br \/>\nSe \u00eenc\u0103lze\u0219te \u00een cuptorul cu microunde timp de aprox.30 sec. la 600W.<br \/>\nDup\u0103 \u00eenc\u0103lzire, amesteca\u021bi din nou bine \u0219i verifica\u021bi temperatura.<br \/>\nNu refolosi\u021bi resturile.<br \/>\n<strong>Valori nutrizionali\/100g:<br \/>\n<\/strong>Energie 267 kJ (64 kcal)<br \/>\nGr\u0103sime 2,2 g<br \/>\ndin care saturate 0,3 g<br \/>\nCarbohidra\u021bi 7 g<br \/>\ndin care zaharuri 1 g<br \/>\nProteine \u200b\u200b3 g<br \/>\nFibre alimentare 2 g<br \/>\nSale 0,04 g<br \/>\nProdotto nei Paesi Bassi da Nutricia, Antwoordnummer 10061 2700 VB Zoetermeer<br \/>\nImportatore e distributore Total Blue Impex SRL<br \/>\n<a href=\"https:\/\/totalblue.ro\/wp-content\/uploads\/2021\/03\/bcorporation.jpg\"><img loading=\"lazy\" decoding=\"async\" class=\"alignnone wp-image-43908\" src=\"https:\/\/totalblue.ro\/wp-content\/uploads\/2021\/03\/bcorporation-269x400.jpg\" alt=\"\" width=\"59\" height=\"88\" srcset=\"https:\/\/totalblue.ro\/wp-content\/uploads\/2021\/03\/bcorporation-269x400.jpg 269w, https:\/\/totalblue.ro\/wp-content\/uploads\/2021\/03\/bcorporation-100x149.jpg 100w, https:\/\/totalblue.ro\/wp-content\/uploads\/2021\/03\/bcorporation.jpg 320w\" sizes=\"auto, (max-width: 59px) 100vw, 59px\" \/><\/a><\/p>","protected":false},"excerpt":{"rendered":"<p>Olvarit Bloemkool kalkoen aardappel 15+ mnd<br \/>\nOlvarit mancare bebelusi Conopida Cartof si Curcan 15+ luni<\/p>","protected":false},"featured_media":43907,"comment_status":"open","ping_status":"closed","template":"","meta":{"_acf_changed":false,"_seopress_robots_primary_cat":"1767","_seopress_titles_title":"","_seopress_titles_desc":"Olvarit Bloemkool kalkoen aardappel 15+ mnd. Olvarit mancare pentru bebelusi Conopida Cartof si Curcan 15+ luni","_seopress_robots_index":""},"product_brand":[6175],"product_cat":[1984,1520,5677,1767],"giftcard-category":[],"class_list":{"0":"post-27676","1":"product","2":"type-product","3":"status-publish","4":"has-post-thumbnail","6":"product_brand-olvarit","7":"product_cat-hrana-bebelusi","8":"product_cat-mama-copilul","9":"product_cat-mancare-si-accesorii-bebe","10":"product_cat-produse-olanda","12":"first","13":"outofstock","14":"taxable","15":"shipping-taxable","16":"purchasable","17":"product-type-simple"},"acf":[],"_links":{"self":[{"href":"https:\/\/totalblue.ro\/it\/wp-json\/wp\/v2\/product\/27676","targetHints":{"allow":["GET"]}}],"collection":[{"href":"https:\/\/totalblue.ro\/it\/wp-json\/wp\/v2\/product"}],"about":[{"href":"https:\/\/totalblue.ro\/it\/wp-json\/wp\/v2\/types\/product"}],"replies":[{"embeddable":true,"href":"https:\/\/totalblue.ro\/it\/wp-json\/wp\/v2\/comments?post=27676"}],"wp:featuredmedia":[{"embeddable":true,"href":"https:\/\/totalblue.ro\/it\/wp-json\/wp\/v2\/media\/43907"}],"wp:attachment":[{"href":"https:\/\/totalblue.ro\/it\/wp-json\/wp\/v2\/media?parent=27676"}],"wp:term":[{"taxonomy":"product_brand","embeddable":true,"href":"https:\/\/totalblue.ro\/it\/wp-json\/wp\/v2\/product_brand?post=27676"},{"taxonomy":"product_cat","embeddable":true,"href":"https:\/\/totalblue.ro\/it\/wp-json\/wp\/v2\/product_cat?post=27676"},{"taxonomy":"giftcard-category","embeddable":true,"href":"https:\/\/totalblue.ro\/it\/wp-json\/wp\/v2\/giftcard-category?post=27676"}],"curies":[{"name":"wp","href":"https:\/\/api.w.org\/{rel}","templated":true}]}}