{"id":27718,"date":"2021-03-09T11:31:53","date_gmt":"2021-03-09T09:31:53","guid":{"rendered":"https:\/\/totalblue.ro\/?post_type=product&#038;p=27718"},"modified":"2025-08-08T10:26:20","modified_gmt":"2025-08-08T07:26:20","slug":"supa-de-pui-cu-paste-morcovi-si-mazare-weight-watchers-400-ml","status":"publish","type":"product","link":"https:\/\/totalblue.ro\/it\/produs\/supa-de-pui-cu-paste-morcovi-si-mazare-weight-watchers-400-ml\/","title":{"rendered":"Zuppa di pollo con pasta, carote e piselli 400 ml"},"content":{"rendered":"<p>Weight Watchers H\u00fchner Nudelsuppe mit Mohren und Erbsen 400 ml.<br \/>\nZuppa di pollo con pasta, carote e piselli 400 ml<\/p>\n<p><strong>Raccomandazioni<\/strong>: Turnati continutul intr-o cratita \/ tigaie. Amestecati ocazional. Incalziti la foc mediu. De asemenea puteti incalzi si la cuptorul cu microunde la 600 W timp de aproximativ 3,5 minute. Rapid si usor!<br \/>\n<strong>Ingrediente:<\/strong> apa, morcovi 7,5%, pui 4,9%, porumb 2%, paste 1,6% (gri de gr\u00e2u durum, alb de ou\u0103 de gaina , sare de masa, mazare 0,6%, ceapa 0,6%, arome (con\u021bin telina) , zahar, grasime de pui, agenti de \u00eengrosare (gum\u0103 guar, gum\u0103 xantan), dextroza, ierburi, condimente, pastarnac, antioxidan\u021bi (acid ascorbic).<br \/>\nAditivi: \u00cengro\u0219\u0103tor, gum\u0103 guar E412, gum\u0103 xantan E415, acid ascorbic E300, antioxidant<br \/>\n<strong>Allergeni: <\/strong>gr\u00e2u, ou\u0103, \u021belin\u0103<br \/>\n<strong>Condizioni di conservazione: <\/strong>A se pastra la loc uscat si racoros, ferit de actiunea directa a soarelui. Dupa deschidere, a se pastra acoperita in frigider si a se consuma in max 48h.<br \/>\nValori nutrizionali \/ 100 g:<br \/>\nEnergie 116 kJ \/ 28 kcal<br \/>\nGr\u0103simi 0.5 g din care acizi grasi saturati 0.1 g<br \/>\nCarbohidrati 3.6 g din care: zahar 0.9 g<br \/>\nFibre alimentare 0,5 g<br \/>\nProteine \u200b\u200b1.9 g<br \/>\nSare 1 g<br \/>\nProducator WW Foods, LLC Weight Watchers.<br \/>\nImportatore e distributore Total Blue Impex SRL<\/p>\n<p>&nbsp;<\/p>","protected":false},"excerpt":{"rendered":"<p>Weight Watchers H\u00fchner Nudelsuppe mit Mohren und Erbsen 400 ml.<br \/>\nZuppa di pollo con pasta, carote e piselli 400 ml<\/p>","protected":false},"featured_media":27722,"comment_status":"open","ping_status":"closed","template":"","meta":{"_acf_changed":false,"_seopress_robots_primary_cat":"1950","_seopress_titles_title":"","_seopress_titles_desc":"Weight Watchers H\u00fchner Nudelsuppe mit Mohren und Erbsen 400 ml.Supa de pui cu paste, morcovi si mazare Weight Watchers 400 ml","_seopress_robots_index":""},"product_brand":[1988],"product_cat":[1555,1683,3272,3372,1950,1767,3364],"giftcard-category":[],"class_list":{"0":"post-27718","1":"product","2":"type-product","3":"status-publish","4":"has-post-thumbnail","6":"product_brand-weight-watchers","7":"product_cat-bacanie","8":"product_cat-conserve-mancare-gatita","9":"product_cat-conserve","10":"product_cat-conserve-produse-germania","11":"product_cat-produse-germania","12":"product_cat-produse-olanda","13":"product_cat-supe-produse-germania","15":"first","16":"outofstock","17":"taxable","18":"shipping-taxable","19":"purchasable","20":"product-type-simple"},"acf":[],"_links":{"self":[{"href":"https:\/\/totalblue.ro\/it\/wp-json\/wp\/v2\/product\/27718","targetHints":{"allow":["GET"]}}],"collection":[{"href":"https:\/\/totalblue.ro\/it\/wp-json\/wp\/v2\/product"}],"about":[{"href":"https:\/\/totalblue.ro\/it\/wp-json\/wp\/v2\/types\/product"}],"replies":[{"embeddable":true,"href":"https:\/\/totalblue.ro\/it\/wp-json\/wp\/v2\/comments?post=27718"}],"wp:featuredmedia":[{"embeddable":true,"href":"https:\/\/totalblue.ro\/it\/wp-json\/wp\/v2\/media\/27722"}],"wp:attachment":[{"href":"https:\/\/totalblue.ro\/it\/wp-json\/wp\/v2\/media?parent=27718"}],"wp:term":[{"taxonomy":"product_brand","embeddable":true,"href":"https:\/\/totalblue.ro\/it\/wp-json\/wp\/v2\/product_brand?post=27718"},{"taxonomy":"product_cat","embeddable":true,"href":"https:\/\/totalblue.ro\/it\/wp-json\/wp\/v2\/product_cat?post=27718"},{"taxonomy":"giftcard-category","embeddable":true,"href":"https:\/\/totalblue.ro\/it\/wp-json\/wp\/v2\/giftcard-category?post=27718"}],"curies":[{"name":"wp","href":"https:\/\/api.w.org\/{rel}","templated":true}]}}