{"id":27763,"date":"2021-03-09T16:52:49","date_gmt":"2021-03-09T14:52:49","guid":{"rendered":"https:\/\/totalblue.ro\/?post_type=product&#038;p=27763"},"modified":"2023-08-21T13:00:56","modified_gmt":"2023-08-21T10:00:56","slug":"saci-gunoi-manere-60l-jeden-tag-total-blue-magazin-online","status":"publish","type":"product","link":"https:\/\/totalblue.ro\/it\/produs\/saci-gunoi-manere-60l-jeden-tag-total-blue-magazin-online\/","title":{"rendered":"Jeden Tag Sacchi per rifiuti con manici 60L , dimensioni 60\u00d772 cm, 20 pezzi, importazione Germania"},"content":{"rendered":"<p>Schwingdeckel mullbeutel Jeden Tag<br \/>\nSaci de gunoi cu manere ( tip maiou ) capacitate 60 L, dimensiune 60 x 72 cm<br \/>\nMaterial : Polietilen\u0103 HD<br \/>\nNu con\u021bin alergeni declarabili<br \/>\nCapacitate: 60 Litri<br \/>\nDimensiune 60 x 72 cm<br \/>\n1 pachet contine 20 de saci<br \/>\nV\u0103 rug\u0103m s\u0103 re\u021bine\u021bi \u00eentotdeauna informa\u021biile de pe ambalajul produsului. Informa\u021biile de pe ambalaj pot diferi de informa\u021biile despre produs prezentate aici.<\/p>\n<div dir=\"auto\">Nuovo! Clicca e ritira <span style=\"font-size: 14.4px\">Totale blu <\/span>!<\/div>\n<div dir=\"auto\">Ordinate i vostri prodotti preferiti e ritirate l'ordine quando avete tempo!<\/div>\n<div dir=\"auto\">Con Click &amp; Collect <span style=\"font-size: 14.4px\">Totale blu <\/span>\u00e8 possibile prenotare i prodotti online, e tra le 08:00-21:00 \u00e8 possibile ritirarli presso la sede situata a Bucarest, Settore 6, Bulevardul Uverturii 69 A<\/div>\n<div dir=\"auto\">Dopo aver effettuato e registrato l'ordine, sarete avvisati (per telefono, e-mail o SMS) quando potrete venire a ritirare il vostro ordine.<\/div>\n<div dir=\"auto\">Nessun costo aggiuntivo per Click &amp; Collect <span style=\"font-size: 14.4px\">Totale blu<\/span><\/div>\n<div dir=\"auto\">Il pagamento degli articoli acquistati pu\u00f2 essere effettuato online al momento dell'ordine oppure in contanti o con carta direttamente in negozio al momento del ritiro.<\/div>\n<div dir=\"auto\">Provate subito il nuovo servizio Click &amp; Collect <span style=\"font-size: 14.4px\">Totale blu <\/span>!<\/div>","protected":false},"excerpt":{"rendered":"<p>Schwingdeckel mullbeutel Jeden Tag<br \/>\nSaci de gunoi cu manere ( tip maiou ) capacitate 60 L, dimensiune 60 x 72 cm<\/p>\n<div dir=\"auto\"><\/div>","protected":false},"featured_media":64234,"comment_status":"open","ping_status":"closed","template":"","meta":{"_acf_changed":false,"_seopress_robots_primary_cat":"1950","_seopress_titles_title":"","_seopress_titles_desc":"Cumpara online saci de gunoi, saci gunoi cu manere, pungi gunoi. Magazin online Total Blue cu produse germane si olandeze cu livrare rapida","_seopress_robots_index":""},"product_brand":[1989],"product_cat":[3356,3346,1950,1767],"giftcard-category":[],"class_list":{"0":"post-27763","1":"product","2":"type-product","3":"status-publish","4":"has-post-thumbnail","6":"product_brand-jeden-tag","7":"product_cat-detergenti-produse-germania","8":"product_cat-diverse","9":"product_cat-produse-germania","10":"product_cat-produse-olanda","12":"first","13":"outofstock","14":"taxable","15":"shipping-taxable","16":"purchasable","17":"product-type-simple"},"acf":[],"_links":{"self":[{"href":"https:\/\/totalblue.ro\/it\/wp-json\/wp\/v2\/product\/27763","targetHints":{"allow":["GET"]}}],"collection":[{"href":"https:\/\/totalblue.ro\/it\/wp-json\/wp\/v2\/product"}],"about":[{"href":"https:\/\/totalblue.ro\/it\/wp-json\/wp\/v2\/types\/product"}],"replies":[{"embeddable":true,"href":"https:\/\/totalblue.ro\/it\/wp-json\/wp\/v2\/comments?post=27763"}],"wp:featuredmedia":[{"embeddable":true,"href":"https:\/\/totalblue.ro\/it\/wp-json\/wp\/v2\/media\/64234"}],"wp:attachment":[{"href":"https:\/\/totalblue.ro\/it\/wp-json\/wp\/v2\/media?parent=27763"}],"wp:term":[{"taxonomy":"product_brand","embeddable":true,"href":"https:\/\/totalblue.ro\/it\/wp-json\/wp\/v2\/product_brand?post=27763"},{"taxonomy":"product_cat","embeddable":true,"href":"https:\/\/totalblue.ro\/it\/wp-json\/wp\/v2\/product_cat?post=27763"},{"taxonomy":"giftcard-category","embeddable":true,"href":"https:\/\/totalblue.ro\/it\/wp-json\/wp\/v2\/giftcard-category?post=27763"}],"curies":[{"name":"wp","href":"https:\/\/api.w.org\/{rel}","templated":true}]}}