{"id":27930,"date":"2021-03-19T08:55:03","date_gmt":"2021-03-19T06:55:03","guid":{"rendered":"https:\/\/totalblue.ro\/?post_type=product&#038;p=27930"},"modified":"2023-02-07T16:02:07","modified_gmt":"2023-02-07T14:02:07","slug":"mieszko-classic-truffles-aroma-alune-padure-175-g","status":"publish","type":"product","link":"https:\/\/totalblue.ro\/it\/produs\/mieszko-classic-truffles-aroma-alune-padure-175-g\/","title":{"rendered":"Mieszko Classic Truffles aroma alune padure 175 g, trufe"},"content":{"rendered":"<p>Pralinele elegante Mieszko sunt cadoul perfect pentru cei dragi, dar \u0219i cea mai bun\u0103 idee pentru a exprima recunoa\u0219tere sau recuno\u0219tin\u021b\u0103. Datorit\u0103 unei variet\u0103\u021bi surprinz\u0103toare de arome, umpluturi sofisticate \u0219i \u00eenfrumuse\u021b\u0103ri complicate, pralinele Mieszko sunt cea mai bun\u0103 idee pentru un cadou deosebit de dulce !<\/p>\n<p><strong>Allergeni:<\/strong> Produsul poate contine arahide , fructe cu coaja lemnoasa , grau ,orz.<br \/>\n<strong>Ingrediente:<\/strong> ulei vegetal (de palier, miez de palmier), zahar, cacao cu continut redus de grasimi (12.7%), zer praf (din lapte), cacao (1.8%), emulsificator: lecitina din soia, arome, alune zdrobite (0.1%). Produsul poate contine urme alune si alte fructe cu coaja lemnoasa, gluten, galbenusuri de ou.<br \/>\n<strong>Informa\u021bii nutri\u021bionale \/ 100 g<\/strong><br \/>\nEnergie 2515kJ\/ 606kcal<br \/>\nGrasimi 46g<br \/>\nDin care saturate 35g<br \/>\nGlucide 41g<br \/>\ndin care zaharuri 34g<br \/>\nProteine 5g<br \/>\nSare 0.13g<br \/>\n<strong>Conditii depozitare<\/strong><br \/>\nA se pastra la temperaturi cuprinse intre 16 &#8211; 20 \u00b0 C<br \/>\nA se pastra la loc uscat si racoros, ferit de razele soarelui. A se consuma de preferinta inainte de data inscrisa pe ambalaj.<\/p>\n<p>&nbsp;<\/p>","protected":false},"excerpt":{"rendered":"<p>Mieszko Classic Truffles aroma alune padure 175 g<\/p>","protected":false},"featured_media":27931,"comment_status":"open","ping_status":"closed","template":"","meta":{"_acf_changed":false,"_seopress_robots_primary_cat":"none","_seopress_titles_title":"","_seopress_titles_desc":"Comanda online Mieszko Classic Truffles aroma alune padure, trufe alune de padure. Magazin online produse Belgia, produse Olanda, Germania","_seopress_robots_index":""},"product_brand":[1996],"product_cat":[1555],"giftcard-category":[],"class_list":{"0":"post-27930","1":"product","2":"type-product","3":"status-publish","4":"has-post-thumbnail","6":"product_brand-mieszko","7":"product_cat-bacanie","9":"first","10":"outofstock","11":"taxable","12":"shipping-taxable","13":"purchasable","14":"product-type-simple"},"acf":[],"_links":{"self":[{"href":"https:\/\/totalblue.ro\/it\/wp-json\/wp\/v2\/product\/27930","targetHints":{"allow":["GET"]}}],"collection":[{"href":"https:\/\/totalblue.ro\/it\/wp-json\/wp\/v2\/product"}],"about":[{"href":"https:\/\/totalblue.ro\/it\/wp-json\/wp\/v2\/types\/product"}],"replies":[{"embeddable":true,"href":"https:\/\/totalblue.ro\/it\/wp-json\/wp\/v2\/comments?post=27930"}],"wp:featuredmedia":[{"embeddable":true,"href":"https:\/\/totalblue.ro\/it\/wp-json\/wp\/v2\/media\/27931"}],"wp:attachment":[{"href":"https:\/\/totalblue.ro\/it\/wp-json\/wp\/v2\/media?parent=27930"}],"wp:term":[{"taxonomy":"product_brand","embeddable":true,"href":"https:\/\/totalblue.ro\/it\/wp-json\/wp\/v2\/product_brand?post=27930"},{"taxonomy":"product_cat","embeddable":true,"href":"https:\/\/totalblue.ro\/it\/wp-json\/wp\/v2\/product_cat?post=27930"},{"taxonomy":"giftcard-category","embeddable":true,"href":"https:\/\/totalblue.ro\/it\/wp-json\/wp\/v2\/giftcard-category?post=27930"}],"curies":[{"name":"wp","href":"https:\/\/api.w.org\/{rel}","templated":true}]}}