{"id":28047,"date":"2021-03-29T14:22:52","date_gmt":"2021-03-29T11:22:52","guid":{"rendered":"https:\/\/totalblue.ro\/?post_type=product&#038;p=28047"},"modified":"2025-02-06T12:10:44","modified_gmt":"2025-02-06T10:10:44","slug":"ariel-pudra-color-50-spalari-3-kg","status":"publish","type":"product","link":"https:\/\/totalblue.ro\/it\/produs\/ariel-pudra-color-50-spalari-3-kg\/","title":{"rendered":"Ariel Polvere di colore 50 spalmabile, 3 kg, Importazione Germania"},"content":{"rendered":"<p>Detergent automat pudra cu un miros proaspat placut, ce indeparteaza multe pete dificile, chiar si cele in profunzimea tesaturii, pentru o curatenie impecabila.<br \/>\nReduce aderenta murdariei si depunerea petelor pe haine. Cu detergentul Ariel hainele tale se pastreaza albe, stralucitoare si perfect curate.<br \/>\nDetergentul pudra Ariel indeparteaza cu success petele chiar si la 30 grade C, lasandu-ti hainele impecabil de curate chiar si in apa rece.<br \/>\nOfera hainelor tale parfumul proaspat pe toata durata zilei.<br \/>\nPrezentare : cutie de carton , detergent pudra<br \/>\nPulberea se dizolv\u0103 rapid \u0219i nu las\u0103 reziduuri pe \u00eembr\u0103c\u0103minte.<br \/>\nAtentie! Provoaca leziuni oculare grave. Provoaca iritarea pielii. Nociv pentru mediul acvatic cu efecte pe termen lung. A nu se lasa la indemana copiilor. Purtati echipament de protectie. In caz de contact cu ochii, clatiti cu atentie cu apa timp de mai multe minute. Scoateti lentilele de contact daca este cazul si daca acest lucru se poate face cu usurinta. Continuati sa clatiti. Daca iritarea ochilor persista, consultati medicul. Daca este necesara consultarea medicului, tineti la indemana recipientul sau eticheta produsului. In caz de contact cu pielea, scoateti imediat toata imbracamintea contaminata. Spalati cu multa apa. In caz de inghitire: Clatiti gura. Nu provocati voma. Sunati la un centrul de informare toxicologica sau medic. A se utiliza, de preferinta, inainte de data inscriptionata pe ambalaj.<br \/>\nCon\u021bine izoeugenol, poate provoca reac\u021bii alergice<br \/>\nCon\u021bine 1- (1,2,3,4,5,6,7,8-Octahidro-2,3,8,8-tetrametil-2-naftil) -etan-1-on\u0103 (OTNE). Poate produce o reac\u021bie alergic\u0103.<\/p>","protected":false},"excerpt":{"rendered":"<p>Detergent automat pudra cu un miros proaspat placut, ce indeparteaza multe pete dificile, chiar si cele in profunzimea tesaturii, pentru o curatenie impecabila.<\/p>","protected":false},"featured_media":132716,"comment_status":"open","ping_status":"closed","template":"","meta":{"_acf_changed":false,"_seopress_robots_primary_cat":"1950","_seopress_titles_title":"","_seopress_titles_desc":"Detergent automat pudra cu un miros proaspat placut, ce indeparteaza multe pete dificile, chiar si cele in profunzimea tesaturii","_seopress_robots_index":""},"product_brand":[1790],"product_cat":[1349,1348,3356,3346,1950,1767],"giftcard-category":[],"class_list":{"0":"post-28047","1":"product","2":"type-product","3":"status-publish","4":"has-post-thumbnail","6":"product_brand-ariel","7":"product_cat-baie","8":"product_cat-casa-si-bricolaj","9":"product_cat-detergenti-produse-germania","10":"product_cat-diverse","11":"product_cat-produse-germania","12":"product_cat-produse-olanda","14":"first","15":"outofstock","16":"taxable","17":"shipping-taxable","18":"purchasable","19":"product-type-simple"},"acf":[],"_links":{"self":[{"href":"https:\/\/totalblue.ro\/it\/wp-json\/wp\/v2\/product\/28047","targetHints":{"allow":["GET"]}}],"collection":[{"href":"https:\/\/totalblue.ro\/it\/wp-json\/wp\/v2\/product"}],"about":[{"href":"https:\/\/totalblue.ro\/it\/wp-json\/wp\/v2\/types\/product"}],"replies":[{"embeddable":true,"href":"https:\/\/totalblue.ro\/it\/wp-json\/wp\/v2\/comments?post=28047"}],"wp:featuredmedia":[{"embeddable":true,"href":"https:\/\/totalblue.ro\/it\/wp-json\/wp\/v2\/media\/132716"}],"wp:attachment":[{"href":"https:\/\/totalblue.ro\/it\/wp-json\/wp\/v2\/media?parent=28047"}],"wp:term":[{"taxonomy":"product_brand","embeddable":true,"href":"https:\/\/totalblue.ro\/it\/wp-json\/wp\/v2\/product_brand?post=28047"},{"taxonomy":"product_cat","embeddable":true,"href":"https:\/\/totalblue.ro\/it\/wp-json\/wp\/v2\/product_cat?post=28047"},{"taxonomy":"giftcard-category","embeddable":true,"href":"https:\/\/totalblue.ro\/it\/wp-json\/wp\/v2\/giftcard-category?post=28047"}],"curies":[{"name":"wp","href":"https:\/\/api.w.org\/{rel}","templated":true}]}}