{"id":28094,"date":"2021-03-29T15:52:54","date_gmt":"2021-03-29T12:52:54","guid":{"rendered":"https:\/\/totalblue.ro\/?post_type=product&#038;p=28094"},"modified":"2025-08-06T15:56:58","modified_gmt":"2025-08-06T12:56:58","slug":"maggi-ravioli-bolognese-340g","status":"publish","type":"product","link":"https:\/\/totalblue.ro\/it\/produs\/maggi-ravioli-bolognese-340g\/","title":{"rendered":"Maggi Ravioli Bolognese 340g"},"content":{"rendered":"<p>Maggi Ravioli Bolognese 340g<\/p>\n<p><strong>Raccomandazioni<\/strong>: Turnati continutul intr-o cratita \/ tigaie. Incalziti la foc mediu. De asemenea puteti incalzi si la cuptorul cu microunde, 2 minute la 600 W.<br \/>\n<strong>Ingrediente: <\/strong>apa, 23,5% ravioli (grau durum ), apa, pesmet (fain\u0103 de grau, drojdie, sare iodata), faina de grau, proteine \u200b\u200bdin grau, slanin\u0103 afumata (slanina, sare, fum), condimente (ceapa, boia, usturoi, ienibahar) ), sare iodata, amidon de cartofi, ulei de floarea-soarelui, ierburi (maghiran, frunze de dafin), arom\u0103 naturala de ardei), 20,3% pasta de ro\u0219ii, 5,8% carne de vita, grasime de vita, condimente (ceapa, boia), slanin\u0103 afumata (slanin\u0103, sare, fum), praz, telina, sare iodat\u0103, zahar, condimente (din grau), extract de drojdie, amidon modificat, grasime de palmier, arom\u0103 naturala de piper, acid citric acidifiant. Poate con\u021bine oua, lapte, mustar \u0219i soia.<br \/>\n<strong>Allergeni: <\/strong>poate contine urme de telina si mustar.<br \/>\nPrezentare: conserva cu cheita<br \/>\n<strong>Condizioni di conservazione:<\/strong><br \/>\nConservare in un luogo asciutto e fresco, lontano dalla luce diretta del sole. Dopo l'apertura, conservare in frigorifero per 48 ore al massimo.<br \/>\n<strong>Valori nutrizionali \/ 100g:<\/strong><br \/>\nEnergie 87 kcal<br \/>\nGrasime 3 grame<br \/>\ndin care grasimi saturati 1.1 grame<br \/>\nCarbohidrati 11 grame<br \/>\ndin care zaharuri 1.7 grame<br \/>\nProteine \u200b\u200b3.4 grame<br \/>\nSare 0.96 grame<br \/>\nProdotto in Germania da Maggi GmbH , 78221 Singen, Hohentwiel.<br \/>\nImportatore e distributore Total Blue Impex SRL<br \/>\n*Le ricette dei prodotti sono soggette a modifiche. Le informazioni qui riportate si riferiscono all'assortimento tedesco attualmente in vigore e vengono aggiornate regolarmente. In caso di modifiche alle ricette, nei negozi si possono trovare prodotti con le vecchie e le nuove ricette. Pertanto, l'acquirente deve sempre leggere attentamente tutte le informazioni riportate sulla confezione. Questo vale in particolare per l'elenco degli ingredienti, per tenere conto delle intolleranze.<\/p>","protected":false},"excerpt":{"rendered":"<p>Maggi Ravioli Bolognese 340g<\/p>","protected":false},"featured_media":28095,"comment_status":"open","ping_status":"closed","template":"","meta":{"_acf_changed":false,"_seopress_robots_primary_cat":"1950","_seopress_titles_title":"","_seopress_titles_desc":"Comanda acum cu livrare rapida pana la usa ta Maggi Ravioli Bolognese 340g! Pret promotional, livrare rapida","_seopress_robots_index":""},"product_brand":[1869],"product_cat":[1555,1683,3272,3372,1950,1767],"giftcard-category":[],"class_list":{"0":"post-28094","1":"product","2":"type-product","3":"status-publish","4":"has-post-thumbnail","6":"product_brand-maggi","7":"product_cat-bacanie","8":"product_cat-conserve-mancare-gatita","9":"product_cat-conserve","10":"product_cat-conserve-produse-germania","11":"product_cat-produse-germania","12":"product_cat-produse-olanda","14":"first","15":"outofstock","16":"taxable","17":"shipping-taxable","18":"purchasable","19":"product-type-simple"},"acf":[],"_links":{"self":[{"href":"https:\/\/totalblue.ro\/it\/wp-json\/wp\/v2\/product\/28094","targetHints":{"allow":["GET"]}}],"collection":[{"href":"https:\/\/totalblue.ro\/it\/wp-json\/wp\/v2\/product"}],"about":[{"href":"https:\/\/totalblue.ro\/it\/wp-json\/wp\/v2\/types\/product"}],"replies":[{"embeddable":true,"href":"https:\/\/totalblue.ro\/it\/wp-json\/wp\/v2\/comments?post=28094"}],"wp:featuredmedia":[{"embeddable":true,"href":"https:\/\/totalblue.ro\/it\/wp-json\/wp\/v2\/media\/28095"}],"wp:attachment":[{"href":"https:\/\/totalblue.ro\/it\/wp-json\/wp\/v2\/media?parent=28094"}],"wp:term":[{"taxonomy":"product_brand","embeddable":true,"href":"https:\/\/totalblue.ro\/it\/wp-json\/wp\/v2\/product_brand?post=28094"},{"taxonomy":"product_cat","embeddable":true,"href":"https:\/\/totalblue.ro\/it\/wp-json\/wp\/v2\/product_cat?post=28094"},{"taxonomy":"giftcard-category","embeddable":true,"href":"https:\/\/totalblue.ro\/it\/wp-json\/wp\/v2\/giftcard-category?post=28094"}],"curies":[{"name":"wp","href":"https:\/\/api.w.org\/{rel}","templated":true}]}}