{"id":28097,"date":"2021-03-29T16:08:45","date_gmt":"2021-03-29T13:08:45","guid":{"rendered":"https:\/\/totalblue.ro\/?post_type=product&#038;p=28097"},"modified":"2025-08-06T15:56:56","modified_gmt":"2025-08-06T12:56:56","slug":"ravioli-in-sos-picant-si-bucatele-de-vita-maggi-800-g","status":"publish","type":"product","link":"https:\/\/totalblue.ro\/it\/produs\/ravioli-in-sos-picant-si-bucatele-de-vita-maggi-800-g\/","title":{"rendered":"Ravioli in salsa piccante, manzo Maggi 800 g"},"content":{"rendered":"<p>Maggi Ravioli in pikanter Sauce, Teigtaschen mit Rindfleisch-F\u00fcllung, leckeres Fertiggericht, 800g<br \/>\nRavioli in sos picant si bucatele de vita Maggi 800 g<\/p>\n<p><strong>Raccomandazioni<\/strong>Versare il contenuto in una casseruola\/padella. Riscaldare a fuoco medio. \u00c8 possibile riscaldare anche nel microonde, per 4 minuti a 600 W.<br \/>\n<strong>Ingrediente: <\/strong>76,2% sos de rosii (apa, 26,8% pasta de rosii , 6,6% carne de vita, amidon modificat, sare iodata, grasime de vita, zahar, mirodenii, slanin\u0103 afumat\u0103 (slanin\u0103, fum), extract de drojdie, condimente (din grau ), praz, telina, sare, acid citric acidifiant, aroma naturala, grasime de palmier), 23,8% ravioli ( grau durum ), apa, 3,7% faina de grau, pesmet (faina grau, drojdie, sare iodata), proteine grau , slanina afumat\u0103 (bacon, fum), condimente, gris de grau, sare iodata, amidon de cartofi, ulei de floarea soarelui, grasime de palmier, proteine din ou, lapte praf, ierburi, zahar, arom\u0103 natural\u0103 ). Poate con\u021bine soia, lapte \u0219i mustar.<br \/>\nPrezentare: conserva cu cheita<br \/>\n<strong>Condizioni di conservazione:<\/strong><br \/>\nConservare in un luogo asciutto e fresco, lontano dalla luce diretta del sole. Dopo l'apertura, conservare in frigorifero per 48 ore al massimo.<br \/>\n<strong>Valori nutrizionali \/ 100g:<\/strong><br \/>\nEnergie 86 kcal<br \/>\nGrasime 2.9 grame<br \/>\ndin care grasimi saturati 1.1 grame<br \/>\nCarbohidrati 11.3 grame<br \/>\ndin care zaharuri 1.6 grame<br \/>\nProteine \u200b\u200b3.4 grame<br \/>\nSare 0.94 grame<\/p>\n<p>Dimensiune : 11.43 x 9.91 x 9.91 cm<br \/>\nProdotto in Germania da Maggi GmbH , 78221 Singen, Hohentwiel.<br \/>\nImportatore e distributore Total Blue Impex SRL<br \/>\n*Le ricette dei prodotti sono soggette a modifiche. Le informazioni qui riportate si riferiscono all'assortimento tedesco attualmente in vigore e vengono aggiornate regolarmente. In caso di modifiche alle ricette, nei negozi si possono trovare prodotti con le vecchie e le nuove ricette. Pertanto, l'acquirente deve sempre leggere attentamente tutte le informazioni riportate sulla confezione. Questo vale in particolare per l'elenco degli ingredienti, per tenere conto delle intolleranze.<\/p>","protected":false},"excerpt":{"rendered":"<p>Maggi Ravioli in pikanter Sauce, Teigtaschen mit Rindfleisch-F\u00fcllung, leckeres Fertiggericht, 800g<br \/>\nRavioli in sos picant si bucatele de vita Maggi 800 g<\/p>","protected":false},"featured_media":28098,"comment_status":"open","ping_status":"closed","template":"","meta":{"_acf_changed":false,"_seopress_robots_primary_cat":"1950","_seopress_titles_title":"","_seopress_titles_desc":"Maggi Ravioli in pikanter Sauce, Teigtaschen mit Rindfleisch-F\u00fcllung, leckeres Fertiggericht, 800g","_seopress_robots_index":""},"product_brand":[1869],"product_cat":[1555,1683,3272,3372,1950,1767],"giftcard-category":[],"class_list":{"0":"post-28097","1":"product","2":"type-product","3":"status-publish","4":"has-post-thumbnail","6":"product_brand-maggi","7":"product_cat-bacanie","8":"product_cat-conserve-mancare-gatita","9":"product_cat-conserve","10":"product_cat-conserve-produse-germania","11":"product_cat-produse-germania","12":"product_cat-produse-olanda","14":"first","15":"outofstock","16":"taxable","17":"shipping-taxable","18":"purchasable","19":"product-type-simple"},"acf":[],"_links":{"self":[{"href":"https:\/\/totalblue.ro\/it\/wp-json\/wp\/v2\/product\/28097","targetHints":{"allow":["GET"]}}],"collection":[{"href":"https:\/\/totalblue.ro\/it\/wp-json\/wp\/v2\/product"}],"about":[{"href":"https:\/\/totalblue.ro\/it\/wp-json\/wp\/v2\/types\/product"}],"replies":[{"embeddable":true,"href":"https:\/\/totalblue.ro\/it\/wp-json\/wp\/v2\/comments?post=28097"}],"wp:featuredmedia":[{"embeddable":true,"href":"https:\/\/totalblue.ro\/it\/wp-json\/wp\/v2\/media\/28098"}],"wp:attachment":[{"href":"https:\/\/totalblue.ro\/it\/wp-json\/wp\/v2\/media?parent=28097"}],"wp:term":[{"taxonomy":"product_brand","embeddable":true,"href":"https:\/\/totalblue.ro\/it\/wp-json\/wp\/v2\/product_brand?post=28097"},{"taxonomy":"product_cat","embeddable":true,"href":"https:\/\/totalblue.ro\/it\/wp-json\/wp\/v2\/product_cat?post=28097"},{"taxonomy":"giftcard-category","embeddable":true,"href":"https:\/\/totalblue.ro\/it\/wp-json\/wp\/v2\/giftcard-category?post=28097"}],"curies":[{"name":"wp","href":"https:\/\/api.w.org\/{rel}","templated":true}]}}