{"id":28101,"date":"2021-03-29T16:27:05","date_gmt":"2021-03-29T13:27:05","guid":{"rendered":"https:\/\/totalblue.ro\/?post_type=product&#038;p=28101"},"modified":"2025-08-06T15:56:53","modified_gmt":"2025-08-06T12:56:53","slug":"ravioli-de-legume-in-sos-de-rosii-legume-maggi-800-g","status":"publish","type":"product","link":"https:\/\/totalblue.ro\/it\/produs\/ravioli-de-legume-in-sos-de-rosii-legume-maggi-800-g\/","title":{"rendered":"Ravioli di verdure in salsa di pomodoro Maggi 800 g"},"content":{"rendered":"<p>Gem\u00fcse-Ravioli in Tomaten-Gem\u00fcsesauce, 33% Gem\u00fcse<br \/>\nRavioli di verdure in salsa di pomodoro Maggi 800 g<\/p>\n<p><strong>Raccomandazioni<\/strong>Versare il contenuto in una casseruola\/padella. Riscaldare a fuoco medio. \u00c8 possibile riscaldare anche nel microonde, per 4 minuti a 600 W.<br \/>\n<strong>Ingrediente: <\/strong>\u00a074,5% sos de ro\u0219ii-legume (ap\u0103, 30,6% pasta de ro\u0219ii , 4% morcovi , ceapa, 1,7% mazare , 1,2% porumb , 1,2% praz , dovleac, 0, 7% boia , 0,3% ro\u0219ii , zahar, sare iodata, otet de coniac, amidon modificat, ulei de floarea soarelui, mirodenii, otet de vin, guma de ingro\u0219are guar, arome, oregano), 25,5% ravioli ( grau durum, apa, pesmet (fain\u0103 de grau, drojdie, sare iodata ), faina de grau, ulei de floarea soarelui, proteine de grau, amidon de cartofi, faina de mazare, sare iodata, morcovi, ceapa, spanac, boia, condimente, arome). Poate con\u021bine telina, oua, lapte, mustar \u0219i soia.<br \/>\n<strong>Specialitate vegetarian\u0103<\/strong><br \/>\n<strong>Condizioni di conservazione:<\/strong><br \/>\nConservare in un luogo asciutto e fresco, lontano dalla luce diretta del sole. Dopo l'apertura, conservare in frigorifero per 48 ore al massimo.<br \/>\nValori nutrizionali \/ 100 g:<br \/>\nEnergie 343 kj \/ 81 kcal<br \/>\nGrasime 1.3 g din care grasimi saturati 0.1 g<br \/>\nCarbohidrati 13.7 g din care zaharuri 3.2 g<br \/>\nFibre 1.3 g<br \/>\nProteine \u200b\u200b2.9 g<br \/>\nSare 0.90 g<\/p>\n<p>Certificazione: Gr\u00fcner Punkt - ARA (etichetta della confezione)<br \/>\nProdotto in Germania da Maggi GmbH , 78221 Singen, Hohentwiel.<br \/>\nImportatore e distributore Total Blue Impex SRL<br \/>\n*Le ricette dei prodotti sono soggette a modifiche. Le informazioni qui riportate si riferiscono all'assortimento tedesco attualmente in vigore e vengono aggiornate regolarmente. In caso di modifiche alle ricette, nei negozi si possono trovare prodotti con le vecchie e le nuove ricette. Pertanto, l'acquirente deve sempre leggere attentamente tutte le informazioni riportate sulla confezione. Questo vale in particolare per l'elenco degli ingredienti, per tenere conto delle intolleranze.<\/p>","protected":false},"excerpt":{"rendered":"<p>Ravioli di verdure in salsa di pomodoro Maggi 800 g<\/p>","protected":false},"featured_media":28102,"comment_status":"open","ping_status":"closed","template":"","meta":{"_acf_changed":false,"_seopress_robots_primary_cat":"1950","_seopress_titles_title":"","_seopress_titles_desc":"Comanda acum online Ravioli de legume in sos de rosii-legume Maggi 800 g cu livrare rapida pana la usa ta","_seopress_robots_index":""},"product_brand":[1869],"product_cat":[1555,1683,3272,3372,1950,1767],"giftcard-category":[],"class_list":{"0":"post-28101","1":"product","2":"type-product","3":"status-publish","4":"has-post-thumbnail","6":"product_brand-maggi","7":"product_cat-bacanie","8":"product_cat-conserve-mancare-gatita","9":"product_cat-conserve","10":"product_cat-conserve-produse-germania","11":"product_cat-produse-germania","12":"product_cat-produse-olanda","14":"first","15":"outofstock","16":"taxable","17":"shipping-taxable","18":"purchasable","19":"product-type-simple"},"acf":[],"_links":{"self":[{"href":"https:\/\/totalblue.ro\/it\/wp-json\/wp\/v2\/product\/28101","targetHints":{"allow":["GET"]}}],"collection":[{"href":"https:\/\/totalblue.ro\/it\/wp-json\/wp\/v2\/product"}],"about":[{"href":"https:\/\/totalblue.ro\/it\/wp-json\/wp\/v2\/types\/product"}],"replies":[{"embeddable":true,"href":"https:\/\/totalblue.ro\/it\/wp-json\/wp\/v2\/comments?post=28101"}],"wp:featuredmedia":[{"embeddable":true,"href":"https:\/\/totalblue.ro\/it\/wp-json\/wp\/v2\/media\/28102"}],"wp:attachment":[{"href":"https:\/\/totalblue.ro\/it\/wp-json\/wp\/v2\/media?parent=28101"}],"wp:term":[{"taxonomy":"product_brand","embeddable":true,"href":"https:\/\/totalblue.ro\/it\/wp-json\/wp\/v2\/product_brand?post=28101"},{"taxonomy":"product_cat","embeddable":true,"href":"https:\/\/totalblue.ro\/it\/wp-json\/wp\/v2\/product_cat?post=28101"},{"taxonomy":"giftcard-category","embeddable":true,"href":"https:\/\/totalblue.ro\/it\/wp-json\/wp\/v2\/giftcard-category?post=28101"}],"curies":[{"name":"wp","href":"https:\/\/api.w.org\/{rel}","templated":true}]}}