{"id":28106,"date":"2021-03-29T16:39:13","date_gmt":"2021-03-29T13:39:13","guid":{"rendered":"https:\/\/totalblue.ro\/?post_type=product&#038;p=28106"},"modified":"2025-08-06T15:56:50","modified_gmt":"2025-08-06T12:56:50","slug":"ravioli-in-sos-de-rosii-cu-umplutura-de-carne-maggi-800-g","status":"publish","type":"product","link":"https:\/\/totalblue.ro\/it\/produs\/ravioli-in-sos-de-rosii-cu-umplutura-de-carne-maggi-800-g\/","title":{"rendered":"Ravioli in sos de rosii cu umplutura de carne Maggi 800 g"},"content":{"rendered":"<p>Ravioli in sos de rosii cu umplutur\u0103 de carne Maggi 800 g<\/p>\n<p><strong>Raccomandazioni<\/strong>Versare il contenuto in una casseruola\/padella. Riscaldare a fuoco medio. \u00c8 possibile riscaldare anche nel microonde, per 4 minuti a 600 W.<br \/>\n<strong>Ingrediente:<\/strong> 71,5% sos de rosii (ap\u0103, 37% pasta de rosii ), amidon modificat, sare iodata, zahar, ulei de floarea soarelui, slanin\u0103 afumat\u0103 (slanina, fum), condimente, otet de vin, extract de drojdie, telina, ierburi, arome), 28,5% Ravioli (grau durum, apa, pesmet ( faina de grau, drojdie, sare iodata), carne de porc, proteine \u200b\u200bdin grau, ulei de floarea soarelui, 1,6% faina de grau, slanina, gris de grau, condimente, sare iodata, extract de drojdie, grasime de palmier, albu\u0219uri de ou, zahat, lapte, aroma (orz), zahar).<br \/>\n<strong>Allergeni:<\/strong>Poate con\u021bine soia, lapte, mustar.<strong><br \/>\nCondizioni di conservazione:<\/strong>Conservare in un luogo asciutto e fresco, lontano dalla luce diretta del sole. Dopo l'apertura, conservare in frigorifero per 48 ore al massimo.<br \/>\n<strong>Valori nutrizionali \/ 100g:<\/strong><br \/>\nEnergie 370 kJ \/ 88 kcal<br \/>\nGrasime 2.1 g din care grasimi 0.7 g<br \/>\nCarbohidrati 13.5 g din care zaharuri 2 g<br \/>\nFibre 1 g<br \/>\nProteine \u200b\u200b3.2 g<br \/>\nSale 0,89 g<\/p>\n<p>Certificazione: Gr\u00fcner Punkt - ARA (etichetta della confezione)<br \/>\nProdotto in Germania da Maggi GmbH , 78221 Singen, Hohentwiel.<br \/>\nImportatore e distributore Total Blue Impex SRL<br \/>\n*Le ricette dei prodotti sono soggette a modifiche. Le informazioni qui riportate si riferiscono all'assortimento tedesco attualmente in vigore e vengono aggiornate regolarmente. In caso di modifiche alle ricette, nei negozi si possono trovare prodotti con le vecchie e le nuove ricette. Pertanto, l'acquirente deve sempre leggere attentamente tutte le informazioni riportate sulla confezione. Questo vale in particolare per l'elenco degli ingredienti, per tenere conto delle intolleranze.<\/p>","protected":false},"excerpt":{"rendered":"<p>Ravioli in sos de rosii cu umplutur\u0103 de carne Maggi 800 g<\/p>","protected":false},"featured_media":28107,"comment_status":"open","ping_status":"closed","template":"","meta":{"_acf_changed":false,"_seopress_robots_primary_cat":"1950","_seopress_titles_title":"","_seopress_titles_desc":"Comanda acum la pret promotional cu livrare rapida pana la usa ta Ravioli in sos de rosii cu umplutur\u0103 de carne Maggi 800 g","_seopress_robots_index":""},"product_brand":[1869],"product_cat":[1555,1683,3272,3372,1950,1767],"giftcard-category":[],"class_list":{"0":"post-28106","1":"product","2":"type-product","3":"status-publish","4":"has-post-thumbnail","6":"product_brand-maggi","7":"product_cat-bacanie","8":"product_cat-conserve-mancare-gatita","9":"product_cat-conserve","10":"product_cat-conserve-produse-germania","11":"product_cat-produse-germania","12":"product_cat-produse-olanda","14":"first","15":"outofstock","16":"taxable","17":"shipping-taxable","18":"purchasable","19":"product-type-simple"},"acf":[],"_links":{"self":[{"href":"https:\/\/totalblue.ro\/it\/wp-json\/wp\/v2\/product\/28106","targetHints":{"allow":["GET"]}}],"collection":[{"href":"https:\/\/totalblue.ro\/it\/wp-json\/wp\/v2\/product"}],"about":[{"href":"https:\/\/totalblue.ro\/it\/wp-json\/wp\/v2\/types\/product"}],"replies":[{"embeddable":true,"href":"https:\/\/totalblue.ro\/it\/wp-json\/wp\/v2\/comments?post=28106"}],"wp:featuredmedia":[{"embeddable":true,"href":"https:\/\/totalblue.ro\/it\/wp-json\/wp\/v2\/media\/28107"}],"wp:attachment":[{"href":"https:\/\/totalblue.ro\/it\/wp-json\/wp\/v2\/media?parent=28106"}],"wp:term":[{"taxonomy":"product_brand","embeddable":true,"href":"https:\/\/totalblue.ro\/it\/wp-json\/wp\/v2\/product_brand?post=28106"},{"taxonomy":"product_cat","embeddable":true,"href":"https:\/\/totalblue.ro\/it\/wp-json\/wp\/v2\/product_cat?post=28106"},{"taxonomy":"giftcard-category","embeddable":true,"href":"https:\/\/totalblue.ro\/it\/wp-json\/wp\/v2\/giftcard-category?post=28106"}],"curies":[{"name":"wp","href":"https:\/\/api.w.org\/{rel}","templated":true}]}}