{"id":28196,"date":"2021-03-31T13:04:28","date_gmt":"2021-03-31T10:04:28","guid":{"rendered":"https:\/\/totalblue.ro\/?post_type=product&#038;p=28196"},"modified":"2026-04-03T11:41:03","modified_gmt":"2026-04-03T08:41:03","slug":"sos-wijko-sate-gata-preparat-250-g","status":"publish","type":"product","link":"https:\/\/totalblue.ro\/it\/produs\/sos-wijko-sate-gata-preparat-250-g\/","title":{"rendered":"Sos Wijko Sat\u00e9 gata preparat 270 g"},"content":{"rendered":"<p>Wijko Sat\u00e9 saus kant en klaar 270 g<br \/>\nSos Wijko Sat\u00e9 gata preparat 270 g<br \/>\nIdeal pentru 5 portii.<br \/>\n<strong>Ingrediente:<\/strong> apa, arahide 26%, zahar, sos de soia (apa, boabe de soia, sare, grau, conservant (sorbat de potasiu), o\u021bet, praf de zer (lapte), arome (con\u021bin soia), ulei de rapita, amidon modificat, condimente , sambal (ardei ro\u0219ii), sare, apa, acid alimentar (acid acetic), conservant (acid benzoic), sare, ghimbir, ceap\u0103, conservant (sorbat de potasiu), acid alimentar (acid lactic), regulator de aciditate (lactat de sodiu) , emulgator (LECITINA DE SOIA), culoare (E150d), concentrat de boia, antioxidant (E385), agen\u021bi de \u00eengro\u0219are (gum\u0103 guar, gum\u0103 xantan)<br \/>\n<strong>Allergeni:<\/strong> Lapte, arahide, cereale care con\u021bin gluten, soia, grau<br \/>\n<strong>Raccomandazione per la preparazione:<\/strong> In cuptorul cu microunde: scoateti capacul \u0219i efectuati cateva gauri \u00een folie. Inc\u0103lziti sosul pentru aproximativ 3 minute la maxim 650 Watt. Scoateti cu grij\u0103 folia \u0219i amesteca\u021bi usor sosul.<br \/>\nTigaie: puneti sosul in tigaie \u0219i incalziti amestecand la foc mic (nu lasati s\u0103 fiarba).<br \/>\n<strong>Condizioni di conservazione:<\/strong> A se p\u0103stra \u00eentr-un loc \u00eentunecat la temperatura camerei. A se p\u0103stra la frigider dup\u0103 deschidere.<br \/>\n<strong>Valori nutrizionali\/100g:<\/strong><br \/>\nEnergie 1035 kJ \/ 248 kcal<br \/>\nGrasime 14 g din care grasimi saturate 1.9 g<br \/>\nCarbohidra\u021bi 22 g din care zaharuri 16 g<br \/>\nProteine \u200b\u200b7,3 g<br \/>\nSale 1,2 g<br \/>\nFabricat in Olanda de Wijko , Antwoordnummer 98057 1000 VA Amsterdam<br \/>\nImportatore e distributore Total Blue Impex SRL<\/p>\n<p>&nbsp;<\/p>","protected":false},"excerpt":{"rendered":"<p>Wijko Sat\u00e9 saus kant en klaar 270 g Sos Wijko Sat\u00e9 gata preparat 270 g Ideal pentru 5 portii. Ingrediente: apa, arahide 26%, zahar, sos de soia (apa, boabe de soia, sare, grau, conservant (sorbat de potasiu), o\u021bet, praf de zer (lapte), arome (con\u021bin soia), ulei de rapita, amidon modificat, condimente , sambal (ardei ro\u0219ii), [&#8230;]\n","protected":false},"featured_media":28197,"comment_status":"open","ping_status":"closed","template":"","meta":{"_acf_changed":false,"_seopress_robots_primary_cat":"1767","_seopress_titles_title":"Sos sate Wijko Olanda condimente olandeze sosuri sate Wijko","_seopress_titles_desc":"Comanda online sos sate olandez wijko, condimente sate wijko, specialitati olandeze sos sate wijko pentru carne. Cumpara online sate wijko olandez.","_seopress_robots_index":""},"product_brand":[],"product_cat":[1555,3280,1683,1767],"giftcard-category":[],"class_list":{"0":"post-28196","1":"product","2":"type-product","3":"status-publish","4":"has-post-thumbnail","6":"product_cat-bacanie","7":"product_cat-condimente-sosuri","8":"product_cat-conserve-mancare-gatita","9":"product_cat-produse-olanda","11":"first","12":"instock","13":"taxable","14":"shipping-taxable","15":"purchasable","16":"product-type-simple"},"acf":[],"_links":{"self":[{"href":"https:\/\/totalblue.ro\/it\/wp-json\/wp\/v2\/product\/28196","targetHints":{"allow":["GET"]}}],"collection":[{"href":"https:\/\/totalblue.ro\/it\/wp-json\/wp\/v2\/product"}],"about":[{"href":"https:\/\/totalblue.ro\/it\/wp-json\/wp\/v2\/types\/product"}],"replies":[{"embeddable":true,"href":"https:\/\/totalblue.ro\/it\/wp-json\/wp\/v2\/comments?post=28196"}],"wp:featuredmedia":[{"embeddable":true,"href":"https:\/\/totalblue.ro\/it\/wp-json\/wp\/v2\/media\/28197"}],"wp:attachment":[{"href":"https:\/\/totalblue.ro\/it\/wp-json\/wp\/v2\/media?parent=28196"}],"wp:term":[{"taxonomy":"product_brand","embeddable":true,"href":"https:\/\/totalblue.ro\/it\/wp-json\/wp\/v2\/product_brand?post=28196"},{"taxonomy":"product_cat","embeddable":true,"href":"https:\/\/totalblue.ro\/it\/wp-json\/wp\/v2\/product_cat?post=28196"},{"taxonomy":"giftcard-category","embeddable":true,"href":"https:\/\/totalblue.ro\/it\/wp-json\/wp\/v2\/giftcard-category?post=28196"}],"curies":[{"name":"wp","href":"https:\/\/api.w.org\/{rel}","templated":true}]}}