{"id":28222,"date":"2021-03-31T15:28:43","date_gmt":"2021-03-31T12:28:43","guid":{"rendered":"https:\/\/totalblue.ro\/?post_type=product&#038;p=28222"},"modified":"2026-04-01T09:21:45","modified_gmt":"2026-04-01T06:21:45","slug":"crenvursti-de-pui-unox-400-g","status":"publish","type":"product","link":"https:\/\/totalblue.ro\/it\/produs\/crenvursti-de-pui-unox-400-g\/","title":{"rendered":"Salsicce di pollo Unox 400 g"},"content":{"rendered":"<p>Salsicce di pollo Unox 400 g<br \/>\n<strong>Ingrediente: <\/strong>Carnati: carne de pui 38%, carne separatoare de pui 26%, apa, faina de orez, amidon de cartofi, sare, fibre de grau, colagen bovin, colagen de pui, arom\u0103 de fum, stabilizator (E451, E452), ulei de rapit\u0103, piper alb , extract de nucsoara, extract de boia, extract de rozmarin (E301), conservant E250., Se toarn\u0103: apa, sare.<strong><br \/>\nAllergeni:<\/strong> grau<br \/>\n<strong>Preparazione:<\/strong> Intr-o tigaie: inc\u0103lziti de preferint\u0103 crenvursti incet \u00een lichid, fara a le permite sa fiarba. In cuptorul cu microunde: Aseza\u021bi crenvursti unul langa altul pe o farfurie. Incalzitii timp de 1\u00bd minute la 450 Watt. Crenvursti sunt, de asemenea, gustosi si reci.<strong><br \/>\nCondizioni di conservazione:<\/strong><br \/>\nConservare in un luogo fresco e asciutto.<br \/>\nDup\u0103 deschiderea cutiei, crenvursti pot fi pastrati acoperiti timp de 1 zi la frigider.<br \/>\nPrezentare : conserva cu cheita<\/p>\n<p><strong>Valori nutrizionali \/ 100g: <\/strong><br \/>\nEnergie 613 kJ (146 kcal)<br \/>\nGrasimi 8,3 g din care saturati 2,6 g<br \/>\nCarbohidrati 6,4 g din care zaharuri &lt;0,5 g<br \/>\nProteine 13 g<br \/>\nSale 2 g<\/p>\n<div dir=\"auto\">Prodotto nei Paesi Bassi da Unilever Nederland Unox, Postbus 160 3000 AD Rotterdam<br \/>\nImportatore e distributore Total Blue Impex SRL<\/div>\n<div dir=\"auto\">Nuovo! Clicca e ritira <span style=\"font-size: 14.4px\">Totale blu <\/span>!<\/div>\n<div dir=\"auto\">Ordinate i vostri prodotti preferiti e ritirate l'ordine quando avete tempo!<\/div>\n<div dir=\"auto\">Con Click &amp; Collect <span style=\"font-size: 14.4px\">Totale blu <\/span>\u00e8 possibile prenotare i prodotti online, e tra le 08:00-21:00 \u00e8 possibile ritirarli presso la sede situata a Bucarest, Settore 6, Bulevardul Uverturii 69 A<\/div>\n<div dir=\"auto\">Dopo aver effettuato e registrato l'ordine, sarete avvisati (per telefono, e-mail o SMS) quando potrete venire a ritirare il vostro ordine.<\/div>\n<div dir=\"auto\">Nessun costo aggiuntivo per Click &amp; Collect <span style=\"font-size: 14.4px\">Totale blu<\/span><\/div>\n<div dir=\"auto\">Il pagamento degli articoli acquistati pu\u00f2 essere effettuato online al momento dell'ordine oppure in contanti o con carta direttamente in negozio al momento del ritiro.<\/div>\n<div dir=\"auto\">Provate subito il nuovo servizio Click &amp; Collect <span style=\"font-size: 14.4px\">Totale blu <\/span>!<\/div>\n<p><a href=\"https:\/\/totalblue.ro\/wp-content\/uploads\/2021\/02\/beter-leven.jpeg\"><img loading=\"lazy\" decoding=\"async\" class=\"alignnone wp-image-27415\" src=\"https:\/\/totalblue.ro\/wp-content\/uploads\/2021\/02\/beter-leven-711x400.jpeg\" alt=\"\" width=\"188\" height=\"106\" srcset=\"https:\/\/totalblue.ro\/wp-content\/uploads\/2021\/02\/beter-leven-711x400.jpeg 711w, https:\/\/totalblue.ro\/wp-content\/uploads\/2021\/02\/beter-leven-510x287.jpeg 510w, https:\/\/totalblue.ro\/wp-content\/uploads\/2021\/02\/beter-leven-768x432.jpeg 768w, https:\/\/totalblue.ro\/wp-content\/uploads\/2021\/02\/beter-leven-600x337.jpeg 600w, https:\/\/totalblue.ro\/wp-content\/uploads\/2021\/02\/beter-leven-100x56.jpeg 100w, https:\/\/totalblue.ro\/wp-content\/uploads\/2021\/02\/beter-leven.jpeg 978w\" sizes=\"auto, (max-width: 188px) 100vw, 188px\" \/><\/a><\/p>","protected":false},"excerpt":{"rendered":"<p>Salsicce di pollo Unox 400 g<\/p>","protected":false},"featured_media":28223,"comment_status":"open","ping_status":"closed","template":"","meta":{"_acf_changed":false,"_seopress_robots_primary_cat":"none","_seopress_titles_title":"","_seopress_titles_desc":"","_seopress_robots_index":""},"product_brand":[1925],"product_cat":[1555,3272,1767],"giftcard-category":[],"class_list":{"0":"post-28222","1":"product","2":"type-product","3":"status-publish","4":"has-post-thumbnail","6":"product_brand-unox","7":"product_cat-bacanie","8":"product_cat-conserve","9":"product_cat-produse-olanda","11":"first","12":"instock","13":"taxable","14":"shipping-taxable","15":"purchasable","16":"product-type-simple"},"acf":[],"_links":{"self":[{"href":"https:\/\/totalblue.ro\/it\/wp-json\/wp\/v2\/product\/28222","targetHints":{"allow":["GET"]}}],"collection":[{"href":"https:\/\/totalblue.ro\/it\/wp-json\/wp\/v2\/product"}],"about":[{"href":"https:\/\/totalblue.ro\/it\/wp-json\/wp\/v2\/types\/product"}],"replies":[{"embeddable":true,"href":"https:\/\/totalblue.ro\/it\/wp-json\/wp\/v2\/comments?post=28222"}],"wp:featuredmedia":[{"embeddable":true,"href":"https:\/\/totalblue.ro\/it\/wp-json\/wp\/v2\/media\/28223"}],"wp:attachment":[{"href":"https:\/\/totalblue.ro\/it\/wp-json\/wp\/v2\/media?parent=28222"}],"wp:term":[{"taxonomy":"product_brand","embeddable":true,"href":"https:\/\/totalblue.ro\/it\/wp-json\/wp\/v2\/product_brand?post=28222"},{"taxonomy":"product_cat","embeddable":true,"href":"https:\/\/totalblue.ro\/it\/wp-json\/wp\/v2\/product_cat?post=28222"},{"taxonomy":"giftcard-category","embeddable":true,"href":"https:\/\/totalblue.ro\/it\/wp-json\/wp\/v2\/giftcard-category?post=28222"}],"curies":[{"name":"wp","href":"https:\/\/api.w.org\/{rel}","templated":true}]}}