{"id":28326,"date":"2021-04-02T12:02:27","date_gmt":"2021-04-02T09:02:27","guid":{"rendered":"https:\/\/totalblue.ro\/?post_type=product&#038;p=28326"},"modified":"2025-12-15T12:48:55","modified_gmt":"2025-12-15T10:48:55","slug":"condimente-conimex-mix-nasi-speciaal-40-g","status":"publish","type":"product","link":"https:\/\/totalblue.ro\/it\/produs\/condimente-conimex-mix-nasi-speciaal-40-g\/","title":{"rendered":"Condimente Conimex Mix Nasi Speciaal 40 g"},"content":{"rendered":"<p>Conimex Mix nasi speciaal 40 g<br \/>\nCondimente Conimex Mix Nasi Speciaal 40 g<br \/>\nTimp aproximativ de gatire 30 minute.<br \/>\nRecomandat pentru 3-4 persoane.<br \/>\n1 pachet contine 1 plic de amestec de condimente 24 g si 1 plic de amestec legume 16 g<br \/>\nPregati o omleta delicioasa adaugang Mix nasi speciaal. Serviti al\u0103turi de Conimex Prawn Crackers<br \/>\n<strong>Ingrediente:<\/strong> Amestec de condimente: sare, coriandru, extract de drojdie (con\u021bine orz), aroma naturala, usturoi, amidon de cartofi, ghimbir, semin\u021be de chimen, ceapa, zahar, turmeric, praf de sos de soia (sare, faina de grau, soia), praf de boia, ulei de rapita, piper alb, piper de cayenne., Amestec de legume: ceapa, morcov, praz, ulei de rapita.<br \/>\n<strong>Allergeni:<\/strong> contine soia, orz, grau. Poate contine: Oua, lapte, cereale care con\u021bin gluten, telina, mustar<br \/>\n<strong>Stoccaggio:<\/strong> Conservare in un luogo asciutto a temperatura ambiente.<\/p>\n<p><strong>Nutrizione:<\/strong><br \/>\nEnergie 1262 kJ (299 kcal)<br \/>\nGrasime 4.2 g din care satura\u021bi 0,5 g<br \/>\nCarbohidrati 46 g din care zaharuri 17 g<br \/>\nFibre alimentare 15 g<br \/>\nProteine 12 g<br \/>\nSare 16.5 g<\/p>\n<p><strong>Preparazione consigliata:<\/strong><\/p>\n<p>1. Gatiti orezul conform metodei de preparare de pe ambalaj si apoi lasati-l sa se raceasca.<br \/>\n2. Taiati carnea de porc in bucati. Prajiti rapind prin agitare.<br \/>\n3. Pune\u021bi carne de porc tocata \u00een 2 linguri de ulei de wok pan\u0103 se rumeneste. Apoi ad\u0103uga\u021bi bucatele de slanina \u0219i amesteca\u021bi timp de 1 minut.<br \/>\n4. Apoi ad\u0103uga\u021bi pachetul de legume \u0219i mai prajiti timp de 2 minute.<br \/>\n5. Adaugati 100 ml apa. Amestecati.<br \/>\n6. Cand apa s-a evaporat, adauga\u021bi amestecul de orez \u0219i condimente \u0219i incalziti la foc mic. Gata! Pofta Buna!<\/p>\n<p>Conimex si rifornisce di deliziosi e autentici sapori orientali dai Paesi Bassi fin dal 1932 e nel corso degli anni \u00e8 cresciuto fino a diventare un marchio molto conosciuto con una gamma di oltre 150 prodotti. Molte materie prime sono importate direttamente da paesi dell'Estremo Oriente come Indonesia, Cina e Thailandia. Con i prodotti Conimex \u00e8 possibile preparare un ottimo piatto dai deliziosi sapori orientali in pochi e semplici passaggi.<\/p>","protected":false},"excerpt":{"rendered":"<p>Conimex Mix nasi speciaal 40 g<br \/>\nCondimente Conimex Mix Nasi Speciaal 40 g<\/p>","protected":false},"featured_media":28327,"comment_status":"open","ping_status":"closed","template":"","meta":{"_acf_changed":false,"_seopress_robots_primary_cat":"none","_seopress_titles_title":"","_seopress_titles_desc":"Comanda acum Conimex Mix bami speciaal 37g - Condimente Conimex Mix bami Speciaal 37g cu livrare rapida pana la usa ta","_seopress_robots_index":""},"product_brand":[1949],"product_cat":[1555,3280,1451,17494,1767],"giftcard-category":[],"class_list":{"0":"post-28326","1":"product","2":"type-product","3":"status-publish","4":"has-post-thumbnail","6":"product_brand-conimex","7":"product_cat-bacanie","8":"product_cat-condimente-sosuri","9":"product_cat-condimente-produse-instant","10":"product_cat-influente-asiatice","11":"product_cat-produse-olanda","13":"first","14":"outofstock","15":"taxable","16":"shipping-taxable","17":"purchasable","18":"product-type-simple"},"acf":[],"_links":{"self":[{"href":"https:\/\/totalblue.ro\/it\/wp-json\/wp\/v2\/product\/28326","targetHints":{"allow":["GET"]}}],"collection":[{"href":"https:\/\/totalblue.ro\/it\/wp-json\/wp\/v2\/product"}],"about":[{"href":"https:\/\/totalblue.ro\/it\/wp-json\/wp\/v2\/types\/product"}],"replies":[{"embeddable":true,"href":"https:\/\/totalblue.ro\/it\/wp-json\/wp\/v2\/comments?post=28326"}],"wp:featuredmedia":[{"embeddable":true,"href":"https:\/\/totalblue.ro\/it\/wp-json\/wp\/v2\/media\/28327"}],"wp:attachment":[{"href":"https:\/\/totalblue.ro\/it\/wp-json\/wp\/v2\/media?parent=28326"}],"wp:term":[{"taxonomy":"product_brand","embeddable":true,"href":"https:\/\/totalblue.ro\/it\/wp-json\/wp\/v2\/product_brand?post=28326"},{"taxonomy":"product_cat","embeddable":true,"href":"https:\/\/totalblue.ro\/it\/wp-json\/wp\/v2\/product_cat?post=28326"},{"taxonomy":"giftcard-category","embeddable":true,"href":"https:\/\/totalblue.ro\/it\/wp-json\/wp\/v2\/giftcard-category?post=28326"}],"curies":[{"name":"wp","href":"https:\/\/api.w.org\/{rel}","templated":true}]}}