{"id":28387,"date":"2021-04-06T13:45:24","date_gmt":"2021-04-06T10:45:24","guid":{"rendered":"https:\/\/totalblue.ro\/?post_type=product&#038;p=28387"},"modified":"2026-01-24T19:53:44","modified_gmt":"2026-01-24T17:53:44","slug":"supa-de-pui-clara-unox-olanda-570-ml","status":"publish","type":"product","link":"https:\/\/totalblue.ro\/it\/produs\/supa-de-pui-clara-unox-olanda-570-ml\/","title":{"rendered":"Supa de pui clara Unox Olanda 570 ml"},"content":{"rendered":"<p>Quantit\u00e0 ideale per 2 porzioni di zuppa.<br \/>\nUnox Soep in zak heldere kippensoep 570 ml.<br \/>\nSupa de pui clara Unox Olanda 570 ml &#8211; gata preparata<br \/>\nIl marchio olandese Unox produce le migliori zuppe olandesi dal 1957.  Poich\u00e9 Unox lavora continuamente per migliorare i suoi prodotti, oltre alle zuppe classiche, troviamo un'ampia gamma di deliziose zuppe pronte.<br \/>\n<strong>Preparazione:<\/strong>Non mettere la confezione nel microonde! Non cuocere la zuppa! Mettere la zuppa in una ciotola e cuocerla al microonde per 2,5 minuti a circa 750 watt oppure scaldarla direttamente in una casseruola o in una pentola mescolando delicatamente. Dopo il riscaldamento \u00e8 pronta da gustare!<br \/>\n<strong>Ingrediente:<\/strong> apa, legume 11% (morcov 4,1%, praz 2%, ceapa 2%, mazare 1,8%, fasole verde 1,3%), carne de pui 4,7%, taietei 2,2% (grau tare, proteine de ou uscate), amidon de cartofi , grasime de pui 1%, sare, aroma naturala, extract de drojdie, intensificator de arom\u0103 E621, aroma, frunze de dafin, nucsoar\u0103, curcuma, antioxidant: extract de rozmarin, cultivat \u00een mod durabil.<br \/>\nFara zaharuri adaugate.<br \/>\n<strong>Stoccaggio:<\/strong> Dopo l'apertura del sacchetto, questa zuppa pu\u00f2 essere conservata in frigorifero per un massimo di 2 giorni. Chiudere il sacchetto.<br \/>\n<strong>Allergeni:<\/strong> Con\u021bine:Ou\u0103, gr\u00e2u<br \/>\nProdotto nei Paesi Bassi da Unilever Nederland Unox, Postbus 160 3000 AD Rotterdam<br \/>\nImportatore e distributore Total Blue Impex SRL<br \/>\nValori nutrizionali per 100 ml:<br \/>\nEnergie 151 kJ (36 kcal)<br \/>\nGr\u0103simi 1,4 g din care satura\u021bi 0,4 g<br \/>\nCarbohidra\u021bi 3.6 g din care zaharuri 0,6 g<br \/>\nFibre dietetice &lt; 0,5 g<br \/>\nProteine \u200b\u200b1.9 g<br \/>\nSale 0,66 g<\/p>","protected":false},"excerpt":{"rendered":"<p>Unox Soep in zak heldere kippensoep 570 ml.<br \/>\nSupa de pui clara Unox Olanda 570 ml &#8211; gata preparata<\/p>","protected":false},"featured_media":217796,"comment_status":"open","ping_status":"closed","template":"","meta":{"_acf_changed":false,"_seopress_robots_primary_cat":"none","_seopress_titles_title":"","_seopress_titles_desc":"Comanda acum Unox Soep in zak heldere kippensoep 570 ml. Supa de pui clara Unox Olanda 570 ml - gata preparata","_seopress_robots_index":""},"product_brand":[1925],"product_cat":[1555,1683,3272,1767],"giftcard-category":[],"class_list":{"0":"post-28387","1":"product","2":"type-product","3":"status-publish","4":"has-post-thumbnail","6":"product_brand-unox","7":"product_cat-bacanie","8":"product_cat-conserve-mancare-gatita","9":"product_cat-conserve","10":"product_cat-produse-olanda","12":"first","13":"outofstock","14":"taxable","15":"shipping-taxable","16":"purchasable","17":"product-type-simple"},"acf":[],"_links":{"self":[{"href":"https:\/\/totalblue.ro\/it\/wp-json\/wp\/v2\/product\/28387","targetHints":{"allow":["GET"]}}],"collection":[{"href":"https:\/\/totalblue.ro\/it\/wp-json\/wp\/v2\/product"}],"about":[{"href":"https:\/\/totalblue.ro\/it\/wp-json\/wp\/v2\/types\/product"}],"replies":[{"embeddable":true,"href":"https:\/\/totalblue.ro\/it\/wp-json\/wp\/v2\/comments?post=28387"}],"wp:featuredmedia":[{"embeddable":true,"href":"https:\/\/totalblue.ro\/it\/wp-json\/wp\/v2\/media\/217796"}],"wp:attachment":[{"href":"https:\/\/totalblue.ro\/it\/wp-json\/wp\/v2\/media?parent=28387"}],"wp:term":[{"taxonomy":"product_brand","embeddable":true,"href":"https:\/\/totalblue.ro\/it\/wp-json\/wp\/v2\/product_brand?post=28387"},{"taxonomy":"product_cat","embeddable":true,"href":"https:\/\/totalblue.ro\/it\/wp-json\/wp\/v2\/product_cat?post=28387"},{"taxonomy":"giftcard-category","embeddable":true,"href":"https:\/\/totalblue.ro\/it\/wp-json\/wp\/v2\/giftcard-category?post=28387"}],"curies":[{"name":"wp","href":"https:\/\/api.w.org\/{rel}","templated":true}]}}