{"id":28676,"date":"2021-04-14T15:54:33","date_gmt":"2021-04-14T12:54:33","guid":{"rendered":"https:\/\/totalblue.ro\/?post_type=product&#038;p=28676"},"modified":"2023-02-08T11:24:40","modified_gmt":"2023-02-08T09:24:40","slug":"pfanner-suc-de-ananas-1-l","status":"publish","type":"product","link":"https:\/\/totalblue.ro\/it\/produs\/pfanner-suc-de-ananas-1-l\/","title":{"rendered":"Pfanner Suc de Ananas 1 L"},"content":{"rendered":"<p>Pfanner Suc de Ananas 1 L<br \/>\nSucul Pfanner din ananas 100% v\u0103 r\u0103sfa\u0163\u0103 sim\u0163urile cu gustul intens al fructelor \u015fi este o adev\u0103rat\u0103 surs\u0103 de vitamina C. Con\u021bine doar zaharuri prezente \u00een mod natural din fructe. Ananasul \u0219i-a dob\u00e2ndit reputa\u0163ia de rege al fructelor tropicale datorit\u0103 \u201ecoroanei sale\u201d. Nu f\u0103r\u0103 motiv \u00eens\u0103: pulpa galben-str\u0103lucitoare \u015fi plin\u0103 de savoare are o arom\u0103 unic\u0103 \u0219i un gust intens. Exist\u0103 multe tipuri de ananas, de la acri\u015for la foarte dulce. Pentru 1 litru de ananas Pfanner se folosesc \u00een jur de 2 kg din cele mai bune fructe coapte la soare \u0219i atent selectate.<br \/>\n<strong>Condizioni di conservazione:<\/strong> Dupa deschidere, produsul se va pastra in frigider si se va consuma in 3-4 zile. Produs pasteurizat, nu contine conservanti. A se consuma, de preferinta, inainte de data imprimata pe ambalaj.<br \/>\n<strong>Dettagli di utilizzo:<\/strong> Se va agita inainte de a fi consumat si se va servi rece.<br \/>\nAmbalaj: Tetrapack<br \/>\nProdus din: Ananas<br \/>\nAspect: Galben deschis<br \/>\nMiros: Fructe exotice<br \/>\nGust: Ananas<br \/>\n<strong>Nutrizione:<br \/>\n<\/strong>Valoare energetica pe 100g produs KJ 215 kJ<br \/>\nGrasimi-Lipide &lt;0.5 g<br \/>\nValoare energetica pe 100g produs Kcal 51 kcal<br \/>\nProteine &lt;0.5 g<br \/>\nGlucide-Carbohidrati 12 g<br \/>\nGlucide, din care zaharuri 11 g<br \/>\nSodiu-Sare &lt;0.01 g<br \/>\nGrasimi, din care acizi grasi saturati &lt;0.1 g<\/p>\n<p><a href=\"https:\/\/totalblue.ro\/wp-content\/uploads\/2021\/02\/vegetarian.jpeg\"><img loading=\"lazy\" decoding=\"async\" class=\"alignnone wp-image-27413\" src=\"https:\/\/totalblue.ro\/wp-content\/uploads\/2021\/02\/vegetarian.jpeg\" alt=\"\" width=\"138\" height=\"138\" srcset=\"https:\/\/totalblue.ro\/wp-content\/uploads\/2021\/02\/vegetarian.jpeg 225w, https:\/\/totalblue.ro\/wp-content\/uploads\/2021\/02\/vegetarian-100x100.jpeg 100w\" sizes=\"auto, (max-width: 138px) 100vw, 138px\" \/><\/a><\/p>","protected":false},"excerpt":{"rendered":"<p>Pfanner Suc de Ananas 1 L<\/p>","protected":false},"featured_media":28679,"comment_status":"open","ping_status":"closed","template":"","meta":{"_acf_changed":false,"_seopress_robots_primary_cat":"none","_seopress_titles_title":"","_seopress_titles_desc":"Comanda acum Pfanner Suc de Ananas 1 L cu livrare rapida pana la usa ta.","_seopress_robots_index":""},"product_brand":[2025],"product_cat":[1354],"giftcard-category":[],"class_list":{"0":"post-28676","1":"product","2":"type-product","3":"status-publish","4":"has-post-thumbnail","6":"product_brand-pfanner","7":"product_cat-apa-plata-apa-minerala-sucuri","9":"first","10":"outofstock","11":"taxable","12":"shipping-taxable","13":"purchasable","14":"product-type-simple"},"acf":[],"_links":{"self":[{"href":"https:\/\/totalblue.ro\/it\/wp-json\/wp\/v2\/product\/28676","targetHints":{"allow":["GET"]}}],"collection":[{"href":"https:\/\/totalblue.ro\/it\/wp-json\/wp\/v2\/product"}],"about":[{"href":"https:\/\/totalblue.ro\/it\/wp-json\/wp\/v2\/types\/product"}],"replies":[{"embeddable":true,"href":"https:\/\/totalblue.ro\/it\/wp-json\/wp\/v2\/comments?post=28676"}],"wp:featuredmedia":[{"embeddable":true,"href":"https:\/\/totalblue.ro\/it\/wp-json\/wp\/v2\/media\/28679"}],"wp:attachment":[{"href":"https:\/\/totalblue.ro\/it\/wp-json\/wp\/v2\/media?parent=28676"}],"wp:term":[{"taxonomy":"product_brand","embeddable":true,"href":"https:\/\/totalblue.ro\/it\/wp-json\/wp\/v2\/product_brand?post=28676"},{"taxonomy":"product_cat","embeddable":true,"href":"https:\/\/totalblue.ro\/it\/wp-json\/wp\/v2\/product_cat?post=28676"},{"taxonomy":"giftcard-category","embeddable":true,"href":"https:\/\/totalblue.ro\/it\/wp-json\/wp\/v2\/giftcard-category?post=28676"}],"curies":[{"name":"wp","href":"https:\/\/api.w.org\/{rel}","templated":true}]}}