{"id":28727,"date":"2021-04-16T14:15:05","date_gmt":"2021-04-16T11:15:05","guid":{"rendered":"https:\/\/totalblue.ro\/?post_type=product&#038;p=28727"},"modified":"2024-05-16T17:33:09","modified_gmt":"2024-05-16T14:33:09","slug":"birra-amstel-blonde-premium-033l-bottiglia","status":"publish","type":"product","link":"https:\/\/totalblue.ro\/it\/produs\/amstel-bere-blonda-premium-033l-sticla\/","title":{"rendered":"Amstel premium lager 0,30L, bottiglia, Importazione Olanda"},"content":{"rendered":"<p>Lager lager ora anche in bottiglia a perdere da 300ML<\/p>\n<p>1 navetta contiene 24 bottiglie.<br \/>\nIl prezzo si riferisce a 1 pezzo di bottiglia di Amstel.<\/p>\n<p>Alcool: 5% vol.<br \/>\nProdotto pastorizzato.<br \/>\nProdotto disponibile online<br \/>\nUna Premium Lager dal gusto leggermente amaro e dall'aroma accessibile. La qualit\u00e0 degli ingredienti e la tradizione danno credibilit\u00e0 alle promesse fatte: sapore unico, qualit\u00e0 superiore, attenzione a ogni dettaglio e tradizione.<\/p>\n<p>L'Amstel \u00e8 una birra tradizionale che rinfresca in qualsiasi giornata estiva. Ha un sapore che piace a tutti i vostri amici, ed \u00e8 per questo che ne tenete sempre qualche bottiglia in frigorifero per i giorni in cui siete in compagnia. La birra \u00e8 pi\u00f9 buona se servita con gli amici, in quantit\u00e0 moderate.<br \/>\nConsigli per la conservazione \/ l'uso \/ la preparazione: Conservare al riparo dalle alte temperature e dal gelo.<br \/>\nBugie legali: l'alcol nuoce gravemente alla salute. Bevete con moderazione. \u00c8 vietata la vendita ai minori di 18 anni.<br \/>\nIngredienti:acqua, malto d'orzo, orzo, luppolo<br \/>\nNutrizione:<br \/>\nEnergia 173 kJ (41 kcal)<br \/>\nGrassi 0 g di cui grassi saturi 0 g<br \/>\nCarboidrati 3,1 g di cui zuccheri 0 g<br \/>\nProteine 0 g<br \/>\nSale &lt; 0,01 g<\/p>\n<p>Prodotto sotto la supervisione di Amstel Consumentenservice<br \/>\nAntwoordnummer 7181, 1000 PA Amsterdam<br \/>\nBugie legali: l'alcol nuoce gravemente alla salute. Bevete con moderazione. La vendita ai minori di 18 anni \u00e8 vietata. www.desprealcool.ro<\/p>\n<p><a href=\"https:\/\/totalblue.ro\/wp-content\/uploads\/2021\/04\/under-18.jpg\"><img loading=\"lazy\" decoding=\"async\" class=\"alignnone wp-image-30757\" src=\"https:\/\/totalblue.ro\/wp-content\/uploads\/2021\/04\/under-18-400x400.jpg\" alt=\"\" width=\"95\" height=\"95\" srcset=\"https:\/\/totalblue.ro\/wp-content\/uploads\/2021\/04\/under-18-400x400.jpg 400w, https:\/\/totalblue.ro\/wp-content\/uploads\/2021\/04\/under-18-100x100.jpg 100w, https:\/\/totalblue.ro\/wp-content\/uploads\/2021\/04\/under-18-510x510.jpg 510w, https:\/\/totalblue.ro\/wp-content\/uploads\/2021\/04\/under-18-280x280.jpg 280w, https:\/\/totalblue.ro\/wp-content\/uploads\/2021\/04\/under-18.jpg 600w\" sizes=\"auto, (max-width: 95px) 100vw, 95px\" \/><\/a><a href=\"https:\/\/totalblue.ro\/wp-content\/uploads\/2021\/06\/drink-drive.jpg\"><img loading=\"lazy\" decoding=\"async\" class=\"alignnone wp-image-30761\" src=\"https:\/\/totalblue.ro\/wp-content\/uploads\/2021\/06\/drink-drive.jpg\" alt=\"\" width=\"95\" height=\"93\" srcset=\"https:\/\/totalblue.ro\/wp-content\/uploads\/2021\/06\/drink-drive.jpg 344w, https:\/\/totalblue.ro\/wp-content\/uploads\/2021\/06\/drink-drive-100x98.jpg 100w\" sizes=\"auto, (max-width: 95px) 100vw, 95px\" \/><\/a><a href=\"https:\/\/totalblue.ro\/wp-content\/uploads\/2021\/06\/bere-gravide02.jpg\"><img loading=\"lazy\" decoding=\"async\" class=\"alignnone wp-image-30771\" src=\"https:\/\/totalblue.ro\/wp-content\/uploads\/2021\/06\/bere-gravide02-403x400.jpg\" alt=\"\" width=\"94\" height=\"93\" srcset=\"https:\/\/totalblue.ro\/wp-content\/uploads\/2021\/06\/bere-gravide02-403x400.jpg 403w, https:\/\/totalblue.ro\/wp-content\/uploads\/2021\/06\/bere-gravide02-100x99.jpg 100w, https:\/\/totalblue.ro\/wp-content\/uploads\/2021\/06\/bere-gravide02-510x507.jpg 510w, https:\/\/totalblue.ro\/wp-content\/uploads\/2021\/06\/bere-gravide02-805x800.jpg 805w, https:\/\/totalblue.ro\/wp-content\/uploads\/2021\/06\/bere-gravide02-280x280.jpg 280w, https:\/\/totalblue.ro\/wp-content\/uploads\/2021\/06\/bere-gravide02-768x763.jpg 768w, https:\/\/totalblue.ro\/wp-content\/uploads\/2021\/06\/bere-gravide02-600x596.jpg 600w, https:\/\/totalblue.ro\/wp-content\/uploads\/2021\/06\/bere-gravide02.jpg 895w\" sizes=\"auto, (max-width: 94px) 100vw, 94px\" \/><\/a><\/p>","protected":false},"excerpt":{"rendered":"<p>Bere blonda de tip lager acum si in sticla nereturnabila de 300ML 1 naveta contine 24 de sticle. Pretul afisat este pentru 1 bucata sticla Amstel. Alcool: 5% vol. Produs pasteurizat. Produs disponibil on-line O bere de tip Premium Lager, cu un gust usor amarui si o aroma accesibila. Calitatea ingredientelor si traditia confera credibilitate [&#8230;]\n","protected":false},"featured_media":39809,"comment_status":"open","ping_status":"closed","template":"","meta":{"_acf_changed":false,"_seopress_robots_primary_cat":"none","_seopress_titles_title":"","_seopress_titles_desc":"","_seopress_robots_index":""},"product_brand":[2031],"product_cat":[1519,1767,3312],"giftcard-category":[],"class_list":{"0":"post-28727","1":"product","2":"type-product","3":"status-publish","4":"has-post-thumbnail","6":"product_brand-amstel","7":"product_cat-bauturi-alcoolice-bere","8":"product_cat-produse-olanda","9":"product_cat-bauturi-racoritoare-produse-olanda","11":"first","12":"outofstock","13":"taxable","14":"shipping-taxable","15":"purchasable","16":"product-type-simple"},"acf":[],"_links":{"self":[{"href":"https:\/\/totalblue.ro\/it\/wp-json\/wp\/v2\/product\/28727","targetHints":{"allow":["GET"]}}],"collection":[{"href":"https:\/\/totalblue.ro\/it\/wp-json\/wp\/v2\/product"}],"about":[{"href":"https:\/\/totalblue.ro\/it\/wp-json\/wp\/v2\/types\/product"}],"replies":[{"embeddable":true,"href":"https:\/\/totalblue.ro\/it\/wp-json\/wp\/v2\/comments?post=28727"}],"wp:featuredmedia":[{"embeddable":true,"href":"https:\/\/totalblue.ro\/it\/wp-json\/wp\/v2\/media\/39809"}],"wp:attachment":[{"href":"https:\/\/totalblue.ro\/it\/wp-json\/wp\/v2\/media?parent=28727"}],"wp:term":[{"taxonomy":"product_brand","embeddable":true,"href":"https:\/\/totalblue.ro\/it\/wp-json\/wp\/v2\/product_brand?post=28727"},{"taxonomy":"product_cat","embeddable":true,"href":"https:\/\/totalblue.ro\/it\/wp-json\/wp\/v2\/product_cat?post=28727"},{"taxonomy":"giftcard-category","embeddable":true,"href":"https:\/\/totalblue.ro\/it\/wp-json\/wp\/v2\/giftcard-category?post=28727"}],"curies":[{"name":"wp","href":"https:\/\/api.w.org\/{rel}","templated":true}]}}