{"id":28880,"date":"2021-04-20T16:29:22","date_gmt":"2021-04-20T13:29:22","guid":{"rendered":"https:\/\/totalblue.ro\/?post_type=product&#038;p=28880"},"modified":"2026-03-24T12:37:50","modified_gmt":"2026-03-24T10:37:50","slug":"arahide-cu-strat-crocant-poesta-duyvis-275-g","status":"publish","type":"product","link":"https:\/\/totalblue.ro\/it\/produs\/arahide-cu-strat-crocant-poesta-duyvis-275-g\/","title":{"rendered":"Arahide cu strat crocant Poesta Duyvis 275 g"},"content":{"rendered":"<p>Duyvis Borrelnootjes poesta 275 g<br \/>\nArahide cu strat crocant Poesta Duyvis 275 g<\/p>\n<p><span class=\"HwtZe\" lang=\"ro\"><span class=\"jCAhz JxVs2d ChMk0b\"><span class=\"ryNqvb\">Arahidele crocante de la Duyvis sunt o specialitate rafinat\u0103 care se va potrivi perfect \u00een aperitivele tale, \u00eenso\u021bind b\u0103utura ta preferat\u0103.<\/span><\/span> <span class=\"jCAhz JxVs2d ChMk0b\"><span class=\"ryNqvb\">Pline de arom\u0103, aceste alune au o mu\u0219c\u0103tur\u0103 dubl\u0103 crocant\u0103 pe care o vei adora.<br \/>\nIngrediente : 46% arahide, amidon de grau, ulei de floarea soarelui, zaharuri, gust savuros de lapte praf zer, ierburi si condimente cu praf de ceapa, coriandru si piper alb, aroma contine telina, clorura de potasiu, aroma de fum, acid citric, sare, coloranti curcumina, sfecla rosie concentrat \u0219i suc concentrat de sfecl\u0103 ro\u0219ie, poate con\u021bine urme de diferite specii de nuci.<br \/>\nValori nutrizionali \/ 100 g:<br \/>\nEnergie 2246 kJ \/ 539 kcal<br \/>\nGrasimi 34 g din care acizi gra\u0219i saturati 4.9 g<br \/>\nCarbohidrati 41 g dintre care zaharuri 6.4 g<br \/>\nFibra 3 g<br \/>\nProteine 15 g<br \/>\nSare 1.4 g<br \/>\n<\/span><\/span> <\/span><\/p>\n<p><a href=\"https:\/\/totalblue.ro\/wp-content\/uploads\/2022\/05\/nutriscore-d.jpg\"><img loading=\"lazy\" decoding=\"async\" class=\"alignnone wp-image-53397\" src=\"https:\/\/totalblue.ro\/wp-content\/uploads\/2022\/05\/nutriscore-d.jpg\" alt=\"\" width=\"127\" height=\"69\" srcset=\"https:\/\/totalblue.ro\/wp-content\/uploads\/2022\/05\/nutriscore-d.jpg 300w, https:\/\/totalblue.ro\/wp-content\/uploads\/2022\/05\/nutriscore-d-96x52.jpg 96w, https:\/\/totalblue.ro\/wp-content\/uploads\/2022\/05\/nutriscore-d-42x23.jpg 42w, https:\/\/totalblue.ro\/wp-content\/uploads\/2022\/05\/nutriscore-d-60x33.jpg 60w, https:\/\/totalblue.ro\/wp-content\/uploads\/2022\/05\/nutriscore-d-100x54.jpg 100w\" sizes=\"auto, (max-width: 127px) 100vw, 127px\" \/><\/a><\/p>","protected":false},"excerpt":{"rendered":"<p>Duyvis Borrelnootjes poesta 275 g<br \/>\nArahide cu strat crocant Poesta Duyvis 275 g<\/p>","protected":false},"featured_media":28881,"comment_status":"open","ping_status":"closed","template":"","meta":{"_acf_changed":false,"_seopress_robots_primary_cat":"1767","_seopress_titles_title":"Arahide cu strat crocant, alune Duyvis, alune Poesta Duyvis Olanda - Total Blue","_seopress_titles_desc":"Cumpara online alune si arahide Duyvis Poesta, alune ieftine, alune si arahide cu livrare rapida. Magazin online cu produse Olanda si Germania.Ieftin","_seopress_robots_index":""},"product_brand":[2016],"product_cat":[1555,7021,3338,1767],"giftcard-category":[],"class_list":{"0":"post-28880","1":"product","2":"type-product","3":"status-publish","4":"has-post-thumbnail","6":"product_brand-duyvis","7":"product_cat-bacanie","8":"product_cat-dulciuri-snacks","9":"product_cat-dulciuri-snacksuri","10":"product_cat-produse-olanda","12":"first","13":"outofstock","14":"taxable","15":"shipping-taxable","16":"purchasable","17":"product-type-simple"},"acf":[],"_links":{"self":[{"href":"https:\/\/totalblue.ro\/it\/wp-json\/wp\/v2\/product\/28880","targetHints":{"allow":["GET"]}}],"collection":[{"href":"https:\/\/totalblue.ro\/it\/wp-json\/wp\/v2\/product"}],"about":[{"href":"https:\/\/totalblue.ro\/it\/wp-json\/wp\/v2\/types\/product"}],"replies":[{"embeddable":true,"href":"https:\/\/totalblue.ro\/it\/wp-json\/wp\/v2\/comments?post=28880"}],"wp:featuredmedia":[{"embeddable":true,"href":"https:\/\/totalblue.ro\/it\/wp-json\/wp\/v2\/media\/28881"}],"wp:attachment":[{"href":"https:\/\/totalblue.ro\/it\/wp-json\/wp\/v2\/media?parent=28880"}],"wp:term":[{"taxonomy":"product_brand","embeddable":true,"href":"https:\/\/totalblue.ro\/it\/wp-json\/wp\/v2\/product_brand?post=28880"},{"taxonomy":"product_cat","embeddable":true,"href":"https:\/\/totalblue.ro\/it\/wp-json\/wp\/v2\/product_cat?post=28880"},{"taxonomy":"giftcard-category","embeddable":true,"href":"https:\/\/totalblue.ro\/it\/wp-json\/wp\/v2\/giftcard-category?post=28880"}],"curies":[{"name":"wp","href":"https:\/\/api.w.org\/{rel}","templated":true}]}}